{"id":9979,"date":"2022-07-15T10:02:34","date_gmt":"2022-07-25T08:10:44","guid":{"rendered":"https:\/\/factory.sale\/?post_type=product&#038;p=9979"},"modified":"2024-06-26T17:31:18","modified_gmt":"2024-06-26T17:31:18","slug":"jaatme-prugikast-narcissus","status":"publish","type":"product","link":"https:\/\/factory.sale\/et\/toode\/jaatme-prugikast-narcissus\/","title":{"rendered":"J\u00e4\u00e4tme pr\u00fcgikast &#8220;Narcissus&#8221;"},"content":{"rendered":"<p>T\u00e4helepanuv\u00e4\u00e4rne, lihtne ja elegantne vorm sobib suurep\u00e4raselt avalikesse kohtadesse.<br \/>\nMida rohkem inimesed tarbivad, seda rohkem tekib j\u00e4\u00e4tmeid.<br \/>\nJ\u00e4\u00e4tmete probleemist ei saa lahti neid niisama \u00e4ra visates.<br \/>\nT\u00e4nap\u00e4evase tehnoloogiaga saab kasutuks muutunud pakenditest valmistada uusi tooteid ja k\u00f5ik eeldusel, et pakendij\u00e4\u00e4tmeid eraldatakse muust pr\u00fcgist.<\/p>\n<p>&nbsp;<\/p>\n<p>&nbsp;<\/p>\n<p><strong>Lisainformatsioon<\/strong>:<\/p>\n<ul>\n<li>Koguk\u00f5rgus: 106 cm<\/li>\n<li>Pikkus: 112 cm<\/li>\n<li>Laius: 37 cm<\/li>\n<li>Maht: 3 x 75 L<\/li>\n<li>Kinnitus: maapealne<\/li>\n<li>Materjal: teras, puit(kuusk)<\/li>\n<li>Kuumtsingitud, pulberv\u00e4rvitud<\/li>\n<li>Puidu viimistlus(valikuline): Mahagon, tiikpuu, palisander<\/li>\n<li>Sildi tekst vastavalt kliendi soovile.<\/li>\n<li>Garantii 2 aastat<\/li>\n<li>Tarne 2-4 n\u00e4dalat<\/li>\n<li>Sertifikaat: PN EN 1176<\/li>\n<\/ul>\n","protected":false},"excerpt":{"rendered":"<p>T\u00e4helepanuv\u00e4\u00e4rne, lihtne ja elegantne vorm sobib suurep\u00e4raselt avalikesse kohtadesse.<\/p>\n","protected":false},"featured_media":9982,"comment_status":"open","ping_status":"closed","template":"","meta":{"_acf_changed":false},"factory":[],"free-shipment":[],"product_brand":[],"product_cat":[1100,1116],"product_tag":[],"class_list":{"0":"post-9979","1":"product","2":"type-product","3":"status-publish","4":"has-post-thumbnail","6":"product_cat-linnamoobel","7":"product_cat-prugikastid","9":"first","10":"instock","11":"sale","12":"taxable","13":"shipping-taxable","14":"purchasable","15":"product-type-simple"},"acf":[],"_links":{"self":[{"href":"https:\/\/factory.sale\/et\/wp-json\/wp\/v2\/product\/9979","targetHints":{"allow":["GET"]}}],"collection":[{"href":"https:\/\/factory.sale\/et\/wp-json\/wp\/v2\/product"}],"about":[{"href":"https:\/\/factory.sale\/et\/wp-json\/wp\/v2\/types\/product"}],"replies":[{"embeddable":true,"href":"https:\/\/factory.sale\/et\/wp-json\/wp\/v2\/comments?post=9979"}],"wp:featuredmedia":[{"embeddable":true,"href":"https:\/\/factory.sale\/et\/wp-json\/wp\/v2\/media\/9982"}],"wp:attachment":[{"href":"https:\/\/factory.sale\/et\/wp-json\/wp\/v2\/media?parent=9979"}],"wp:term":[{"taxonomy":"factory","embeddable":true,"href":"https:\/\/factory.sale\/et\/wp-json\/wp\/v2\/factory?post=9979"},{"taxonomy":"free-shipment","embeddable":true,"href":"https:\/\/factory.sale\/et\/wp-json\/wp\/v2\/free-shipment?post=9979"},{"taxonomy":"product_brand","embeddable":true,"href":"https:\/\/factory.sale\/et\/wp-json\/wp\/v2\/product_brand?post=9979"},{"taxonomy":"product_cat","embeddable":true,"href":"https:\/\/factory.sale\/et\/wp-json\/wp\/v2\/product_cat?post=9979"},{"taxonomy":"product_tag","embeddable":true,"href":"https:\/\/factory.sale\/et\/wp-json\/wp\/v2\/product_tag?post=9979"}],"curies":[{"name":"wp","href":"https:\/\/api.w.org\/{rel}","templated":true}]}}