{"id":99663,"date":"2025-02-10T00:43:15","date_gmt":"2025-02-09T21:46:33","guid":{"rendered":"https:\/\/factory.sale\/?post_type=product&#038;p=99663"},"modified":"2025-02-10T02:29:37","modified_gmt":"2025-02-09T23:29:37","slug":"harvia-moderna-v80xe-elektriline-saunakeris-80-kw-juhtpaneeliga-must","status":"publish","type":"product","link":"https:\/\/factory.sale\/et\/toode\/harvia-moderna-v80xe-elektriline-saunakeris-80-kw-juhtpaneeliga-must\/","title":{"rendered":"Harvia Moderna v80xe elektriline saunakeris, 8,0 kW, juhtpaneeliga, must"},"content":{"rendered":"<p>Harvia Moderna on elektriliste saunakeriste tippklass. See soojendab teie sauna kiiresti ning t\u00e4nu digitaalsele juhtimisele saate temperatuuri h\u00f5lpsalt oma eelistustele vastavalt seadistada \u2013 t\u00e4psusega \u00fche kraadini. Eraldi elektrooniline andur tagab kogu saunaseansi ajal \u00fchtlase temperatuuri.<\/p>\n<p>Moderna digitaalne Xenio XE juhtpaneel v\u00f5imaldab mitmek\u00fclgset ja sujuvat sauna kasutamist. K\u00f5ik funktsioonid on integreeritud otse \u00fchendatud Moderna kerisesse, mis muudab paigaldamise lihtsaks nii uutesse kui ka olemasolevatesse saunadesse.<\/p>\n<p>Xenio juhtpaneeli valgustatud puutetundlike nuppude abil saate juhtida sauna funktsioone ka h\u00e4maras valguses. Reguleerige temperatuuri, valgustust ja ajastusi otse paneelilt. Ajastuse funktsioon v\u00f5imaldab teil sauna soovitud ajaks eelsoojendada. Juhtpaneeli saab paigaldada sauna sisse, kus see toimib ka digitaalse saunatermomeetrina. XE mudel toetab kaugk\u00e4ivitust ning turvaseadmeid saab h\u00f5lpsasti otse kerisega \u00fchendada.<\/p>\n<p>Moderna XE mudelit saab t\u00e4iendada kaugjuhtimisega, kasutades Xenio WiFi lisatarvikute paketti ja MyHarvia mobiilirakendust.<\/p>\n<p>&nbsp;<\/p>\n<p><strong>Digitaalse disainiga saunakeris<\/strong><\/p>\n<p>Moderna XE, seinale paigaldatav elektriline saunakeris koos digitaaljuhtimisega, soojendab sauna kiiresti mugavaks temperatuuriks ja tagab meeldivad ning tugevad leilid.<\/p>\n<p>See pakub mitmek\u00fclgset funktsionaalsust ning seda on lihtne paigaldada nii uutesse kui ka olemasolevatesse saunadesse. See ei vaja eraldi kuivruumi juhtimiskeskust, kuna k\u00f5ik \u00fchendused \u2013 n\u00e4iteks juhtpaneel, ukseandur ja temperatuuriandur \u2013 \u00fchendatakse otse kerisega.<\/p>\n<p>Xenio juhtpaneel on varustatud valgustatud puutetundlike nuppude ja digitaalse ekraaniga. Xenio XE paneeliga saate kerise h\u00f5lpsalt soovitud ajal ja temperatuuril sisse l\u00fclitada, juhtida sauna valgustust ning j\u00e4lgida sauna temperatuuri.<\/p>\n<p>Moderna XE mudelit saab h\u00f5lpsasti MyHarvia rakendusega \u00fchilduvaks muuta, kasutades Xenio WiFi lisatarvikut, mis v\u00f5imaldab saunafunktsioone juhtida telefoni kaudu. Lisateavet MyHarvia rakenduse kohta leiate aadressilt www.myharvia.com.<\/p>\n<p>Kodukasutuseks vajalikud kaugjuhtimise turvaseadmed, n\u00e4iteks ukseandur v\u00f5i kerise turvaseade, saab otse kerisega \u00fchendada. Kaugkasutuse ukseanduri funktsiooni saab aktiveerida otse Xenio juhtpaneelilt.<\/p>\n<p>T\u00e4nu digitaalsele juhtimisele ja v\u00e4ikestele kaitsekaugustele sobib Moderna elektrikeris eriti h\u00e4sti saunapinkidesse integreerimiseks.<\/p>\n<p>&nbsp;<\/p>\n<p>&nbsp;<\/p>\n<p><strong>Tehnilised andmed:<\/strong><\/p>\n<table class=\"sauna-table-properties\" style=\"height: 394px;\" width=\"604\">\n<tbody>\n<tr>\n<td>Tootekood:<\/td>\n<td class=\"sauna-properties-value-box \">HVE804XEM<\/td>\n<\/tr>\n<tr>\n<td class=\"hightLight\">V\u00f5imsus, kW:<\/td>\n<td class=\"sauna-properties-value-box hightLight\">8,0<\/td>\n<\/tr>\n<tr>\n<td>Sauna suurus (min &#8211; max), m\u00b3:<\/td>\n<td class=\"sauna-properties-value-box \">7-12<\/td>\n<\/tr>\n<tr>\n<td class=\"hightLight\">M\u00f5\u00f5tmed (KxLxS), mm:<\/td>\n<td class=\"sauna-properties-value-box hightLight\">580 \/ 410 \/ 310<\/td>\n<\/tr>\n<tr>\n<td>Kaal, kg:<\/td>\n<td class=\"sauna-properties-value-box \">15<\/td>\n<\/tr>\n<tr>\n<td class=\"hightLight\">Kivide maksimaalne kaal, kg:<\/td>\n<td class=\"sauna-properties-value-box hightLight\">25<\/td>\n<\/tr>\n<tr>\n<td>Minimaalsed kaitsekaugused (lagi \/ k\u00fcljed), mm:<\/td>\n<td class=\"sauna-properties-value-box \">1100 \/ 50<\/td>\n<\/tr>\n<tr>\n<td class=\"hightLight\">Pinge:<\/td>\n<td class=\"sauna-properties-value-box hightLight\">230 V 1N~ \/ 400 V 3N~<\/td>\n<\/tr>\n<tr>\n<td>Kaitse, A:<\/td>\n<td class=\"sauna-properties-value-box \">1 x 35 \/ 3 x 16<\/td>\n<\/tr>\n<tr>\n<td class=\"hightLight\">\u00dchenduskaabel (mm\u00b2):<\/td>\n<td class=\"sauna-properties-value-box hightLight\">3 x 6 \/ 5 x 2,5<\/td>\n<\/tr>\n<tr>\n<td>Juhtpaneel:<\/td>\n<td class=\"sauna-properties-value-box \">Komplektis<\/td>\n<\/tr>\n<tr>\n<td class=\"hightLight\">Veepaagi maht (l):<\/td>\n<td class=\"sauna-properties-value-box hightLight\">&#8211;<\/td>\n<\/tr>\n<tr>\n<td>Kivid:<\/td>\n<td class=\"sauna-properties-value-box \">Ei kuulu komplekti<\/td>\n<\/tr>\n<\/tbody>\n<\/table>\n<p>&nbsp;<\/p>\n<p>Saunakivid on saadaval eraldi ostmiseks \u2013 <a href=\"https:\/\/factory.sale\/et\/product-category\/sanitaartehnika\/saunatarvikud\/kerisekivid\/\" target=\"_blank\" rel=\"noopener\">vaata l\u00e4hemalt siit<\/a>.<\/p>\n<p>&nbsp;<\/p>\n<p><a href=\"https:\/\/factory.sale\/wp-content\/uploads\/2025\/02\/VE_XE_FISVENDEESITRUET_Y05-0885.pdf\" target=\"_blank\" rel=\"noopener\">P<\/a><a href=\"https:\/\/factory.sale\/wp-content\/uploads\/2025\/02\/VE_XE_FISVENDEESITRUET_Y05-0885.pdf\" target=\"_blank\" rel=\"noopener\">aigaldus- ja kasutusjuhised<\/a><\/p>\n","protected":false},"excerpt":{"rendered":"<p>Harvia Moderna on elektriliste saunakeriste tippklass. See soojendab teie sauna kiiresti ning t\u00e4nu digitaalsele juhtimisele saate temperatuuri h\u00f5lpsalt oma eelistustele vastavalt seadistada \u2013 t\u00e4psusega \u00fche kraadini. Eraldi elektrooniline andur tagab kogu saunaseansi ajal \u00fchtlase temperatuuri.<\/p>\n","protected":false},"featured_media":99639,"comment_status":"open","ping_status":"closed","template":"","meta":{"_acf_changed":false},"factory":[],"free-shipment":[],"product_brand":[],"product_cat":[1420,306],"product_tag":[],"class_list":{"0":"post-99663","1":"product","2":"type-product","3":"status-publish","4":"has-post-thumbnail","6":"product_cat-harvia-et","7":"product_cat-saunakerised","9":"first","10":"instock","11":"sale","12":"taxable","13":"shipping-taxable","14":"purchasable","15":"product-type-simple"},"acf":[],"_links":{"self":[{"href":"https:\/\/factory.sale\/et\/wp-json\/wp\/v2\/product\/99663","targetHints":{"allow":["GET"]}}],"collection":[{"href":"https:\/\/factory.sale\/et\/wp-json\/wp\/v2\/product"}],"about":[{"href":"https:\/\/factory.sale\/et\/wp-json\/wp\/v2\/types\/product"}],"replies":[{"embeddable":true,"href":"https:\/\/factory.sale\/et\/wp-json\/wp\/v2\/comments?post=99663"}],"wp:featuredmedia":[{"embeddable":true,"href":"https:\/\/factory.sale\/et\/wp-json\/wp\/v2\/media\/99639"}],"wp:attachment":[{"href":"https:\/\/factory.sale\/et\/wp-json\/wp\/v2\/media?parent=99663"}],"wp:term":[{"taxonomy":"factory","embeddable":true,"href":"https:\/\/factory.sale\/et\/wp-json\/wp\/v2\/factory?post=99663"},{"taxonomy":"free-shipment","embeddable":true,"href":"https:\/\/factory.sale\/et\/wp-json\/wp\/v2\/free-shipment?post=99663"},{"taxonomy":"product_brand","embeddable":true,"href":"https:\/\/factory.sale\/et\/wp-json\/wp\/v2\/product_brand?post=99663"},{"taxonomy":"product_cat","embeddable":true,"href":"https:\/\/factory.sale\/et\/wp-json\/wp\/v2\/product_cat?post=99663"},{"taxonomy":"product_tag","embeddable":true,"href":"https:\/\/factory.sale\/et\/wp-json\/wp\/v2\/product_tag?post=99663"}],"curies":[{"name":"wp","href":"https:\/\/api.w.org\/{rel}","templated":true}]}}