{"id":99524,"date":"2025-02-02T21:52:47","date_gmt":"2025-02-02T18:56:38","guid":{"rendered":"https:\/\/factory.sale\/?post_type=product&#038;p=99524"},"modified":"2025-08-17T21:59:56","modified_gmt":"2025-08-17T18:59:56","slug":"tihe-pilliroomatt","status":"publish","type":"product","link":"https:\/\/factory.sale\/et\/toode\/tihe-pilliroomatt\/","title":{"rendered":"Tihe pilliroomatt"},"content":{"rendered":"<p>Tihe pilliroomatt sobib suurep\u00e4raselt nii sise- kui ka v\u00e4lisruumidesse dekoratiivseks lahenduseks ja \u00f5uealal privaatsuse loomiseks loodusliku eraldava piirdena. Lisaks saab seda sarnaselt pillirooplaadiga kasutada krohvimise aluspinnana. See on praktiline ja loodusl\u00e4hedane lahendus, mis \u00fchendab funktsionaalsuse ja esteetilise ilu.<\/p>\n<p>&nbsp;<\/p>\n<p><strong>Kasutusv\u00f5imalused:<\/strong><\/p>\n<ul>\n<li>Sarnaselt UKU pillirooplaadiga loob kindla aluse viimistlusele.<\/li>\n<li>Pakub dekoratiivelemendina varju ja privaatsust, s\u00e4ilitades samas avaruse tunde.<\/li>\n<li>Loob stiilse ja loodusl\u00e4hedase atmosf\u00e4\u00e4ri nii siseruumides, aias kui terrassil.<\/li>\n<li>Aitab toetada ja esile t\u00f5sta ronitaimi, muutes aia lopsakaks ja elavaks.<\/li>\n<\/ul>\n<p>&nbsp;<\/p>\n<p>Tihe pilliroomatt on ideaalne valik k\u00f5igile, kes hindavad looduse ilu ja soovivad praktilist ning vastupidavat lahendust oma v\u00e4lis- v\u00f5i sisekujundusprojektidele.<\/p>\n<p>&nbsp;<\/p>\n<p><strong>M\u00f5\u00f5dud:<\/strong><\/p>\n<p>10,8 m\u00b2\/rull (1,8 x 6 m)<\/p>\n","protected":false},"excerpt":{"rendered":"<p>Tihe pilliroomatt sobib suurep\u00e4raselt nii sise- kui ka v\u00e4lisruumidesse dekoratiivseks lahenduseks ja \u00f5uealal privaatsuse loomiseks loodusliku eraldava piirdena. Lisaks saab seda sarnaselt pillirooplaadiga kasutada krohvimise aluspinnana. See on praktiline ja loodusl\u00e4hedane lahendus, mis \u00fchendab funktsionaalsuse ja esteetilise ilu.<\/p>\n","protected":false},"featured_media":99516,"comment_status":"open","ping_status":"closed","template":"","meta":{"_acf_changed":false},"factory":[],"free-shipment":[],"product_brand":[4557],"product_cat":[3472,814],"product_tag":[],"class_list":{"0":"post-99524","1":"product","2":"type-product","3":"status-publish","4":"has-post-thumbnail","6":"product_brand-uku","7":"product_cat-looduslikud-ehituslahendused","8":"product_cat-uldehitus","10":"first","11":"instock","12":"sale","13":"taxable","14":"shipping-taxable","15":"purchasable","16":"product-type-simple"},"acf":[],"_links":{"self":[{"href":"https:\/\/factory.sale\/et\/wp-json\/wp\/v2\/product\/99524","targetHints":{"allow":["GET"]}}],"collection":[{"href":"https:\/\/factory.sale\/et\/wp-json\/wp\/v2\/product"}],"about":[{"href":"https:\/\/factory.sale\/et\/wp-json\/wp\/v2\/types\/product"}],"replies":[{"embeddable":true,"href":"https:\/\/factory.sale\/et\/wp-json\/wp\/v2\/comments?post=99524"}],"wp:featuredmedia":[{"embeddable":true,"href":"https:\/\/factory.sale\/et\/wp-json\/wp\/v2\/media\/99516"}],"wp:attachment":[{"href":"https:\/\/factory.sale\/et\/wp-json\/wp\/v2\/media?parent=99524"}],"wp:term":[{"taxonomy":"factory","embeddable":true,"href":"https:\/\/factory.sale\/et\/wp-json\/wp\/v2\/factory?post=99524"},{"taxonomy":"free-shipment","embeddable":true,"href":"https:\/\/factory.sale\/et\/wp-json\/wp\/v2\/free-shipment?post=99524"},{"taxonomy":"product_brand","embeddable":true,"href":"https:\/\/factory.sale\/et\/wp-json\/wp\/v2\/product_brand?post=99524"},{"taxonomy":"product_cat","embeddable":true,"href":"https:\/\/factory.sale\/et\/wp-json\/wp\/v2\/product_cat?post=99524"},{"taxonomy":"product_tag","embeddable":true,"href":"https:\/\/factory.sale\/et\/wp-json\/wp\/v2\/product_tag?post=99524"}],"curies":[{"name":"wp","href":"https:\/\/api.w.org\/{rel}","templated":true}]}}