{"id":99509,"date":"2025-02-02T21:13:58","date_gmt":"2025-02-02T18:20:13","guid":{"rendered":"https:\/\/factory.sale\/?post_type=product&#038;p=99509"},"modified":"2025-08-17T21:49:29","modified_gmt":"2025-08-17T18:49:29","slug":"hore-pilliroomatt","status":"publish","type":"product","link":"https:\/\/factory.sale\/et\/toode\/hore-pilliroomatt\/","title":{"rendered":"H\u00f5re pilliroomatt"},"content":{"rendered":"<p>H\u00f5re pilliroomatt on looduslik ja praktiline krohvimise alusmatt nii savi- kui lubikrohvile. Pillirook\u00f5rred on paigutatud h\u00f5redalt ja \u00f5mmeldud paralleelselt kokku vastupidava roostevaba metalltraadiga.<\/p>\n<p>Matt on h\u00f5reda struktuuri t\u00f5ttu ideaalne krohvipind, kuna savi ja lubi haakuvad pilliroo \u00fcmber suurep\u00e4raselt, luues tugeva ja stabiilse aluse. Lisaks on matt vastupidav ja lihtsalt karkassile klammerdatav, mis teeb paigaldamise kiireks ja mugavaks.<\/p>\n<p>&nbsp;<\/p>\n<p><strong>Kasutus:<\/strong><\/p>\n<ul>\n<li>Paigaldatav seintele ja lagedele, sealhulgas v\u00e4lisseintele.<\/li>\n<li>Sobib nii tasasetele kui konarlikele massiivseintele, tahutud palkseinale, laudisega karkass-seinale ja puidust ehitusplaatidele.<\/li>\n<li>Mattide j\u00e4tkamisel tuleb rook\u00f5rte otsad paigutada \u00fclekattega.<\/li>\n<\/ul>\n<p>&nbsp;<\/p>\n<p>H\u00f5re pilliroomatt tagab loodusliku, kuid kindla krohvipinna ja sobib suurep\u00e4raselt nii traditsiooniliste kui kaasaegsete ehituslahendustega.<\/p>\n<p>&nbsp;<\/p>\n<p><strong>M\u00f5\u00f5dud:<\/strong><\/p>\n<p>10 m\u00b2\/rull (1,6 x 6,25 m)<\/p>\n","protected":false},"excerpt":{"rendered":"<p>H\u00f5re pilliroomatt on looduslik ja praktiline krohvimise alusmatt nii savi- kui lubikrohvile. Pillirook\u00f5rred on paigutatud h\u00f5redalt ja \u00f5mmeldud paralleelselt kokku vastupidava roostevaba metalltraadiga.<\/p>\n","protected":false},"featured_media":99505,"comment_status":"open","ping_status":"closed","template":"","meta":{"_acf_changed":false},"factory":[],"free-shipment":[],"product_brand":[4557],"product_cat":[3472,814],"product_tag":[],"class_list":{"0":"post-99509","1":"product","2":"type-product","3":"status-publish","4":"has-post-thumbnail","6":"product_brand-uku","7":"product_cat-looduslikud-ehituslahendused","8":"product_cat-uldehitus","10":"first","11":"instock","12":"sale","13":"taxable","14":"shipping-taxable","15":"purchasable","16":"product-type-simple"},"acf":[],"_links":{"self":[{"href":"https:\/\/factory.sale\/et\/wp-json\/wp\/v2\/product\/99509","targetHints":{"allow":["GET"]}}],"collection":[{"href":"https:\/\/factory.sale\/et\/wp-json\/wp\/v2\/product"}],"about":[{"href":"https:\/\/factory.sale\/et\/wp-json\/wp\/v2\/types\/product"}],"replies":[{"embeddable":true,"href":"https:\/\/factory.sale\/et\/wp-json\/wp\/v2\/comments?post=99509"}],"wp:featuredmedia":[{"embeddable":true,"href":"https:\/\/factory.sale\/et\/wp-json\/wp\/v2\/media\/99505"}],"wp:attachment":[{"href":"https:\/\/factory.sale\/et\/wp-json\/wp\/v2\/media?parent=99509"}],"wp:term":[{"taxonomy":"factory","embeddable":true,"href":"https:\/\/factory.sale\/et\/wp-json\/wp\/v2\/factory?post=99509"},{"taxonomy":"free-shipment","embeddable":true,"href":"https:\/\/factory.sale\/et\/wp-json\/wp\/v2\/free-shipment?post=99509"},{"taxonomy":"product_brand","embeddable":true,"href":"https:\/\/factory.sale\/et\/wp-json\/wp\/v2\/product_brand?post=99509"},{"taxonomy":"product_cat","embeddable":true,"href":"https:\/\/factory.sale\/et\/wp-json\/wp\/v2\/product_cat?post=99509"},{"taxonomy":"product_tag","embeddable":true,"href":"https:\/\/factory.sale\/et\/wp-json\/wp\/v2\/product_tag?post=99509"}],"curies":[{"name":"wp","href":"https:\/\/api.w.org\/{rel}","templated":true}]}}