{"id":99487,"date":"2025-02-02T20:23:15","date_gmt":"2025-02-02T17:19:56","guid":{"rendered":"https:\/\/factory.sale\/?post_type=product&#038;p=99487"},"modified":"2025-02-02T20:50:49","modified_gmt":"2025-02-02T17:50:49","slug":"uku-pilliroomatt","status":"publish","type":"product","link":"https:\/\/factory.sale\/et\/toode\/uku-pilliroomatt\/","title":{"rendered":"UKU pilliroomatt"},"content":{"rendered":"<p>UKU pillirooplaadid on loodusl\u00e4hedane ja j\u00e4tkusuutlik ehitusmaterjal.<\/p>\n<p>UKU pillirooplaadid on suurep\u00e4rane n\u00e4ide kohaliku tooraine ja traditsioonilise meisterlikkuse \u00fchendamisest. Need valmistatakse k\u00f5rgekvaliteedilisest V\u00f5rtsj\u00e4rve pilliroost, mis on hoolikalt l\u00f5igatud ja omavahel \u00fchendatud traditsioonilise k\u00e4sit\u00f6\u00f6na, kasutades vastupidavat metalltraati.<\/p>\n<p>Pilliroog, kiirekasvuline ja taastuv taim, aitab l\u00f5ikamisega s\u00e4ilitada m\u00e4rgalade elurikkust, tasakaalustada keskkonda ja puhastada veekogusid p\u00f5llumajanduskemikaalidest<\/p>\n<p>&nbsp;<\/p>\n<p>&nbsp;<\/p>\n<p>&nbsp;<\/p>\n<p><strong>Kasutusvaldkonnad:<\/strong><\/p>\n<ul>\n<li>1-Krohvialused plaadid: Ideaalne looduslike krohvide aluspinnaks, pakkudes stabiilset ja vastupidavat aluskihti.<\/li>\n<li>2-Dekoratiivplaadid: Stiilne ja praktiline valik sisekujunduseks ning aedade ja varjualuste rajamiseks.<\/li>\n<li>UKU pillirooplaadid \u00fchendavad esteetika ja funktsionaalsuse, toetades samal ajal keskkonnas\u00f5bralikke ehituslahendusi.<\/li>\n<\/ul>\n<p>&nbsp;<\/p>\n<p>&nbsp;<\/p>\n<p><strong>Tehnilised andmed:<\/strong><\/p>\n<ul>\n<li>Paksus 2,5 cm: 1,5 m\u00b2\/plaat (0,75m laius x 2 m pikkus).<\/li>\n<li>Paksus 5 cm: 1,5 m\u00b2\/plaat (0,75m x 2 m) (52.50 \u20ac ilma KM)<\/li>\n<\/ul>\n<p>NB! ERITELLIMUSENA VALMISTAME PLAATE, MILLE LAIUS ON KUNI 150CM JA PIKKUS VASTAVALT PROJEKTI N\u00d5UETELE!<\/p>\n","protected":false},"excerpt":{"rendered":"<p>UKU pillirooplaadid on loodusl\u00e4hedane ja j\u00e4tkusuutlik ehitusmaterjal.<\/p>\n<p>UKU pillirooplaadid on suurep\u00e4rane n\u00e4ide kohaliku tooraine ja traditsioonilise meisterlikkuse \u00fchendamisest. Need valmistatakse k\u00f5rgekvaliteedilisest V\u00f5rtsj\u00e4rve pilliroost, mis on hoolikalt l\u00f5igatud ja omavahel \u00fchendatud traditsioonilise k\u00e4sit\u00f6\u00f6na, kasutades vastupidavat metalltraati.<\/p>\n","protected":false},"featured_media":99479,"comment_status":"open","ping_status":"closed","template":"","meta":{"_acf_changed":false},"factory":[],"free-shipment":[],"product_brand":[],"product_cat":[3472,814],"product_tag":[],"class_list":{"0":"post-99487","1":"product","2":"type-product","3":"status-publish","4":"has-post-thumbnail","6":"product_cat-looduslikud-ehituslahendused","7":"product_cat-uldehitus","9":"first","10":"instock","11":"sale","12":"taxable","13":"shipping-taxable","14":"purchasable","15":"product-type-simple"},"acf":[],"_links":{"self":[{"href":"https:\/\/factory.sale\/et\/wp-json\/wp\/v2\/product\/99487","targetHints":{"allow":["GET"]}}],"collection":[{"href":"https:\/\/factory.sale\/et\/wp-json\/wp\/v2\/product"}],"about":[{"href":"https:\/\/factory.sale\/et\/wp-json\/wp\/v2\/types\/product"}],"replies":[{"embeddable":true,"href":"https:\/\/factory.sale\/et\/wp-json\/wp\/v2\/comments?post=99487"}],"wp:featuredmedia":[{"embeddable":true,"href":"https:\/\/factory.sale\/et\/wp-json\/wp\/v2\/media\/99479"}],"wp:attachment":[{"href":"https:\/\/factory.sale\/et\/wp-json\/wp\/v2\/media?parent=99487"}],"wp:term":[{"taxonomy":"factory","embeddable":true,"href":"https:\/\/factory.sale\/et\/wp-json\/wp\/v2\/factory?post=99487"},{"taxonomy":"free-shipment","embeddable":true,"href":"https:\/\/factory.sale\/et\/wp-json\/wp\/v2\/free-shipment?post=99487"},{"taxonomy":"product_brand","embeddable":true,"href":"https:\/\/factory.sale\/et\/wp-json\/wp\/v2\/product_brand?post=99487"},{"taxonomy":"product_cat","embeddable":true,"href":"https:\/\/factory.sale\/et\/wp-json\/wp\/v2\/product_cat?post=99487"},{"taxonomy":"product_tag","embeddable":true,"href":"https:\/\/factory.sale\/et\/wp-json\/wp\/v2\/product_tag?post=99487"}],"curies":[{"name":"wp","href":"https:\/\/api.w.org\/{rel}","templated":true}]}}