{"id":99455,"date":"2025-02-01T01:28:10","date_gmt":"2025-01-31T22:24:07","guid":{"rendered":"https:\/\/factory.sale\/?post_type=product&#038;p=99455"},"modified":"2025-02-01T01:29:51","modified_gmt":"2025-01-31T22:29:51","slug":"kaheseinaliste-korstnate-komplekt-dw50-cs-25m-%e2%88%85115-215-roostevabast-terasest","status":"publish","type":"product","link":"https:\/\/factory.sale\/et\/toode\/kaheseinaliste-korstnate-komplekt-dw50-cs-25m-%e2%88%85115-215-roostevabast-terasest\/","title":{"rendered":"Kaheseinaliste korstnate komplekt DW50 CS, 2,5m\/\u2205115\/215, roostevabast terasest"},"content":{"rendered":"<p>Sauna korstnapakett roostevabast terasest<\/p>\n<p>T\u00e4ielik roostevabast terasest korstnapakett v\u00e4lik\u00fcttega saunadele. L\u00e4bim\u00f5\u00f5t on 115mm, ja isoleeritud korstnaosa l\u00e4bim\u00f5\u00f5t on 215mm. See stiilne, poleeritud roostevabast terasest komplekt on laiendatav 0,5m ja 1,0m lisatorudega, v\u00f5imaldades kogu k\u00f5rgust kuni 5 meetrit.<\/p>\n<p>&nbsp;<\/p>\n<p><strong>Komplekt sisaldab:<\/strong><\/p>\n<ul>\n<li>2 x 0,5m isoleerimata korstnatoru<\/li>\n<li>1,5m isoleeritud korstnatoru (1,0m + 0,5m)<\/li>\n<li>Korstnam\u00fcts<\/li>\n<li>Sise- ja katuse l\u00e4biviigu komplekt<\/li>\n<\/ul>\n<p>T\u00e4iendav toestus ei ole vajalik ruumides, mille k\u00f5rgus on alla 3 meetri. Katusepinnast k\u00f5rgemal ei ole lisatuge vaja, kui korstna k\u00f5rgus katuse pinnast on alla 3 meetri.<\/p>\n<p>&nbsp;<\/p>\n<p><strong>Tehniline teave:<\/strong><\/p>\n<ul>\n<li>K\u00f5rgus (mm): 2 500<\/li>\n<li>L\u00e4bim\u00f5\u00f5t (mm): 215<\/li>\n<li>Suitsugaasi \u00fchenduse l\u00e4bim\u00f5\u00f5t (mm): 115<\/li>\n<li>Toote kaal (kg): 45<\/li>\n<li>V\u00e4rvus: Teras<\/li>\n<li>Materjal: Teras<\/li>\n<li>Temperatuuriklass: T600, tahmap\u00f5lengukindel<\/li>\n<li>Isoleeritud korstna ohutuskaugus: 50mm<\/li>\n<li>Isoleerimata toru ohutuskaugus: 500mm<\/li>\n<\/ul>\n<p>&nbsp;<\/p>\n<p><strong>Pakendi andmed:<\/strong><\/p>\n<ul>\n<li>Pakendi laius (mm): 1 000,00<\/li>\n<li>Pakendi k\u00f5rgus (mm): 755,00<\/li>\n<li>Pakendi s\u00fcgavus (mm): 680,00<\/li>\n<li>Transpordikaal (kg): 45,00<\/li>\n<\/ul>\n<p>&nbsp;<\/p>\n<p>&nbsp;<\/p>\n<p><a href=\"https:\/\/factory.sale\/wp-content\/uploads\/2025\/01\/SET-1-Manual-Vilpra-sauna-DW50-M-v2022-05-EN.pdf\" target=\"_blank\" rel=\"noopener\">Kasutusjuhend<\/a><\/p>\n<p><a href=\"https:\/\/factory.sale\/wp-content\/uploads\/2025\/01\/deklaracija.pdf\" target=\"_blank\" rel=\"noopener\">Deklaratsioon<\/a><\/p>\n<p><a href=\"https:\/\/factory.sale\/wp-content\/uploads\/2025\/01\/Sert-1397-CPR-0558-VilprosPramone-EN-2020-03-04.pdf\" target=\"_blank\" rel=\"noopener\">Sertifikaat<\/a><\/p>\n","protected":false},"excerpt":{"rendered":"<p>T\u00e4ielik roostevabast terasest korstnapakett v\u00e4lik\u00fcttega saunadele. L\u00e4bim\u00f5\u00f5t on 115mm, ja isoleeritud korstnaosa l\u00e4bim\u00f5\u00f5t on 215mm. See stiilne, poleeritud roostevabast terasest komplekt on laiendatav 0,5m ja 1,0m lisatorudega, v\u00f5imaldades kogu k\u00f5rgust kuni 5 meetrit.<\/p>\n","protected":false},"featured_media":99453,"comment_status":"open","ping_status":"closed","template":"","meta":{"_acf_changed":false},"factory":[],"free-shipment":[],"product_brand":[],"product_cat":[4160,1028],"product_tag":[],"class_list":{"0":"post-99455","1":"product","2":"type-product","3":"status-publish","4":"has-post-thumbnail","6":"product_cat-korstnakomplektid","7":"product_cat-saunatarvikud","9":"first","10":"instock","11":"sale","12":"taxable","13":"shipping-taxable","14":"purchasable","15":"product-type-simple"},"acf":[],"_links":{"self":[{"href":"https:\/\/factory.sale\/et\/wp-json\/wp\/v2\/product\/99455","targetHints":{"allow":["GET"]}}],"collection":[{"href":"https:\/\/factory.sale\/et\/wp-json\/wp\/v2\/product"}],"about":[{"href":"https:\/\/factory.sale\/et\/wp-json\/wp\/v2\/types\/product"}],"replies":[{"embeddable":true,"href":"https:\/\/factory.sale\/et\/wp-json\/wp\/v2\/comments?post=99455"}],"wp:featuredmedia":[{"embeddable":true,"href":"https:\/\/factory.sale\/et\/wp-json\/wp\/v2\/media\/99453"}],"wp:attachment":[{"href":"https:\/\/factory.sale\/et\/wp-json\/wp\/v2\/media?parent=99455"}],"wp:term":[{"taxonomy":"factory","embeddable":true,"href":"https:\/\/factory.sale\/et\/wp-json\/wp\/v2\/factory?post=99455"},{"taxonomy":"free-shipment","embeddable":true,"href":"https:\/\/factory.sale\/et\/wp-json\/wp\/v2\/free-shipment?post=99455"},{"taxonomy":"product_brand","embeddable":true,"href":"https:\/\/factory.sale\/et\/wp-json\/wp\/v2\/product_brand?post=99455"},{"taxonomy":"product_cat","embeddable":true,"href":"https:\/\/factory.sale\/et\/wp-json\/wp\/v2\/product_cat?post=99455"},{"taxonomy":"product_tag","embeddable":true,"href":"https:\/\/factory.sale\/et\/wp-json\/wp\/v2\/product_tag?post=99455"}],"curies":[{"name":"wp","href":"https:\/\/api.w.org\/{rel}","templated":true}]}}