{"id":99346,"date":"2025-01-27T11:18:54","date_gmt":"2025-01-27T07:53:39","guid":{"rendered":"https:\/\/factory.sale\/?post_type=product&#038;p=99346"},"modified":"2025-02-01T01:40:51","modified_gmt":"2025-01-31T22:40:51","slug":"kaheseinaliste-korstnate-komplekt-dw50-25m-%e2%88%85115mm-must","status":"publish","type":"product","link":"https:\/\/factory.sale\/et\/toode\/kaheseinaliste-korstnate-komplekt-dw50-25m-%e2%88%85115mm-must\/","title":{"rendered":"Kaheseinaliste korstnate komplekt DW50 2,5m\/\u2205115mm, must"},"content":{"rendered":"<p>Kaheseinaliste korstnate komplekt on loodud k\u00fcttekolletest p\u00f5lemisj\u00e4\u00e4kide v\u00e4ljutamiseks loomuliku t\u00f5mbega.<\/p>\n<p>Minimaalne kaugus s\u00fcttivatest materjalidest korstna v\u00e4listoruni tuleb valida vastavalt korstna tehnilistele spetsifikatsioonidele, nagu on m\u00e4rgitud korstna t\u00e4histusel ja riiklikel \u00f5igusaktidel. Kui \u00f5igusaktid ja korstna tehnilised spetsifikatsioonid n\u00e4itavad erinevaid lubatavaid kaugusi s\u00fcttivatest materjalidest, tuleb valida suurem kaugus. Minimaalsed kaugused s\u00fcttivatest materjalidest on kindlaks m\u00e4\u00e4ratud kasutades 200 mm l\u00e4bim\u00f5\u00f5duga korstnaid. Testitust suuremate korstnate puhul tuleb s\u00fcttivate materjalide kaugust suurendada koefitsiendiga. L\u00e4bim\u00f5\u00f5duga 201\u2013300 mm korstnate puhul tuleb rakendada kaugust 1 kord l\u00e4bim\u00f5\u00f5duga 200 mm korstna m\u00e4\u00e4ratud kaugusest, l\u00e4bim\u00f5\u00f5duga 301\u2013450 mm \u2013 1,5, l\u00e4bim\u00f5\u00f5duga 451\u2013600 mm \u2013 2 ja \u00fcle 601 mm \u2013 4.<\/p>\n<p>&nbsp;<\/p>\n<p>&nbsp;<\/p>\n<p><strong>Tehnilised andmed:<\/strong><\/p>\n<ul>\n<li>K\u00f5rgus (mm): 2 500<\/li>\n<li>L\u00e4bim\u00f5\u00f5t (mm): 215<\/li>\n<li>Suitsugaasi \u00fchenduse l\u00e4bim\u00f5\u00f5t (mm): 115<\/li>\n<li>Toote kaal (kg): 36,33<\/li>\n<li>V\u00e4rvus: Must<\/li>\n<li>Materjal: Teras<\/li>\n<li>Temperatuuriklass: T600, tahmap\u00f5lengukindel<\/li>\n<li>Isoleeritud korstna ohutuskaugus: 50mm<\/li>\n<li>Isoleerimata toru ohutuskaugus: 500mm<\/li>\n<\/ul>\n<p>&nbsp;<\/p>\n<p>&nbsp;<\/p>\n<p><strong>Pakendi andmed:<\/strong><\/p>\n<ul>\n<li>Pakendi laius (mm): 1 438,00<\/li>\n<li>Pakendi k\u00f5rgus (mm): 755,00<\/li>\n<li>Pakendi s\u00fcgavus (mm): 680,00<\/li>\n<li>Transpordikaal (kg): 36,33<\/li>\n<\/ul>\n<p>&nbsp;<\/p>\n<p><a href=\"https:\/\/factory.sale\/wp-content\/uploads\/2025\/01\/SET-1-Manual-Vilpra-sauna-DW50-M-v2022-05-EN.pdf\" target=\"_blank\" rel=\"noopener\">Kasutusjuhend<\/a><\/p>\n<p><a href=\"https:\/\/factory.sale\/wp-content\/uploads\/2025\/01\/deklaracija.pdf\" target=\"_blank\" rel=\"noopener\">Deklaratsioon<\/a><\/p>\n<p><a href=\"https:\/\/factory.sale\/wp-content\/uploads\/2025\/01\/Sert-1397-CPR-0558-VilprosPramone-EN-2020-03-04.pdf\" target=\"_blank\" rel=\"noopener\">Sertifikaat<\/a><\/p>\n","protected":false},"excerpt":{"rendered":"<p>Avastage meie kaheseinaliste korstnate komplekti \u00a0t\u00f5husus ja ohutus, mis on loodud loomuliku t\u00f5mbega p\u00f5lemisj\u00e4\u00e4kide v\u00e4ljutamiseks. Tagage n\u00f5uetekohane kaugus s\u00fcttivatest materjalidest, l\u00e4htudes korstna suurusest ja eeskirjadest, et saavutada optimaalne j\u00f5udlus ja meelerahu.<\/p>\n<p>&nbsp;<\/p>\n","protected":false},"featured_media":99352,"comment_status":"open","ping_status":"closed","template":"","meta":{"_acf_changed":false},"factory":[],"free-shipment":[],"product_brand":[],"product_cat":[4160,1028,784],"product_tag":[811],"class_list":{"0":"post-99346","1":"product","2":"type-product","3":"status-publish","4":"has-post-thumbnail","6":"product_cat-korstnakomplektid","7":"product_cat-saunatarvikud","8":"product_cat-sanitaartehnika","9":"product_tag-sauna-et","11":"first","12":"instock","13":"sale","14":"taxable","15":"shipping-taxable","16":"purchasable","17":"product-type-simple"},"acf":[],"_links":{"self":[{"href":"https:\/\/factory.sale\/et\/wp-json\/wp\/v2\/product\/99346","targetHints":{"allow":["GET"]}}],"collection":[{"href":"https:\/\/factory.sale\/et\/wp-json\/wp\/v2\/product"}],"about":[{"href":"https:\/\/factory.sale\/et\/wp-json\/wp\/v2\/types\/product"}],"replies":[{"embeddable":true,"href":"https:\/\/factory.sale\/et\/wp-json\/wp\/v2\/comments?post=99346"}],"wp:featuredmedia":[{"embeddable":true,"href":"https:\/\/factory.sale\/et\/wp-json\/wp\/v2\/media\/99352"}],"wp:attachment":[{"href":"https:\/\/factory.sale\/et\/wp-json\/wp\/v2\/media?parent=99346"}],"wp:term":[{"taxonomy":"factory","embeddable":true,"href":"https:\/\/factory.sale\/et\/wp-json\/wp\/v2\/factory?post=99346"},{"taxonomy":"free-shipment","embeddable":true,"href":"https:\/\/factory.sale\/et\/wp-json\/wp\/v2\/free-shipment?post=99346"},{"taxonomy":"product_brand","embeddable":true,"href":"https:\/\/factory.sale\/et\/wp-json\/wp\/v2\/product_brand?post=99346"},{"taxonomy":"product_cat","embeddable":true,"href":"https:\/\/factory.sale\/et\/wp-json\/wp\/v2\/product_cat?post=99346"},{"taxonomy":"product_tag","embeddable":true,"href":"https:\/\/factory.sale\/et\/wp-json\/wp\/v2\/product_tag?post=99346"}],"curies":[{"name":"wp","href":"https:\/\/api.w.org\/{rel}","templated":true}]}}