{"id":99198,"date":"2025-01-27T13:02:29","date_gmt":"2025-01-27T10:10:07","guid":{"rendered":"https:\/\/factory.sale\/?post_type=product&#038;p=99198"},"modified":"2026-02-05T15:15:51","modified_gmt":"2026-02-05T12:15:51","slug":"huum-uku-laiendusmoodul-norway","status":"publish","type":"product","link":"https:\/\/factory.sale\/et\/toode\/huum-uku-laiendusmoodul-norway\/","title":{"rendered":"HUUM UKU laiendusmoodul (Norway)"},"content":{"rendered":"<h2><span style=\"font-size: 14pt;\">HUUM UKU laiendusmoodul (Norway)<\/span><\/h2>\n<p>UKU laienduskast on m\u00f5eldud spetsiaalselt \u00fcle 10,5 kW v\u00f5imsusega saunakeriste (nt HIVE 12, 15 ja 18 kW mudelite) \u00fchendamiseks Norra elektris\u00fcsteemiga. Sobib kasutamiseks UKU WiFi ja UKU Local juhts\u00fcsteemidega, tagades ohutu ja t\u00f5husa juhtimise suure v\u00f5imsusega saunakeristele.<\/p>\n<p>Omadused:<\/p>\n<ul>\n<li>Sobib \u00fcle 10,5 kW v\u00f5imsusega saunakeristele<\/li>\n<li>Universaalne \u00fchilduvus: Sobib kasutamiseks <a title=\"HUUM UKU Wi-Fi\" href=\"https:\/\/factory.sale\/et\/toode\/huum-uku-wifi-juhtpult\/\">UKU Wi-Fi<\/a> ja <a title=\"Local\" href=\"https:\/\/factory.sale\/et\/toode\/huum-uku-local-peamoodul-ilma-kontrollpaneelita\/\">Local<\/a>\u00a0 juhtimismoodulitega.<\/li>\n<li>Vajab \u00fchendamist eraldi kaitsel\u00fclitiga<\/li>\n<li>Paigaldatakse leiliruumist v\u00e4ljapoole, peamise mooduli l\u00e4hedusse<\/li>\n<li>Lihtne kinnitada kruvidega seinale (kaasas)<\/li>\n<\/ul>\n<p>Tagage oma sauna optimaalseim j\u00f5udlus, kasutades UKU laienduskasti, mis on loodud vastama Norra elektristandarditele.<\/p>\n<p>EAN: 4744103013159<br \/>\n<br \/>\n<div class=\"video-wrapper \"><iframe loading=\"lazy\" title=\"UKU INTRODUCTION\" width=\"500\" height=\"281\" src=\"https:\/\/www.youtube.com\/embed\/qGxgJDDF6XE?feature=oembed\" frameborder=\"0\" allow=\"accelerometer; autoplay; clipboard-write; encrypted-media; gyroscope; picture-in-picture; web-share\" referrerpolicy=\"strict-origin-when-cross-origin\" allowfullscreen><\/iframe><\/div><br \/>\n<br \/>\n<a title=\"Vaata videot uues aknas\" href=\"https:\/\/www.youtube.com\/watch?v=qGxgJDDF6XE\" target=\"_blank\" rel=\"noopener\">Vaata videot uues aknas<\/a><\/p>\n","protected":false},"excerpt":{"rendered":"<p>HUUM UKU laienduskast Norra jaoks sobib \u00fcle 10,5 kW v\u00f5imsusega saunakeristele. \u00dchildub UKU WiFi ja Local juhts\u00fcsteemidega, tagades ohutu ja t\u00f5husa juhtimise.<\/p>\n","protected":false},"featured_media":99196,"comment_status":"open","ping_status":"closed","template":"","meta":{"_acf_changed":false},"factory":[],"free-shipment":[],"product_brand":[4432],"product_cat":[1435,2194,1345,1028,784],"product_tag":[],"class_list":{"0":"post-99198","1":"product","2":"type-product","3":"status-publish","4":"has-post-thumbnail","6":"product_brand-huum-et","7":"product_cat-huum-et","8":"product_cat-huum-et-2","9":"product_cat-juhtpuldid","10":"product_cat-saunatarvikud","11":"product_cat-sanitaartehnika","13":"first","14":"instock","15":"sale","16":"taxable","17":"shipping-taxable","18":"purchasable","19":"product-type-simple"},"acf":[],"_links":{"self":[{"href":"https:\/\/factory.sale\/et\/wp-json\/wp\/v2\/product\/99198","targetHints":{"allow":["GET"]}}],"collection":[{"href":"https:\/\/factory.sale\/et\/wp-json\/wp\/v2\/product"}],"about":[{"href":"https:\/\/factory.sale\/et\/wp-json\/wp\/v2\/types\/product"}],"replies":[{"embeddable":true,"href":"https:\/\/factory.sale\/et\/wp-json\/wp\/v2\/comments?post=99198"}],"wp:featuredmedia":[{"embeddable":true,"href":"https:\/\/factory.sale\/et\/wp-json\/wp\/v2\/media\/99196"}],"wp:attachment":[{"href":"https:\/\/factory.sale\/et\/wp-json\/wp\/v2\/media?parent=99198"}],"wp:term":[{"taxonomy":"factory","embeddable":true,"href":"https:\/\/factory.sale\/et\/wp-json\/wp\/v2\/factory?post=99198"},{"taxonomy":"free-shipment","embeddable":true,"href":"https:\/\/factory.sale\/et\/wp-json\/wp\/v2\/free-shipment?post=99198"},{"taxonomy":"product_brand","embeddable":true,"href":"https:\/\/factory.sale\/et\/wp-json\/wp\/v2\/product_brand?post=99198"},{"taxonomy":"product_cat","embeddable":true,"href":"https:\/\/factory.sale\/et\/wp-json\/wp\/v2\/product_cat?post=99198"},{"taxonomy":"product_tag","embeddable":true,"href":"https:\/\/factory.sale\/et\/wp-json\/wp\/v2\/product_tag?post=99198"}],"curies":[{"name":"wp","href":"https:\/\/api.w.org\/{rel}","templated":true}]}}