{"id":99184,"date":"2025-01-27T13:02:46","date_gmt":"2025-01-27T10:10:12","guid":{"rendered":"https:\/\/factory.sale\/?post_type=product&#038;p=99184"},"modified":"2026-02-05T15:35:17","modified_gmt":"2026-02-05T12:35:17","slug":"huum-uku-laiendusmoodul-eu","status":"publish","type":"product","link":"https:\/\/factory.sale\/et\/toode\/huum-uku-laiendusmoodul-eu\/","title":{"rendered":"HUUM UKU laiendusmoodul\u00a0(EU)"},"content":{"rendered":"<h2><span style=\"font-size: 14pt;\">HUUM UKU laiendusmoodul\u00a0(EU)<\/span><\/h2>\n<p>T\u00e4ienda oma saunaelamust UKU laienduskarbiga, mis on m\u00f5eldud \u00fcle 18 kW v\u00f5imsusega elektrikeriste toetamiseks. See laienduskarp sobib kasutamiseks Euroopa Liidus ning \u00fchildub UKU Wi-Fi ja Local juhtimismoodulitega. Mugavust ja turvalisust silmas pidades disainitud laienduskarp v\u00f5imaldab suuremate keriste lihtsat integreerimist, s\u00e4ilitades samal ajal optimaalse funktsionaalsuse ja t\u00f6\u00f6kindluse.<\/p>\n<p>Kvaliteetne ehitus ja lihtne paigaldusprotsess muudavad selle laienduskarbi usaldusv\u00e4\u00e4rseks lahenduseks, mis suurendab teie sauna juhtimiss\u00fcsteemi v\u00f5imalusi. Ideaalne professionaalsete v\u00f5i suuremate saunade jaoks, see laienduskarp on t\u00e4iuslik lisandus teie sauna seadistuse t\u00e4iustamiseks.<\/p>\n<p>P\u00f5hiomadused:<\/p>\n<ul>\n<li>Toetab v\u00f5imsamaid keriseid: \u00dchildub \u00fcle 18 kW elektrikeristega.<\/li>\n<li>Universaalne \u00fchilduvus: Sobib kasutamiseks <a title=\"UKU Wi-Fi\" href=\"https:\/\/factory.sale\/et\/toode\/huum-uku-wifi-juhtpult\/\">UKU Wi-Fi<\/a> ja <a title=\"Local\" href=\"https:\/\/factory.sale\/et\/toode\/huum-uku-local-peamoodul-ilma-kontrollpaneelita\/\">Local<\/a>\u00a0 juhtimismoodulitega.<\/li>\n<li>EL-i sertifitseeritud: Vastab EL-i standarditele, t\u00f6\u00f6tab 400V 3N, 2x63A, 50Hz.<\/li>\n<li>Ohutu ja usaldusv\u00e4\u00e4rne: T\u00e4iendav turvalisus eraldi voolukatkestitega.<\/li>\n<li>Lihtne paigaldus: M\u00f5eldud paigaldamiseks aururuumist v\u00e4ljapoole juhtimismooduli l\u00e4hedale.<\/li>\n<\/ul>\n<p>EAN: 4744103013142<br \/>\n<br \/>\n<div class=\"video-wrapper \"><iframe loading=\"lazy\" title=\"UKU INTRODUCTION\" width=\"500\" height=\"281\" src=\"https:\/\/www.youtube.com\/embed\/qGxgJDDF6XE?feature=oembed\" frameborder=\"0\" allow=\"accelerometer; autoplay; clipboard-write; encrypted-media; gyroscope; picture-in-picture; web-share\" referrerpolicy=\"strict-origin-when-cross-origin\" allowfullscreen><\/iframe><\/div><br \/>\n<br \/>\n<a title=\"Vaata videot uues aknas\" href=\"https:\/\/www.youtube.com\/watch?v=qGxgJDDF6XE\" target=\"_blank\" rel=\"noopener\">Vaata videot uues aknas<\/a><\/p>\n","protected":false},"excerpt":{"rendered":"<p>HUUM UKU laienduskarp (EU) suurendab teie sauna juhtimiss\u00fcsteemi v\u00f5imalusi, toetades \u00fcle 18 kW keriseid ja tagades ohutu ja usaldusv\u00e4\u00e4rse t\u00f6\u00f6.<\/p>\n","protected":false},"featured_media":99179,"comment_status":"open","ping_status":"closed","template":"","meta":{"_acf_changed":false},"factory":[],"free-shipment":[],"product_brand":[4432],"product_cat":[1435,2194,1345,1028,784],"product_tag":[],"class_list":{"0":"post-99184","1":"product","2":"type-product","3":"status-publish","4":"has-post-thumbnail","6":"product_brand-huum-et","7":"product_cat-huum-et","8":"product_cat-huum-et-2","9":"product_cat-juhtpuldid","10":"product_cat-saunatarvikud","11":"product_cat-sanitaartehnika","13":"first","14":"instock","15":"sale","16":"taxable","17":"shipping-taxable","18":"purchasable","19":"product-type-simple"},"acf":[],"_links":{"self":[{"href":"https:\/\/factory.sale\/et\/wp-json\/wp\/v2\/product\/99184","targetHints":{"allow":["GET"]}}],"collection":[{"href":"https:\/\/factory.sale\/et\/wp-json\/wp\/v2\/product"}],"about":[{"href":"https:\/\/factory.sale\/et\/wp-json\/wp\/v2\/types\/product"}],"replies":[{"embeddable":true,"href":"https:\/\/factory.sale\/et\/wp-json\/wp\/v2\/comments?post=99184"}],"wp:featuredmedia":[{"embeddable":true,"href":"https:\/\/factory.sale\/et\/wp-json\/wp\/v2\/media\/99179"}],"wp:attachment":[{"href":"https:\/\/factory.sale\/et\/wp-json\/wp\/v2\/media?parent=99184"}],"wp:term":[{"taxonomy":"factory","embeddable":true,"href":"https:\/\/factory.sale\/et\/wp-json\/wp\/v2\/factory?post=99184"},{"taxonomy":"free-shipment","embeddable":true,"href":"https:\/\/factory.sale\/et\/wp-json\/wp\/v2\/free-shipment?post=99184"},{"taxonomy":"product_brand","embeddable":true,"href":"https:\/\/factory.sale\/et\/wp-json\/wp\/v2\/product_brand?post=99184"},{"taxonomy":"product_cat","embeddable":true,"href":"https:\/\/factory.sale\/et\/wp-json\/wp\/v2\/product_cat?post=99184"},{"taxonomy":"product_tag","embeddable":true,"href":"https:\/\/factory.sale\/et\/wp-json\/wp\/v2\/product_tag?post=99184"}],"curies":[{"name":"wp","href":"https:\/\/api.w.org\/{rel}","templated":true}]}}