{"id":99160,"date":"2025-01-27T13:02:52","date_gmt":"2025-01-27T10:10:21","guid":{"rendered":"https:\/\/factory.sale\/?post_type=product&#038;p=99160"},"modified":"2026-02-05T12:33:00","modified_gmt":"2026-02-05T09:33:00","slug":"huum-uku-classic-juhtpaneel-must","status":"publish","type":"product","link":"https:\/\/factory.sale\/et\/toode\/huum-uku-classic-juhtpaneel-must\/","title":{"rendered":"HUUM UKU Classic juhtpaneel &#8211; Must (ilma peamoodulita)"},"content":{"rendered":"<h2><span style=\"font-size: 14pt;\">HUUM UKU Classic juhtpaneel &#8211; Must (ilma peamoodulita)<\/span><\/h2>\n<p>HUUM UKU CLASSIC must juhtpaneel pakub stiilset ja minimalistlikku disaini, sobides ideaalselt igasse saunainterj\u00f6\u00f6ri. Lihtsaks kasutamiseks loodud juhtpaneel v\u00f5imaldab h\u00f5lpsalt hallata sauna k\u00fctmise eelistusi. See \u00fchildub suurep\u00e4raselt HUUM UKU WiFi v\u00f5i Local peamooduliga, muutes selle paindlikuks lisandiks sinu saunale.<\/p>\n<p><strong>P\u00f5hifunktsioonid:<\/strong><\/p>\n<ul>\n<li>Elegantne must viimistlus modernse v\u00e4limuse saavutamiseks.<\/li>\n<li>Lihtne ja intuitiivne juhtimine sauna haldamiseks.<\/li>\n<li>Sobib <a title=\"HUUM UKU WiFi\" href=\"https:\/\/factory.sale\/et\/toode\/huum-uku-wifi-juhtpult\/\">HUUM UKU WiFi<\/a> ja <a title=\"Local\" href=\"https:\/\/factory.sale\/et\/toode\/huum-uku-local-peamoodul-ilma-kontrollpaneelita\/\">Local<\/a> peamoodulitega.<\/li>\n<li>Vastupidavad ja kvaliteetsed materjalid tagavad pika kasutusea.<\/li>\n<\/ul>\n<p>EAN: 4744103013296<\/p>\n<p>&nbsp;<\/p>\n<div class=\"video-wrapper \"><iframe loading=\"lazy\" title=\"UKU CONTROLLER INSTALLATION\" width=\"500\" height=\"281\" src=\"https:\/\/www.youtube.com\/embed\/0C2Nz-_r2pQ?feature=oembed\" frameborder=\"0\" allow=\"accelerometer; autoplay; clipboard-write; encrypted-media; gyroscope; picture-in-picture; web-share\" referrerpolicy=\"strict-origin-when-cross-origin\" allowfullscreen><\/iframe><\/div>\n<p>&nbsp;<\/p>\n<p><a title=\"Vaata videot uues aknas\" href=\"https:\/\/www.youtube.com\/watch?v=0C2Nz-_r2pQ\" target=\"_blank\" rel=\"noopener\">Vaata videot uues aknas<\/a><\/p>\n","protected":false},"excerpt":{"rendered":"<p>HUUM UKU CLASSIC juhtpaneel on lihtne ja stiilne lahendus sauna k\u00fctmise juhtimiseks. Sobib kasutamiseks WiFi v\u00f5i Local peamooduliga, tagades mugava ja turvalise saunaelamuse. Saadaval musta ja valge viimistlusega.<\/p>\n","protected":false},"featured_media":99157,"comment_status":"open","ping_status":"closed","template":"","meta":{"_acf_changed":false},"factory":[],"free-shipment":[],"product_brand":[4432],"product_cat":[2194,1435,1345,1028,784],"product_tag":[718,4967],"class_list":{"0":"post-99160","1":"product","2":"type-product","3":"status-publish","4":"has-post-thumbnail","6":"product_brand-huum-et","7":"product_cat-huum-et-2","8":"product_cat-huum-et","9":"product_cat-juhtpuldid","10":"product_cat-saunatarvikud","11":"product_cat-sanitaartehnika","12":"product_tag-huum-et","13":"product_tag-huum-uku","15":"first","16":"instock","17":"sale","18":"taxable","19":"shipping-taxable","20":"purchasable","21":"product-type-simple"},"acf":[],"_links":{"self":[{"href":"https:\/\/factory.sale\/et\/wp-json\/wp\/v2\/product\/99160","targetHints":{"allow":["GET"]}}],"collection":[{"href":"https:\/\/factory.sale\/et\/wp-json\/wp\/v2\/product"}],"about":[{"href":"https:\/\/factory.sale\/et\/wp-json\/wp\/v2\/types\/product"}],"replies":[{"embeddable":true,"href":"https:\/\/factory.sale\/et\/wp-json\/wp\/v2\/comments?post=99160"}],"wp:featuredmedia":[{"embeddable":true,"href":"https:\/\/factory.sale\/et\/wp-json\/wp\/v2\/media\/99157"}],"wp:attachment":[{"href":"https:\/\/factory.sale\/et\/wp-json\/wp\/v2\/media?parent=99160"}],"wp:term":[{"taxonomy":"factory","embeddable":true,"href":"https:\/\/factory.sale\/et\/wp-json\/wp\/v2\/factory?post=99160"},{"taxonomy":"free-shipment","embeddable":true,"href":"https:\/\/factory.sale\/et\/wp-json\/wp\/v2\/free-shipment?post=99160"},{"taxonomy":"product_brand","embeddable":true,"href":"https:\/\/factory.sale\/et\/wp-json\/wp\/v2\/product_brand?post=99160"},{"taxonomy":"product_cat","embeddable":true,"href":"https:\/\/factory.sale\/et\/wp-json\/wp\/v2\/product_cat?post=99160"},{"taxonomy":"product_tag","embeddable":true,"href":"https:\/\/factory.sale\/et\/wp-json\/wp\/v2\/product_tag?post=99160"}],"curies":[{"name":"wp","href":"https:\/\/api.w.org\/{rel}","templated":true}]}}