{"id":99140,"date":"2025-01-27T13:03:57","date_gmt":"2025-01-27T10:10:43","guid":{"rendered":"https:\/\/factory.sale\/?post_type=product&#038;p=99140"},"modified":"2026-02-05T11:25:14","modified_gmt":"2026-02-05T08:25:14","slug":"huum-uku-glass-juhtpaneel-kuldne","status":"publish","type":"product","link":"https:\/\/factory.sale\/et\/toode\/huum-uku-glass-juhtpaneel-kuldne\/","title":{"rendered":"HUUM UKU Glass juhtpaneel kuldne (ilma peamoodulita)"},"content":{"rendered":"<h2><span style=\"font-size: 14pt;\">HUUM UKU Glass juhtpaneel kuldne (ilma peamoodulita)<\/span><\/h2>\n<p>HUUM UKU GLASS juhtpaneel on loodud neile, kes hindavad luksust ja kvaliteeti. See kuldne klaaspaneel lisab saunale eksklusiivse aktsendi ning muudab sauna juhtimise t\u00f5eliselt nauditavaks. Juhtpaneeliga saate mugavalt seadistada sauna temperatuuri ja k\u00fctmisaja, pakkudes t\u00e4ielikku kontrolli oma saunaelamuse \u00fcle.<\/p>\n<p>See juhtpaneel sobib t\u00e4iuslikult nii kodu- kui ka professionaalsetesse saunadesse. Koos WiFi v\u00f5i Local p\u00f5himoodulitega tagab see maksimaalse paindlikkuse ja kasutusmugavuse.<\/p>\n<p>Peamised omadused:<\/p>\n<ul>\n<li>Sobib kasutamiseks <a title=\"HUUM UKU WiFi\" href=\"https:\/\/factory.sale\/et\/toode\/huum-uku-wifi-juhtpult\/\">HUUM UKU WiFi<\/a> ja <a title=\"Local\" href=\"https:\/\/factory.sale\/et\/toode\/huum-uku-local-peamoodul-ilma-kontrollpaneelita\/\">Local<\/a> peamoodulitega<\/li>\n<li>Eksklusiivne kuldne klaaspaneel<\/li>\n<li>Lihtne temperatuuri ja k\u00fctmisaja seadistamine<\/li>\n<li>Intuitiivne juhtimisnupp<\/li>\n<li>Turvalisus: lapselukk ja \u00fclekuumenemiskaitse<\/li>\n<li>Luksuslik ja stiilne disain<\/li>\n<\/ul>\n<p>EAN: 4744103013302<\/p>\n<p>Peamoodul on m\u00f5eldud eelk\u00f5ige paigaldamiseks s\u00fcvistatuna, enne paigaldamist tee sobivale kohale seinas s\u00fcvistus m\u00f5\u00f5tmetega 65 x 105 mm. HUUM on v\u00e4lja t\u00f6\u00f6tanud ka raami, mis v\u00f5imaldab juhtpaneeli paigaldada ka pinnapealsena.<\/p>\n<div class=\"video-wrapper \"><iframe loading=\"lazy\" title=\"HUUM UKU Gold sauna controller\" width=\"500\" height=\"281\" src=\"https:\/\/www.youtube.com\/embed\/KMU6tsMMlmY?feature=oembed\" frameborder=\"0\" allow=\"accelerometer; autoplay; clipboard-write; encrypted-media; gyroscope; picture-in-picture; web-share\" referrerpolicy=\"strict-origin-when-cross-origin\" allowfullscreen><\/iframe><\/div>\n<p>&nbsp;<\/p>\n<p><a title=\"Vaata videot uues aknas\" href=\"https:\/\/www.youtube.com\/watch?v=KMU6tsMMlmY&amp;t=24s\" target=\"_blank\" rel=\"noopener\">Vaata videot uues aknas<\/a><\/p>\n","protected":false},"excerpt":{"rendered":"<p data-pm-slice=\"1 1 []\">HUUM UKU GLASS\u00a0kuldne\u00a0juhtpaneel on luksuslik ja t\u00e4iustatud lahendus sauna juhtimiseks. Sobib kasutamiseks koos WiFi v\u00f5i Local p\u00f5himoodulitega, pakkudes esmaklassilist saunaelamust.<\/p>\n","protected":false},"featured_media":99131,"comment_status":"open","ping_status":"closed","template":"","meta":{"_acf_changed":false},"factory":[],"free-shipment":[],"product_brand":[4432],"product_cat":[1435,1345,784],"product_tag":[4445],"class_list":{"0":"post-99140","1":"product","2":"type-product","3":"status-publish","4":"has-post-thumbnail","6":"product_brand-huum-et","7":"product_cat-huum-et","8":"product_cat-juhtpuldid","9":"product_cat-sanitaartehnika","10":"product_tag-luxury-sauna-et","12":"first","13":"instock","14":"sale","15":"taxable","16":"shipping-taxable","17":"purchasable","18":"product-type-simple"},"acf":[],"_links":{"self":[{"href":"https:\/\/factory.sale\/et\/wp-json\/wp\/v2\/product\/99140","targetHints":{"allow":["GET"]}}],"collection":[{"href":"https:\/\/factory.sale\/et\/wp-json\/wp\/v2\/product"}],"about":[{"href":"https:\/\/factory.sale\/et\/wp-json\/wp\/v2\/types\/product"}],"replies":[{"embeddable":true,"href":"https:\/\/factory.sale\/et\/wp-json\/wp\/v2\/comments?post=99140"}],"wp:featuredmedia":[{"embeddable":true,"href":"https:\/\/factory.sale\/et\/wp-json\/wp\/v2\/media\/99131"}],"wp:attachment":[{"href":"https:\/\/factory.sale\/et\/wp-json\/wp\/v2\/media?parent=99140"}],"wp:term":[{"taxonomy":"factory","embeddable":true,"href":"https:\/\/factory.sale\/et\/wp-json\/wp\/v2\/factory?post=99140"},{"taxonomy":"free-shipment","embeddable":true,"href":"https:\/\/factory.sale\/et\/wp-json\/wp\/v2\/free-shipment?post=99140"},{"taxonomy":"product_brand","embeddable":true,"href":"https:\/\/factory.sale\/et\/wp-json\/wp\/v2\/product_brand?post=99140"},{"taxonomy":"product_cat","embeddable":true,"href":"https:\/\/factory.sale\/et\/wp-json\/wp\/v2\/product_cat?post=99140"},{"taxonomy":"product_tag","embeddable":true,"href":"https:\/\/factory.sale\/et\/wp-json\/wp\/v2\/product_tag?post=99140"}],"curies":[{"name":"wp","href":"https:\/\/api.w.org\/{rel}","templated":true}]}}