{"id":99138,"date":"2025-01-27T13:03:56","date_gmt":"2025-01-27T10:10:38","guid":{"rendered":"https:\/\/factory.sale\/?post_type=product&#038;p=99138"},"modified":"2026-02-05T11:54:48","modified_gmt":"2026-02-05T08:54:48","slug":"huum-uku-glass-juhtpaneel-peegel","status":"publish","type":"product","link":"https:\/\/factory.sale\/et\/toode\/huum-uku-glass-juhtpaneel-peegel\/","title":{"rendered":"HUUM UKU Glass juhtpaneel peegel (ilma peamoodulita)"},"content":{"rendered":"<h2><span style=\"font-size: 14pt;\">HUUM UKU Glass juhtpaneel peegel (ilma peamoodulita)<\/span><\/h2>\n<p>HUUM UKU GLASS juhtpaneel lisab teie saunale modernse ja luksusliku ilme. See peegelviimistlusega klaaspaneel toob esile k\u00f5rgtasemel disaini ja t\u00e4idab ka praktilist funktsiooni. Juhtpaneel v\u00f5imaldab mugavalt seadistada sauna temperatuuri ja k\u00fctmisaja, tagades t\u00e4ieliku kontrolli sauna \u00fcle.<\/p>\n<p>Juhtpaneel sobib nii WiFi kui ka Local p\u00f5himoodulitega, pakkudes paindlikkust erinevatele kasutajatele. Selle peegelviimistlus lisab teie saunale ainulaadse v\u00e4limuse, olles samas ka kergesti puhastatav ja hooldatav.<\/p>\n<p>Peamised omadused:<\/p>\n<ul>\n<li>Sobib kasutamiseks <a title=\"HUUM UKU WiFi\" href=\"https:\/\/factory.sale\/et\/toode\/huum-uku-wifi-juhtpult\/\">HUUM UKU WiFi<\/a> ja <a title=\"Local\" href=\"https:\/\/factory.sale\/et\/toode\/huum-uku-local-peamoodul-ilma-kontrollpaneelita\/\">Local<\/a> peamoodulitega<\/li>\n<li>Luksuslik peegelviimistlusega klaaspaneel<\/li>\n<li>Lihtne temperatuuri ja k\u00fctmisaja seadistamine<\/li>\n<li>Intuitiivne juhtimisnupp<\/li>\n<li>Turvalisus: lapselukk ja \u00fclekuumenemiskaitse<\/li>\n<li>Elegantne ja praktiline disain<\/li>\n<\/ul>\n<p>EAN: 4744103013289<\/p>\n<p>Peamoodul on m\u00f5eldud eelk\u00f5ige paigaldamiseks s\u00fcvistatuna, enne paigaldamist tee sobivale kohale seinas s\u00fcvistus<br \/>\nm\u00f5\u00f5tmetega 65 x 105 mm. HUUM on v\u00e4lja t\u00f6\u00f6tanud ka raami, mis v\u00f5imaldab juhtpaneeli paigaldada ka pinnapealsena.<\/p>\n<p>&nbsp;<\/p>\n<div class=\"video-wrapper \"><iframe loading=\"lazy\" title=\"UKU Glass sauna controller\" width=\"500\" height=\"281\" src=\"https:\/\/www.youtube.com\/embed\/RcKgv7myvLM?feature=oembed\" frameborder=\"0\" allow=\"accelerometer; autoplay; clipboard-write; encrypted-media; gyroscope; picture-in-picture; web-share\" referrerpolicy=\"strict-origin-when-cross-origin\" allowfullscreen><\/iframe><\/div>\n<p>&nbsp;<\/p>\n<p><a title=\"Vaata videot uues aknas\" href=\"https:\/\/www.youtube.com\/watch?v=RcKgv7myvLM\" target=\"_blank\" rel=\"noopener\">Vaata videot uues aknas<\/a><\/p>\n<p>&nbsp;<\/p>\n","protected":false},"excerpt":{"rendered":"<p data-pm-slice=\"1 1 []\">HUUM UKU GLASS peegli efektiga juhtpaneel on elegantne ja funktsionaalne lisand igale saunale. Sobib kasutamiseks koos WiFi v\u00f5i Local p\u00f5himoodulitega, pakkudes luksuslikku saunaelamust.<\/p>\n","protected":false},"featured_media":99134,"comment_status":"open","ping_status":"closed","template":"","meta":{"_acf_changed":false},"factory":[],"free-shipment":[],"product_brand":[4432],"product_cat":[1435,1345,784],"product_tag":[4445],"class_list":{"0":"post-99138","1":"product","2":"type-product","3":"status-publish","4":"has-post-thumbnail","6":"product_brand-huum-et","7":"product_cat-huum-et","8":"product_cat-juhtpuldid","9":"product_cat-sanitaartehnika","10":"product_tag-luxury-sauna-et","12":"first","13":"instock","14":"sale","15":"taxable","16":"shipping-taxable","17":"purchasable","18":"product-type-simple"},"acf":[],"_links":{"self":[{"href":"https:\/\/factory.sale\/et\/wp-json\/wp\/v2\/product\/99138","targetHints":{"allow":["GET"]}}],"collection":[{"href":"https:\/\/factory.sale\/et\/wp-json\/wp\/v2\/product"}],"about":[{"href":"https:\/\/factory.sale\/et\/wp-json\/wp\/v2\/types\/product"}],"replies":[{"embeddable":true,"href":"https:\/\/factory.sale\/et\/wp-json\/wp\/v2\/comments?post=99138"}],"wp:featuredmedia":[{"embeddable":true,"href":"https:\/\/factory.sale\/et\/wp-json\/wp\/v2\/media\/99134"}],"wp:attachment":[{"href":"https:\/\/factory.sale\/et\/wp-json\/wp\/v2\/media?parent=99138"}],"wp:term":[{"taxonomy":"factory","embeddable":true,"href":"https:\/\/factory.sale\/et\/wp-json\/wp\/v2\/factory?post=99138"},{"taxonomy":"free-shipment","embeddable":true,"href":"https:\/\/factory.sale\/et\/wp-json\/wp\/v2\/free-shipment?post=99138"},{"taxonomy":"product_brand","embeddable":true,"href":"https:\/\/factory.sale\/et\/wp-json\/wp\/v2\/product_brand?post=99138"},{"taxonomy":"product_cat","embeddable":true,"href":"https:\/\/factory.sale\/et\/wp-json\/wp\/v2\/product_cat?post=99138"},{"taxonomy":"product_tag","embeddable":true,"href":"https:\/\/factory.sale\/et\/wp-json\/wp\/v2\/product_tag?post=99138"}],"curies":[{"name":"wp","href":"https:\/\/api.w.org\/{rel}","templated":true}]}}