{"id":99136,"date":"2025-01-27T13:02:57","date_gmt":"2025-01-27T10:10:27","guid":{"rendered":"https:\/\/factory.sale\/?post_type=product&#038;p=99136"},"modified":"2026-02-05T12:12:42","modified_gmt":"2026-02-05T09:12:42","slug":"huum-uku-glass-juhtpaneel-must","status":"publish","type":"product","link":"https:\/\/factory.sale\/et\/toode\/huum-uku-glass-juhtpaneel-must\/","title":{"rendered":"HUUM UKU Glass juhtpaneel must (ilma peamoodulita)"},"content":{"rendered":"<h2><span style=\"font-size: 14pt;\">HUUM UKU Glass juhtpaneel must (ilma peamoodulita)<\/span><\/h2>\n<p>HUUM UKU GLASS must juhtpaneel lisab teie saunale modernse ja stiilse ilme. Selle mustast klaasist esipaneel ja t\u00e4pselt h\u00e4\u00e4lestatav nupp muudavad sauna juhtimise lihtsaks ja nauditavaks. Juhtpaneeliga saate mugavalt seadistada sauna temperatuuri ja k\u00fctmisaja ning tagada t\u00e4ieliku kontrolli oma sauna k\u00fctmise \u00fcle.<\/p>\n<p>UKU GLASS juhtpaneel on loodud turvalisust ja kasutusmugavust silmas pidades. Seda saab \u00fchendada nii WiFi v\u00f5i Local p\u00f5himoodulitega, pakkudes paindlikke lahendusi erinevatesse keskkondadesse. Juhtpaneeli kompaktne ja minimalistlik disain sobib ideaalselt nii kodu kui ka avalikesse saunadesse.<\/p>\n<p><strong>Peamised omadused:<\/strong><\/p>\n<ul>\n<li>Sobib kasutamiseks <a title=\"HUUM UKU WiFi\" href=\"https:\/\/factory.sale\/et\/toode\/huum-uku-wifi-juhtpult\/\">HUUM UKU WiFi<\/a> ja <a title=\"Local\" href=\"https:\/\/factory.sale\/et\/toode\/huum-uku-local-peamoodul-ilma-kontrollpaneelita\/\">Local<\/a> peamoodulitega<\/li>\n<li>Stiilne mustast klaasist esipaneel<\/li>\n<li>Lihtne temperatuuri ja k\u00fctmisaja seadistamine<\/li>\n<li>Intuitiivne juhtimisnupp<\/li>\n<li>Turvalisus: lapselukk ja \u00fclekuumenemiskaitse<\/li>\n<li>Kompaktne ja modernne disain<\/li>\n<\/ul>\n<p>EAN: 4744103013258<\/p>\n<p>&nbsp;<\/p>\n<div class=\"video-wrapper \"><iframe loading=\"lazy\" title=\"UKU Glass sauna controller\" width=\"500\" height=\"281\" src=\"https:\/\/www.youtube.com\/embed\/RcKgv7myvLM?feature=oembed\" frameborder=\"0\" allow=\"accelerometer; autoplay; clipboard-write; encrypted-media; gyroscope; picture-in-picture; web-share\" referrerpolicy=\"strict-origin-when-cross-origin\" allowfullscreen><\/iframe><\/div>\n<p>&nbsp;<\/p>\n<p><a title=\"Vaata videot uues aknas\" href=\"https:\/\/www.youtube.com\/watch?v=RcKgv7myvLM\" target=\"_blank\" rel=\"noopener\">Vaata videot uues aknas<\/a><\/p>\n","protected":false},"excerpt":{"rendered":"<p data-pm-slice=\"1 1 []\">HUUM UKU GLASS musta v\u00e4rvi juhtpaneel on elegantselt disainitud ja sobib ideaalselt sauna k\u00fctmise mugavaks juhtimiseks. Seda saab kasutada koos WiFi v\u00f5i Local p\u00f5himoodulitega, pakkudes mitmek\u00fclgset ja turvalist saunaelamust.<\/p>\n","protected":false},"featured_media":99128,"comment_status":"open","ping_status":"closed","template":"","meta":{"_acf_changed":false},"factory":[],"free-shipment":[],"product_brand":[4432],"product_cat":[1435,1345,784],"product_tag":[4445],"class_list":{"0":"post-99136","1":"product","2":"type-product","3":"status-publish","4":"has-post-thumbnail","6":"product_brand-huum-et","7":"product_cat-huum-et","8":"product_cat-juhtpuldid","9":"product_cat-sanitaartehnika","10":"product_tag-luxury-sauna-et","12":"first","13":"instock","14":"sale","15":"taxable","16":"shipping-taxable","17":"purchasable","18":"product-type-simple"},"acf":[],"_links":{"self":[{"href":"https:\/\/factory.sale\/et\/wp-json\/wp\/v2\/product\/99136","targetHints":{"allow":["GET"]}}],"collection":[{"href":"https:\/\/factory.sale\/et\/wp-json\/wp\/v2\/product"}],"about":[{"href":"https:\/\/factory.sale\/et\/wp-json\/wp\/v2\/types\/product"}],"replies":[{"embeddable":true,"href":"https:\/\/factory.sale\/et\/wp-json\/wp\/v2\/comments?post=99136"}],"wp:featuredmedia":[{"embeddable":true,"href":"https:\/\/factory.sale\/et\/wp-json\/wp\/v2\/media\/99128"}],"wp:attachment":[{"href":"https:\/\/factory.sale\/et\/wp-json\/wp\/v2\/media?parent=99136"}],"wp:term":[{"taxonomy":"factory","embeddable":true,"href":"https:\/\/factory.sale\/et\/wp-json\/wp\/v2\/factory?post=99136"},{"taxonomy":"free-shipment","embeddable":true,"href":"https:\/\/factory.sale\/et\/wp-json\/wp\/v2\/free-shipment?post=99136"},{"taxonomy":"product_brand","embeddable":true,"href":"https:\/\/factory.sale\/et\/wp-json\/wp\/v2\/product_brand?post=99136"},{"taxonomy":"product_cat","embeddable":true,"href":"https:\/\/factory.sale\/et\/wp-json\/wp\/v2\/product_cat?post=99136"},{"taxonomy":"product_tag","embeddable":true,"href":"https:\/\/factory.sale\/et\/wp-json\/wp\/v2\/product_tag?post=99136"}],"curies":[{"name":"wp","href":"https:\/\/api.w.org\/{rel}","templated":true}]}}