{"id":99085,"date":"2025-01-27T13:04:01","date_gmt":"2025-01-27T10:10:43","guid":{"rendered":"https:\/\/factory.sale\/?post_type=product&#038;p=99085"},"modified":"2026-03-06T14:23:52","modified_gmt":"2026-03-06T11:23:52","slug":"huum-uku-glass-juhtpuldi-paigaldusraam","status":"publish","type":"product","link":"https:\/\/factory.sale\/et\/toode\/huum-uku-glass-juhtpuldi-paigaldusraam\/","title":{"rendered":"HUUM UKU GLASS juhtpuldi paigaldusraam"},"content":{"rendered":"<h2><span style=\"font-size: 14pt;\">HUUM UKU GLASS juhtpuldi paigaldusraam<\/span><\/h2>\n<p>HUUM UKU GLASS juhtpuldi paigaldusraam on spetsiaalselt disainitud, et lihtsustada HUUM UKU juhtpuldi paigaldamist seinale. See elegantne must metallraam v\u00f5imaldab juhtpulti paigaldada pinnale ilma s\u00fcvistamiseta, hoides samas stiilse ja viimistletud v\u00e4limuse. See paigaldusraam sobib HUUM UKU GLASS juhtpaneelidele, mis on saadaval kolmes v\u00e4rvitoonis &#8211; must, kuldne ning peegel. Ideaalne valik, kui saunaruumi seinte s\u00fcvistamine ei ole v\u00f5imalik.<\/p>\n<p>HUUM UKU GLASS paigaldusraami paigaldamine on kiire ja lihtne, sobitudes ideaalselt erinevatesse interj\u00f6\u00f6ridesse. Lisaks tugevale metallkonstruktsioonile t\u00e4iendab see saunaruumide modernset esteetikat.<\/p>\n<p><strong>P\u00f5hifunktsioonid:<\/strong><\/p>\n<ul>\n<li>Valmistatud vastupidavast ja kvaliteetsest metallist.<\/li>\n<li>V\u00f5imaldab paigaldada HUUM UKU GLASS juhtpulte ilma seina sisse s\u00fcvistamata.<\/li>\n<li>Kiire ja lihtne paigaldus.<\/li>\n<li>Sobib erinevatesse saunaruumi interj\u00f6\u00f6ridesse.<\/li>\n<li>Minimalistlik ja kaasaegne disain.<\/li>\n<li>Spetsiaalselt loodud HUUM UKU GLASS juhtpultidele.<\/li>\n<\/ul>\n<p>EAN 4744103019304<\/p>\n<p>Tutvu teiste sarnaste toodetega\u00a0<a title=\"siin\" href=\"https:\/\/factory.sale\/et\/product-category\/sanitaartehnika\/saunatarvikud\/huum-et-2\/\">siin<\/a><\/p>\n","protected":false},"excerpt":{"rendered":"<p>HUUM UKU juhtpuldi paigaldusraam on praktiline ja stiilne lahendus klaasist sauna juhtpaneeli paigaldamiseks seina pinnale, ilma s\u00fcvistamiseta. Sobib suurep\u00e4raselt igasse sauna.<\/p>\n","protected":false},"featured_media":99063,"comment_status":"open","ping_status":"closed","template":"","meta":{"_acf_changed":false},"factory":[],"free-shipment":[],"product_brand":[4432],"product_cat":[2194,1345,1028,784],"product_tag":[718,4967],"class_list":{"0":"post-99085","1":"product","2":"type-product","3":"status-publish","4":"has-post-thumbnail","6":"product_brand-huum-et","7":"product_cat-huum-et-2","8":"product_cat-juhtpuldid","9":"product_cat-saunatarvikud","10":"product_cat-sanitaartehnika","11":"product_tag-huum-et","12":"product_tag-huum-uku","14":"first","15":"instock","16":"sale","17":"taxable","18":"shipping-taxable","19":"purchasable","20":"product-type-simple"},"acf":[],"_links":{"self":[{"href":"https:\/\/factory.sale\/et\/wp-json\/wp\/v2\/product\/99085","targetHints":{"allow":["GET"]}}],"collection":[{"href":"https:\/\/factory.sale\/et\/wp-json\/wp\/v2\/product"}],"about":[{"href":"https:\/\/factory.sale\/et\/wp-json\/wp\/v2\/types\/product"}],"replies":[{"embeddable":true,"href":"https:\/\/factory.sale\/et\/wp-json\/wp\/v2\/comments?post=99085"}],"wp:featuredmedia":[{"embeddable":true,"href":"https:\/\/factory.sale\/et\/wp-json\/wp\/v2\/media\/99063"}],"wp:attachment":[{"href":"https:\/\/factory.sale\/et\/wp-json\/wp\/v2\/media?parent=99085"}],"wp:term":[{"taxonomy":"factory","embeddable":true,"href":"https:\/\/factory.sale\/et\/wp-json\/wp\/v2\/factory?post=99085"},{"taxonomy":"free-shipment","embeddable":true,"href":"https:\/\/factory.sale\/et\/wp-json\/wp\/v2\/free-shipment?post=99085"},{"taxonomy":"product_brand","embeddable":true,"href":"https:\/\/factory.sale\/et\/wp-json\/wp\/v2\/product_brand?post=99085"},{"taxonomy":"product_cat","embeddable":true,"href":"https:\/\/factory.sale\/et\/wp-json\/wp\/v2\/product_cat?post=99085"},{"taxonomy":"product_tag","embeddable":true,"href":"https:\/\/factory.sale\/et\/wp-json\/wp\/v2\/product_tag?post=99085"}],"curies":[{"name":"wp","href":"https:\/\/api.w.org\/{rel}","templated":true}]}}