{"id":98945,"date":"2025-01-27T13:02:12","date_gmt":"2025-01-27T10:10:07","guid":{"rendered":"https:\/\/factory.sale\/?post_type=product&#038;p=98945"},"modified":"2026-02-05T14:52:59","modified_gmt":"2026-02-05T11:52:59","slug":"huum-uku-local-peamoodul-ilma-kontrollpaneelita","status":"publish","type":"product","link":"https:\/\/factory.sale\/et\/toode\/huum-uku-local-peamoodul-ilma-kontrollpaneelita\/","title":{"rendered":"HUUM UKU 4.2 Local peamoodul (ilma kontrollpaneelita)"},"content":{"rendered":"<h2><span style=\"font-size: 14pt;\">HUUM UKU 4.2 Local peamoodul (ilma kontrollpaneelita)<\/span><\/h2>\n<p>Kui soovid elektrikerisega sauna k\u00fcdema panna ainult lokaalselt puldist, siis HUUM UKU Local sobib selleks ideaalselt. Antud juhtpult teeb sauna k\u00fctmise \u00e4\u00e4retult lihtsaks ja mugavaks, sellega saavad m\u00e4ngleva kergusega hakkama k\u00f5ik pereliikmed. Saad reguleerida sauna temperatuuri, valida endale sobiva k\u00fctteaja ja kasutada taimerit k\u00fctmise algusaja valimiseks. L\u00e4hed hommikul t\u00f6\u00f6le ja \u00f5htul koju tulles on l\u00f5\u00f5gastav saun valmis, mugav kas pole.<\/p>\n<p>Juhtpult sobib k\u00f5ikidele kuni 18kW elektrikeristele. Sobib kokku nii HUUM elektrikeristega kui ka teiste tootjate keristega<\/p>\n<p>HUUM UKU Local juhtpuldil on mitmeid omadusi ja v\u00f5imalusi, mis teevad saunak\u00fctmisest ja saunask\u00e4imisest meeldiva ning turvalise kogemuse. Seda juhtpulti saab \u00fchendada sauna valgustuse, ventilatsiooni ja aurutiga, sel on olemas \u00fclekuumenemiskaitse ja lapselukk ning seda ikka selleks et Sina ei peaks saunap\u00e4eval pinges olema ja turvalisuse p\u00e4rast \u00fcle muretsema.<\/p>\n<p>Spetsifikatsioonid:<\/p>\n<ul>\n<li>Kaal: 1.7 kg<\/li>\n<li>Temperatur: 40-110 \u00baC<\/li>\n<li>Keristele kuni: 18 kW<\/li>\n<li>Toitepinge: 230 V 1N, 400 V 3N<\/li>\n<li>K\u00fctteaeg: 3h, 8h, 12h<\/li>\n<li>EAN:4744103013357<\/li>\n<\/ul>\n<p>Olulised omadused:<\/p>\n<ul>\n<li>Sobib elektrikeristele v\u00f5imsusega kuni 18 kW<\/li>\n<li>\u00dchildub erinevate tootjate keristega<\/li>\n<li>Sihttemperatuur vahemikus 40\u2013110 \u00b0C<\/li>\n<li>Taimer k\u00fctmise algusaja ja kestuse seadistamiseks<\/li>\n<li>\u00dchendatav valgustuse\/ventilatsiooni ja aurutiga<\/li>\n<li>\u00dclekuumenemiskaitse<\/li>\n<li>Laste turvalukk<\/li>\n<li>Ukseandur<\/li>\n<li>Stiilsete juhtpaneelide valik<\/li>\n<li>Juhtimine seinale paigaldatud juhtpaneelist<\/li>\n<\/ul>\n<p>Komplekt sisaldab:<\/p>\n<ul>\n<li>juhtpaneeli kaablit (3 m; 4 x 0,34 mm\u00b2 )<\/li>\n<li>peamoodulit (142 x 90 x 58 mm)<\/li>\n<li>termoandurit<\/li>\n<li>ukseandurit<\/li>\n<li>kaablit termo- ja ukseandurile (5 + 5m; 2 x 0,22 mm\u00b2).<\/li>\n<\/ul>\n<p>NB! Seda sauna kerise juhtimiss\u00fcsteemi m\u00fc\u00fcakse komplektina ilma juhtpaneelita, mis annab teile paindlikkuse valida endale sobiv paneel. Juhtpaneelid on saadaval eraldi, valikus on j\u00e4rgmised variandid: <a href=\"https:\/\/factory.sale\/et\/toode\/huum-uku-classic-juhtpaneel-must\/\" target=\"_blank\" rel=\"noopener\">klassikaline must<\/a> (plastik), klassikaline valge (plastik), <a href=\"https:\/\/factory.sale\/et\/toode\/huum-uku-sauna-juhtpaneel-wood\/\" target=\"_blank\" rel=\"noopener\">puit<\/a>, <a href=\"https:\/\/factory.sale\/et\/toode\/huum-uku-glass-juhtpaneel-must\/\" target=\"_blank\" rel=\"noopener\">must klaas<\/a>, <a href=\"https:\/\/factory.sale\/et\/toode\/huum-uku-glass-juhtpaneel-peegel\/\" target=\"_blank\" rel=\"noopener\">peegel klaas<\/a> ja <a href=\"https:\/\/factory.sale\/et\/toode\/huum-uku-glass-juhtpaneel-kuldne\/\" target=\"_blank\" rel=\"noopener\">kuldne klaas<\/a>.<\/p>\n<p>&nbsp;<\/p>\n<div class=\"video-wrapper \"><iframe loading=\"lazy\" title=\"UKU INTRODUCTION\" width=\"500\" height=\"281\" src=\"https:\/\/www.youtube.com\/embed\/qGxgJDDF6XE?feature=oembed\" frameborder=\"0\" allow=\"accelerometer; autoplay; clipboard-write; encrypted-media; gyroscope; picture-in-picture; web-share\" referrerpolicy=\"strict-origin-when-cross-origin\" allowfullscreen><\/iframe><\/div>\n<p>&nbsp;<\/p>\n<p><a title=\"Vaata videot uues aknas\" href=\"https:\/\/www.youtube.com\/watch?v=qGxgJDDF6XE\" target=\"_blank\" rel=\"noopener\">Vaata videot uues aknas<\/a><\/p>\n","protected":false},"excerpt":{"rendered":"<p>HUUM UKU 4.2 Local sauna juhtimiss\u00fcsteem muudab sauna k\u00fctmise lihtsaks ja mugavaks. UKU-l on mitmed turva- ja lisafunktsioonid, mis tagavad meeldiva saunakogemuse. Seda saab kasutada erinevate tootjate keristega. UKU Local juhtimiss\u00fcsteem on hea valik, kui sa soovid enda sauna k\u00fctta kohapeal ja ainult puldist.<\/p>\n","protected":false},"featured_media":99364,"comment_status":"open","ping_status":"closed","template":"","meta":{"_acf_changed":false},"factory":[],"free-shipment":[],"product_brand":[4432],"product_cat":[1435,1345,784],"product_tag":[718,4967,4970],"class_list":{"0":"post-98945","1":"product","2":"type-product","3":"status-publish","4":"has-post-thumbnail","6":"product_brand-huum-et","7":"product_cat-huum-et","8":"product_cat-juhtpuldid","9":"product_cat-sanitaartehnika","10":"product_tag-huum-et","11":"product_tag-huum-uku","12":"product_tag-huum-uku-glass-et","14":"first","15":"instock","16":"sale","17":"taxable","18":"shipping-taxable","19":"purchasable","20":"product-type-simple"},"acf":[],"_links":{"self":[{"href":"https:\/\/factory.sale\/et\/wp-json\/wp\/v2\/product\/98945","targetHints":{"allow":["GET"]}}],"collection":[{"href":"https:\/\/factory.sale\/et\/wp-json\/wp\/v2\/product"}],"about":[{"href":"https:\/\/factory.sale\/et\/wp-json\/wp\/v2\/types\/product"}],"replies":[{"embeddable":true,"href":"https:\/\/factory.sale\/et\/wp-json\/wp\/v2\/comments?post=98945"}],"wp:featuredmedia":[{"embeddable":true,"href":"https:\/\/factory.sale\/et\/wp-json\/wp\/v2\/media\/99364"}],"wp:attachment":[{"href":"https:\/\/factory.sale\/et\/wp-json\/wp\/v2\/media?parent=98945"}],"wp:term":[{"taxonomy":"factory","embeddable":true,"href":"https:\/\/factory.sale\/et\/wp-json\/wp\/v2\/factory?post=98945"},{"taxonomy":"free-shipment","embeddable":true,"href":"https:\/\/factory.sale\/et\/wp-json\/wp\/v2\/free-shipment?post=98945"},{"taxonomy":"product_brand","embeddable":true,"href":"https:\/\/factory.sale\/et\/wp-json\/wp\/v2\/product_brand?post=98945"},{"taxonomy":"product_cat","embeddable":true,"href":"https:\/\/factory.sale\/et\/wp-json\/wp\/v2\/product_cat?post=98945"},{"taxonomy":"product_tag","embeddable":true,"href":"https:\/\/factory.sale\/et\/wp-json\/wp\/v2\/product_tag?post=98945"}],"curies":[{"name":"wp","href":"https:\/\/api.w.org\/{rel}","templated":true}]}}