{"id":98715,"date":"2025-01-21T15:33:31","date_gmt":"2025-01-21T12:39:43","guid":{"rendered":"https:\/\/factory.sale\/?post_type=product&#038;p=98715"},"modified":"2026-03-29T12:53:53","modified_gmt":"2026-03-29T09:53:53","slug":"delux-kumblustunn-integreeritud-ahjuga-black-edition","status":"publish","type":"product","link":"https:\/\/factory.sale\/et\/toode\/delux-kumblustunn-integreeritud-ahjuga-black-edition\/","title":{"rendered":"&#8220;Delux&#8221; k\u00fcmblust\u00fcnn integreeritud ahjuga, black edition"},"content":{"rendered":"<p>&#8220;Delux&#8221; k\u00fcmblust\u00fcnn sisseehitatud ahjuga, black edition on t\u00f5eline luksuslik k\u00fcmblust\u00fcnn, mis \u00fchendab endas elegantsi, j\u00f5udluse ja vastupidavuse. Musta v\u00e4rvi viimistlusega termopuidust ja ergonoomiline klaasplastist sisu muudavad selle k\u00fcmblust\u00fcnni nii stiilseks, kui ka mugavaks. Sobib ideaalselt l\u00f5\u00f5gastumiseks p\u00e4rast pikka p\u00e4eva v\u00f5i v\u00e4iksemate seltskondade v\u00f5\u00f5rustamiseks \u2013 &#8220;Delux&#8221; k\u00fcmblust\u00fcnn pakub t\u00f5eliselt kosutavat kogemust.<\/p>\n<p>T\u00f5hus sisseehitatud AIS 304 roostevabast terasest ahi (30kW) soojendab vett kiiresti, saavutades ideaaltemperatuuri umbes 2-2,5 tunniga. 2-meetrine korsten koos kaitsev\u00f5re ja korstnam\u00fctsiga tagab ohutu soojuse jaotumise, samal ajal kui ilmastikukindla t\u00f6\u00f6tlusega vastupidav termopuit annab k\u00fcmblust\u00fcnnile pikaajalise vastupidavuse ja ilu.<\/p>\n<p>T\u00fcnn mahutab kuni kuus inimest ning selle veemaht on 1150 liitrit. Ergonoomilise disainiga klaasplastist sisu tagab maksimaalse mugavuse. T\u00e4ienda oma k\u00fcmblust\u00fcnni kogemust valikuliste lisadega, n\u00e4iteks LED-valgustuse, \u00f5humullis\u00fcsteemi v\u00f5i Bluetooth-stereo s\u00fcsteem k\u00f5laritega.<\/p>\n<p>&nbsp;<\/p>\n<p><strong>Tehnilised andmed<\/strong><\/p>\n<ul>\n<li>M\u00f5\u00f5dud: 2000 mm (v\u00e4limine l\u00e4bim\u00f5\u00f5t), 1800 mm (sisemine l\u00e4bim\u00f5\u00f5t)<\/li>\n<li>K\u00f5rgus: 1120 mm<\/li>\n<li>S\u00fcgavus: 930 mm<\/li>\n<li>Kaal: 270 kg<\/li>\n<li>Pakendi m\u00f5\u00f5dud: 235 x 120 x 230 cm<\/li>\n<li>Maht: 1150 L<\/li>\n<li>K\u00fctteaeg (5\u00b0C kuni 38\u00b0C): 2-2,5 tundi<\/li>\n<li>K\u00fcttepuude pikkus: kuni 40 cm<\/li>\n<li>Klaasplastist sisu: must<\/li>\n<\/ul>\n<p><strong>Omadused<\/strong><\/p>\n<ul>\n<li>Elegantne musta v\u00e4rvi disain: Termopuidust ilmastikukindla v\u00e4lisviimistlusega.<\/li>\n<li>Ergonoomiline sisemus: Mugav ja ruumikas disain tagab maksimaalse l\u00f5\u00f5gastuse.<\/li>\n<li>T\u00f5hus k\u00fcttes\u00fcsteem: Sisseehitatud AIS 304 roostevabast terasest ahi (30kW) koos 2-meetrise korstna, kaitsev\u00f5re ja korstnam\u00fctsiga.<\/li>\n<li>Vastupidavad materjalid: Klaasplastist sisu ja kvaliteetne termopuit tagavad pika eluea.<\/li>\n<li>Kohandatavus: Lai valik valikulisi lisasid, et luua unikaalne kogemus.<\/li>\n<\/ul>\n<p><strong>Komplekti kuulub<\/strong><\/p>\n<ul>\n<li>Ergonoomiline musta v\u00e4rvi\u00a0klaasplastist k\u00fcmblust\u00fcnni sisu<\/li>\n<li>Sisseehitatud AIS 304 roostevabast terasest ahi (30kW)<\/li>\n<li>2-meetrine korsten koos kuumakaitse ja korstnam\u00fctsiga<\/li>\n<li>Musta v\u00e4rvi termopuidust trepp<\/li>\n<\/ul>\n<p><strong>Valikulised lisad (lisatasu eest)<\/strong><\/p>\n<ul>\n<li>LED valgustus (\u00fche lambiga)<\/li>\n<li>Mullis\u00fcsteem<\/li>\n<li>Soojustatud kate<\/li>\n<li>Digitaalne veetermomeeter<\/li>\n<li>Dosaator CombiTab veepuhastustabletile<\/li>\n<li>Filterpallid (350 g)<\/li>\n<li>Filtrielement<\/li>\n<li>Filtripallidega vee filtreerimiss\u00fcsteem<\/li>\n<li>H\u00fcdromassaa\u017e (mootor 1,1 kW)<\/li>\n<li>Jalavann<\/li>\n<li>Klaasfiibrist kate k\u00fcmblust\u00fcnnile<\/li>\n<li>Korstna pikendustoru 1 m<\/li>\n<li>K\u00fcmblust\u00fcnni soojustus PUR vahuga<\/li>\n<li>LED valgustus (kahe lambiga)<\/li>\n<li>LED valgustus (kolme lambiga)<\/li>\n<li>Mariine stereos\u00fcsteem k\u00fcmblust\u00fcnnile (GR304) 2\u00d760 W k\u00f5lariga<\/li>\n<li>Paberfiltriga vee filtreerimiss\u00fcsteem<\/li>\n<li>Peapadi<\/li>\n<li>Topsihoidja sepistatud 3-kohaline<\/li>\n<li>Topsihoidja sepistatud 5-kohaline<\/li>\n<li>Ujuv termomeeter Bluetooth \u00fchendusega<\/li>\n<li>Veepuhastustabletid CombiTab (800 g)<\/li>\n<\/ul>\n","protected":false},"excerpt":{"rendered":"<p>&#8220;Delux&#8221; k\u00fcmblust\u00fcnn sisseehitatud ahjuga, black edition on stiilne ja vastupidav k\u00fcmblust\u00fcnn kuni kuuele inimesele. Musta v\u00e4rvi termopuidust viimistlus, ergonoomiline klaasplastist sisu ja v\u00f5imas 30kW roostevabast terasest ahi loovad luksusliku v\u00e4lik\u00fcmbluskogemuse.<\/p>\n","protected":false},"featured_media":98698,"comment_status":"open","ping_status":"closed","template":"","meta":{"_acf_changed":false},"factory":[],"free-shipment":[],"product_brand":[],"product_cat":[2587,2209],"product_tag":[2842,4435],"class_list":{"0":"post-98715","1":"product","2":"type-product","3":"status-publish","4":"has-post-thumbnail","6":"product_cat-klaasplastist-kumblustunnid","7":"product_cat-kumblustunnid","8":"product_tag-hot-tub-et","9":"product_tag-luxury-hot-tub-et","11":"first","12":"instock","13":"sale","14":"taxable","15":"shipping-taxable","16":"purchasable","17":"product-type-simple"},"acf":[],"_links":{"self":[{"href":"https:\/\/factory.sale\/et\/wp-json\/wp\/v2\/product\/98715","targetHints":{"allow":["GET"]}}],"collection":[{"href":"https:\/\/factory.sale\/et\/wp-json\/wp\/v2\/product"}],"about":[{"href":"https:\/\/factory.sale\/et\/wp-json\/wp\/v2\/types\/product"}],"replies":[{"embeddable":true,"href":"https:\/\/factory.sale\/et\/wp-json\/wp\/v2\/comments?post=98715"}],"wp:featuredmedia":[{"embeddable":true,"href":"https:\/\/factory.sale\/et\/wp-json\/wp\/v2\/media\/98698"}],"wp:attachment":[{"href":"https:\/\/factory.sale\/et\/wp-json\/wp\/v2\/media?parent=98715"}],"wp:term":[{"taxonomy":"factory","embeddable":true,"href":"https:\/\/factory.sale\/et\/wp-json\/wp\/v2\/factory?post=98715"},{"taxonomy":"free-shipment","embeddable":true,"href":"https:\/\/factory.sale\/et\/wp-json\/wp\/v2\/free-shipment?post=98715"},{"taxonomy":"product_brand","embeddable":true,"href":"https:\/\/factory.sale\/et\/wp-json\/wp\/v2\/product_brand?post=98715"},{"taxonomy":"product_cat","embeddable":true,"href":"https:\/\/factory.sale\/et\/wp-json\/wp\/v2\/product_cat?post=98715"},{"taxonomy":"product_tag","embeddable":true,"href":"https:\/\/factory.sale\/et\/wp-json\/wp\/v2\/product_tag?post=98715"}],"curies":[{"name":"wp","href":"https:\/\/api.w.org\/{rel}","templated":true}]}}