{"id":9866,"date":"2022-07-07T21:42:14","date_gmt":"2022-07-07T21:44:08","guid":{"rendered":"https:\/\/factory.sale\/?post_type=product&#038;p=9866"},"modified":"2024-06-27T13:09:27","modified_gmt":"2024-06-27T13:09:27","slug":"bambuspeegel-dream","status":"publish","type":"product","link":"https:\/\/factory.sale\/et\/toode\/bambuspeegel-dream\/","title":{"rendered":"Bambuspeegel Dream"},"content":{"rendered":"<p><b><strong style=\"font-style: inherit;\">Bambuspeegel Dream disain ja m\u00f5\u00f5dud:<\/strong><\/b><\/p>\n<ul>\n<li style=\"font-style: inherit; font-weight: inherit;\">K\u00f5rgus 90 cm x laius 130 cm x s\u00fcgavus 6 cm<\/li>\n<li style=\"font-style: inherit; font-weight: inherit;\">V\u00e4rv: Auburn<\/li>\n<li style=\"font-style: inherit; font-weight: inherit;\">Disaini elemendina on kasutatud naturaalsest tiiger-bambuse t\u00fcve<\/li>\n<li style=\"font-style: inherit; font-weight: inherit;\">Bambust\u00fcve diameeter 6-8 cm<\/li>\n<li style=\"font-style: inherit; font-weight: inherit;\">Osaliselt valmistatud bambuskattega vineerist, mille pealispind on k\u00e4sitsi kooritud bambusest<\/li>\n<li style=\"font-style: inherit; font-weight: inherit;\">Toode on \u00fches t\u00fckis, ei vaja kokku panemist<\/li>\n<li style=\"font-style: inherit; font-weight: inherit;\">Hind sisaldab peeglit koos raamiga<\/li>\n<\/ul>\n<p><b><strong style=\"font-style: inherit;\">Toote \u00fcldkirjeldus:<\/strong><\/b><\/p>\n<ul>\n<li style=\"font-style: inherit; font-weight: inherit;\">Kogu meie bambusm\u00f6\u00f6bel on k\u00e4sitsi valmistatud ja unikaalne<\/li>\n<li style=\"font-style: inherit; font-weight: inherit;\">Kuna tegemist on naturaalse tootega, v\u00f5ib esineda v\u00e4rvide ja tekstuuri erinevusi<\/li>\n<li style=\"font-style: inherit; font-weight: inherit;\">Spetsiaalselt valmistatud Euroopa kliima jaoks.\u00a0<span style=\"font-style: inherit; font-weight: inherit;\">Bambus on kuivatatud spetsiaalsetes ahjudes, et minimeerida kliima muutusest tingitud pragunemist. Siiski v\u00f5ib bambustoodetel esineda v\u00e4ikeseid pragusid, mis ei muuda mingil moel toote kvaliteeti ega tugevust. <\/span><\/li>\n<li style=\"font-style: inherit; font-weight: inherit;\">M\u00f6\u00f6bli l\u00f5ppviimistlusel on kasutatud k\u00f5rgkvaliteetset l\u00e4bipaistvat lakki<\/li>\n<li style=\"font-style: inherit; font-weight: inherit;\">Piltidel olevad sisustuselemendid ei sisaldu hinnas<\/li>\n<li style=\"font-style: inherit; font-weight: inherit;\">Pakkide arv: 1<\/li>\n<\/ul>\n","protected":false},"excerpt":{"rendered":"<p>Unikaalne ja k\u00e4sitsi valmistatud bambusest peegel.<\/p>\n","protected":false},"featured_media":9861,"comment_status":"open","ping_status":"closed","template":"","meta":{"_acf_changed":false},"factory":[],"free-shipment":[],"product_brand":[],"product_cat":[714],"product_tag":[1515],"class_list":{"0":"post-9866","1":"product","2":"type-product","3":"status-publish","4":"has-post-thumbnail","6":"product_cat-moobel","7":"product_tag-mirror-et","9":"first","10":"instock","11":"sale","12":"taxable","13":"shipping-taxable","14":"purchasable","15":"product-type-simple"},"acf":[],"_links":{"self":[{"href":"https:\/\/factory.sale\/et\/wp-json\/wp\/v2\/product\/9866","targetHints":{"allow":["GET"]}}],"collection":[{"href":"https:\/\/factory.sale\/et\/wp-json\/wp\/v2\/product"}],"about":[{"href":"https:\/\/factory.sale\/et\/wp-json\/wp\/v2\/types\/product"}],"replies":[{"embeddable":true,"href":"https:\/\/factory.sale\/et\/wp-json\/wp\/v2\/comments?post=9866"}],"wp:featuredmedia":[{"embeddable":true,"href":"https:\/\/factory.sale\/et\/wp-json\/wp\/v2\/media\/9861"}],"wp:attachment":[{"href":"https:\/\/factory.sale\/et\/wp-json\/wp\/v2\/media?parent=9866"}],"wp:term":[{"taxonomy":"factory","embeddable":true,"href":"https:\/\/factory.sale\/et\/wp-json\/wp\/v2\/factory?post=9866"},{"taxonomy":"free-shipment","embeddable":true,"href":"https:\/\/factory.sale\/et\/wp-json\/wp\/v2\/free-shipment?post=9866"},{"taxonomy":"product_brand","embeddable":true,"href":"https:\/\/factory.sale\/et\/wp-json\/wp\/v2\/product_brand?post=9866"},{"taxonomy":"product_cat","embeddable":true,"href":"https:\/\/factory.sale\/et\/wp-json\/wp\/v2\/product_cat?post=9866"},{"taxonomy":"product_tag","embeddable":true,"href":"https:\/\/factory.sale\/et\/wp-json\/wp\/v2\/product_tag?post=9866"}],"curies":[{"name":"wp","href":"https:\/\/api.w.org\/{rel}","templated":true}]}}