{"id":98529,"date":"2025-01-19T01:05:10","date_gmt":"2025-01-18T22:10:41","guid":{"rendered":"https:\/\/factory.sale\/?post_type=product&#038;p=98529"},"modified":"2025-01-21T21:04:02","modified_gmt":"2025-01-21T18:04:02","slug":"taisprofiil-servalaud-aia-voodri-ja-terrassiaarte-viimistlemiseks","status":"publish","type":"product","link":"https:\/\/factory.sale\/et\/toode\/taisprofiil-servalaud-aia-voodri-ja-terrassiaarte-viimistlemiseks\/","title":{"rendered":"T\u00e4isprofiil servalaud aia-, voodri- ja terrassi\u00e4\u00e4rte viimistlemiseks"},"content":{"rendered":"<p>Taralauad on moodne lahendus igale aiale ning eramaja v\u00f5i \u00e4ripinna territooriumile.<\/p>\n<p>V\u00f5rreldes naturaalsest puidust laudadega on need taralauad vastupidavamad ega vaja erilist hooldust, mis v\u00f5imaldab veeta rohkem aega \u00f5ues koos pere ja s\u00f5pradega.<\/p>\n<p>Lauad sobivad ideaalselt muutlike ilmastikuolude jaoks.<\/p>\n<p>&nbsp;<\/p>\n<p><strong>Tehnilised andmed:<\/strong><\/p>\n<p>Laius: 70 mm;<br \/>\nPaksus: 10 mm;<br \/>\nPikkus: 4000;<br \/>\nMaterjal: WPC.<\/p>\n<p>&nbsp;<\/p>\n<p>&nbsp;<\/p>\n<p><strong>V\u00e4rvitoonid:<\/strong><br \/>\n<img loading=\"lazy\" decoding=\"async\" class=\"alignnone wp-image-97830\" src=\"https:\/\/factory.sale\/wp-content\/uploads\/2025\/01\/Composite-terrace-boards-classic-factory-sale-6-300x50.png\" sizes=\"auto, (max-width: 666px) 100vw, 666px\" srcset=\"https:\/\/factory.sale\/wp-content\/uploads\/2025\/01\/Composite-terrace-boards-classic-factory-sale-6-300x50.png 300w, https:\/\/factory.sale\/wp-content\/uploads\/2025\/01\/Composite-terrace-boards-classic-factory-sale-6-1024x172.png 1024w, https:\/\/factory.sale\/wp-content\/uploads\/2025\/01\/Composite-terrace-boards-classic-factory-sale-6-150x25.png 150w, https:\/\/factory.sale\/wp-content\/uploads\/2025\/01\/Composite-terrace-boards-classic-factory-sale-6-1536x258.png 1536w, https:\/\/factory.sale\/wp-content\/uploads\/2025\/01\/Composite-terrace-boards-classic-factory-sale-6-600x101.png 600w, https:\/\/factory.sale\/wp-content\/uploads\/2025\/01\/Composite-terrace-boards-classic-factory-sale-6.png 1538w\" alt=\"\" width=\"666\" height=\"111\" \/><\/p>\n<p>&nbsp;<\/p>\n","protected":false},"excerpt":{"rendered":"<p>V\u00f5rreldes naturaalsest puidust laudadega on need taralauad vastupidavamad ega vaja erilist hooldust, mis v\u00f5imaldab veeta rohkem aega \u00f5ues koos pere ja s\u00f5pradega.<\/p>\n<p><strong>Hind antud m kohta.<\/strong><\/p>\n","protected":false},"featured_media":98518,"comment_status":"open","ping_status":"closed","template":"","meta":{"_acf_changed":false},"factory":[],"free-shipment":[],"product_brand":[],"product_cat":[2016,1603],"product_tag":[],"class_list":{"0":"post-98529","1":"product","2":"type-product","3":"status-publish","4":"has-post-thumbnail","6":"product_cat-composite-wood","7":"product_cat-wood-products","9":"first","10":"instock","11":"sale","12":"taxable","13":"shipping-taxable","14":"purchasable","15":"product-type-simple"},"acf":[],"_links":{"self":[{"href":"https:\/\/factory.sale\/et\/wp-json\/wp\/v2\/product\/98529","targetHints":{"allow":["GET"]}}],"collection":[{"href":"https:\/\/factory.sale\/et\/wp-json\/wp\/v2\/product"}],"about":[{"href":"https:\/\/factory.sale\/et\/wp-json\/wp\/v2\/types\/product"}],"replies":[{"embeddable":true,"href":"https:\/\/factory.sale\/et\/wp-json\/wp\/v2\/comments?post=98529"}],"wp:featuredmedia":[{"embeddable":true,"href":"https:\/\/factory.sale\/et\/wp-json\/wp\/v2\/media\/98518"}],"wp:attachment":[{"href":"https:\/\/factory.sale\/et\/wp-json\/wp\/v2\/media?parent=98529"}],"wp:term":[{"taxonomy":"factory","embeddable":true,"href":"https:\/\/factory.sale\/et\/wp-json\/wp\/v2\/factory?post=98529"},{"taxonomy":"free-shipment","embeddable":true,"href":"https:\/\/factory.sale\/et\/wp-json\/wp\/v2\/free-shipment?post=98529"},{"taxonomy":"product_brand","embeddable":true,"href":"https:\/\/factory.sale\/et\/wp-json\/wp\/v2\/product_brand?post=98529"},{"taxonomy":"product_cat","embeddable":true,"href":"https:\/\/factory.sale\/et\/wp-json\/wp\/v2\/product_cat?post=98529"},{"taxonomy":"product_tag","embeddable":true,"href":"https:\/\/factory.sale\/et\/wp-json\/wp\/v2\/product_tag?post=98529"}],"curies":[{"name":"wp","href":"https:\/\/api.w.org\/{rel}","templated":true}]}}