{"id":98511,"date":"2025-01-18T23:49:21","date_gmt":"2025-01-18T20:56:24","guid":{"rendered":"https:\/\/factory.sale\/?post_type=product&#038;p=98511"},"modified":"2025-01-19T07:21:34","modified_gmt":"2025-01-19T04:21:34","slug":"aiamajake-breta-44-mm-4x6-m-24-m%c2%b2","status":"publish","type":"product","link":"https:\/\/factory.sale\/et\/toode\/aiamajake-breta-44-mm-4x6-m-24-m%c2%b2\/","title":{"rendered":"Aiamajake BRETA (44 mm), 4\u00d76 m, 24 m\u00b2"},"content":{"rendered":"<p>BRETA aiamajake on taskukohane, funktsionaalne ja v\u00f5luv maja, mis rikastab iga \u00f5ues viibimise kogemust. Selle paigutus sisaldab avarat \u00fchist ala, mis v\u00f5ib toimida nii k\u00f6\u00f6gi kui ka elutoana, ning eraldi vannituba, mis tagab privaatsuse. Kompaktne terrass pakub ideaalset kohta l\u00f5\u00f5gastumiseks ja looduse nautimiseks. Oma erilise \u00fcmara disaini ja kahe uksega \u00fchendab BRETA aiamajake traditsioonilisust ja kutsuvat esteetikat.<\/p>\n<p>Olgu see isiklikuks kasutuseks v\u00f5i osa gl\u00e4mpingu \u00e4rist, BRETA aiamajake on mitmek\u00fclgne valik, mis vastab erinevatele vajadustele.<\/p>\n<p>&nbsp;<\/p>\n<p><strong>Aiamajake BRETA peamised omadused:<\/strong><\/p>\n<p>Mitmek\u00fclgne kasutus: Sobib ideaalselt k\u00fclalistetoaks, tagaaia k\u00e4mpingukabiiniks v\u00f5i gl\u00e4mpingu\u00e4ri keskpunktiks.<br \/>\nUnikaalne disain: \u00dcmar kuju lisab igale keskkonnale erilisust ja stiili.<br \/>\nSaadaval erinevad suurused: Mitmed suuruse valikud vastavalt isiklikele eelistustele.<br \/>\nKompaktne terrass: Hubane koht l\u00f5\u00f5gastumiseks ja looduse nautimiseks.<br \/>\nAvar \u00fchine ala: 15 m\u00b2, mis on m\u00f5eldud kombineeritud k\u00f6\u00f6gi ja elutoana kasutamiseks.<br \/>\nPrivaatne vannituba: Tagab k\u00f5igile kasutajatele mugavuse ja privaatsuse.<\/p>\n<p>&nbsp;<\/p>\n<p><strong>Tehnilised andmed:<\/strong><\/p>\n<p>Materjal: Sertifitseeritud p\u00f5hjamaine m\u00e4nd v\u00f5i kuusk<br \/>\nP\u00f5randapindala: 24 m\u00b2<br \/>\nV\u00e4lism\u00f5\u00f5dud: 400 x 600 cm<br \/>\nSeina paksus: 44 mm<br \/>\nKatus: 44 mm katuseplaadid (valikuline bituumenkate saadaval)<br \/>\nP\u00f5rand: 18 mm sulundlaud (valikuline)<br \/>\nRuume: 3<br \/>\nKatuse \u00fcleulatus: 60 cm<br \/>\nHarja k\u00f5rgus: 250 cm<br \/>\nUksed:<br \/>\nKahepoolne uks: 161 cm x 192 cm<br \/>\n\u00dchepoolne uks: 70 cm x 192 cm<br \/>\nAknad:<br \/>\n1 aken: 70 cm x 105 cm<br \/>\n1 aken: 90 cm x 39 cm<\/p>\n<p>&nbsp;<\/p>\n<p>&nbsp;<\/p>\n<p><strong>Miks valida aiamajake BRETA?<\/strong><\/p>\n<p>Kui otsite avarat ja multifunktsionaalset puhkeala v\u00f5i gl\u00e4mpingu lahendust, on BRETA aiamajake ideaalne valik. Kvaliteetsest puidust valmistatud majake pakub piisavalt ruumi pere kogunemisteks v\u00f5i \u00e4riprojektideks. Selle praktiline paigutus ja vastupidavad materjalid tagavad, et see pakub r\u00f5\u00f5mu ja kasu aastateks. Rikastage oma \u00f5ueala BRETA aiamajakese abil \u2013 see stiilne ja funktsionaalne maja \u00fchendab mugavuse loomuliku v\u00f5luga.<\/p>\n<p>&nbsp;<\/p>\n<div class=\"video-wrapper \"><iframe loading=\"lazy\" title=\"How To Build a Log Cabin | Assembly Instructions\" width=\"500\" height=\"281\" src=\"https:\/\/www.youtube.com\/embed\/k9kK04ZBp0o?feature=oembed\" frameborder=\"0\" allow=\"accelerometer; autoplay; clipboard-write; encrypted-media; gyroscope; picture-in-picture; web-share\" referrerpolicy=\"strict-origin-when-cross-origin\" allowfullscreen><\/iframe><\/div>\n<div class=\"video-wrapper \"><iframe loading=\"lazy\" title=\"Hoe monteer je dakshingles voor zadeldaken?\" width=\"500\" height=\"281\" src=\"https:\/\/www.youtube.com\/embed\/9S4j3SFXrjM?feature=oembed\" frameborder=\"0\" allow=\"accelerometer; autoplay; clipboard-write; encrypted-media; gyroscope; picture-in-picture; web-share\" referrerpolicy=\"strict-origin-when-cross-origin\" allowfullscreen><\/iframe><\/div>\n","protected":false},"excerpt":{"rendered":"<p>Kui otsite avarat ja multifunktsionaalset puhkeala v\u00f5i gl\u00e4mpingu lahendust, on BRETA aiamajake ideaalne valik. Kvaliteetsest puidust valmistatud majake pakub piisavalt ruumi pere kogunemisteks v\u00f5i \u00e4riprojektideks. Selle praktiline paigutus ja vastupidavad materjalid tagavad, et see pakub r\u00f5\u00f5mu ja kasu aastateks. Rikastage oma \u00f5ueala BRETA aiamajakese abil \u2013 see stiilne ja funktsionaalne maja \u00fchendab mugavuse loomuliku v\u00f5luga.<\/p>\n","protected":false},"featured_media":98487,"comment_status":"open","ping_status":"closed","template":"","meta":{"_acf_changed":false},"factory":[],"free-shipment":[],"product_brand":[],"product_cat":[917,2887],"product_tag":[],"class_list":{"0":"post-98511","1":"product","2":"type-product","3":"status-publish","4":"has-post-thumbnail","6":"product_cat-garden-yard","7":"product_cat-camping-cabins","9":"first","10":"instock","11":"sale","12":"taxable","13":"shipping-taxable","14":"purchasable","15":"product-type-simple"},"acf":[],"_links":{"self":[{"href":"https:\/\/factory.sale\/et\/wp-json\/wp\/v2\/product\/98511","targetHints":{"allow":["GET"]}}],"collection":[{"href":"https:\/\/factory.sale\/et\/wp-json\/wp\/v2\/product"}],"about":[{"href":"https:\/\/factory.sale\/et\/wp-json\/wp\/v2\/types\/product"}],"replies":[{"embeddable":true,"href":"https:\/\/factory.sale\/et\/wp-json\/wp\/v2\/comments?post=98511"}],"wp:featuredmedia":[{"embeddable":true,"href":"https:\/\/factory.sale\/et\/wp-json\/wp\/v2\/media\/98487"}],"wp:attachment":[{"href":"https:\/\/factory.sale\/et\/wp-json\/wp\/v2\/media?parent=98511"}],"wp:term":[{"taxonomy":"factory","embeddable":true,"href":"https:\/\/factory.sale\/et\/wp-json\/wp\/v2\/factory?post=98511"},{"taxonomy":"free-shipment","embeddable":true,"href":"https:\/\/factory.sale\/et\/wp-json\/wp\/v2\/free-shipment?post=98511"},{"taxonomy":"product_brand","embeddable":true,"href":"https:\/\/factory.sale\/et\/wp-json\/wp\/v2\/product_brand?post=98511"},{"taxonomy":"product_cat","embeddable":true,"href":"https:\/\/factory.sale\/et\/wp-json\/wp\/v2\/product_cat?post=98511"},{"taxonomy":"product_tag","embeddable":true,"href":"https:\/\/factory.sale\/et\/wp-json\/wp\/v2\/product_tag?post=98511"}],"curies":[{"name":"wp","href":"https:\/\/api.w.org\/{rel}","templated":true}]}}