{"id":98476,"date":"2025-01-17T20:05:55","date_gmt":"2025-01-17T17:11:51","guid":{"rendered":"https:\/\/factory.sale\/?post_type=product&#038;p=98476"},"modified":"2025-09-15T13:41:16","modified_gmt":"2025-09-15T10:41:16","slug":"ladustamiskonteiner-unipal48-12-ibc-jaoks","status":"publish","type":"product","link":"https:\/\/factory.sale\/et\/toode\/ladustamiskonteiner-unipal48-12-ibc-jaoks\/","title":{"rendered":"Ladustamiskonteiner Unipal48 12 IBC jaoks"},"content":{"rendered":"<p>Ladustamiskonteineri p\u00f5hi on valmistatud teraslehest ja tugevduse lisamiseks on kasutatud RHS-ristikuid ja pressitud ribisid. K\u00f5ik nurgapostid, riiulid, p\u00f5hitalad ja ristmikud on valmistatud rullitud \u00f5\u00f5nesprofiilidest, samas kui tagasein, k\u00fcljed ja uksepaneelid on valmistatud teraslehest, mis on vajadusel laineliseks pressitud. Katus on pressitud, varustatud sobivate tugedega, keevitatud perimeetri \u00fcmber ning varustatud kraanade t\u00f5stepunktidega. Terasest l\u00fckanduksed liiguvad kergelt libiseval siinil. Sump on valmistatud terasest, t\u00e4ielikult tihendatud keevitusega ja varustatud terasest kaubaaluste kanalitega. Vastab t\u00e4ielikult kehtivatele normidele, mis puudutavad mahutavust, ning selle alumine osa on varustatud plintidega, et v\u00e4ltida maapinnaga kokkupuudet ja v\u00e4hendada korrosiooniriski. \u00dclemisel tasandil asuvad kaubaalused otse terastoestuse raamile ning enne v\u00e4rvimist on konteiner t\u00e4ielikult liivapritsiga t\u00f6\u00f6deldud, et tagada puhas ja nakkuv pind.<\/p>\n<p>See mudel mahutab kuni 48 x 205-liitrist t\u00fcnni v\u00f5i 12 x 1000-liitrist IBC-d kahel tasandil ning sobib standardsetele kaubaalustele suurusega 1200 mm x 1200 mm, 1200 mm x 1000 mm ja 1200 mm x 800 mm.<\/p>\n<p>&nbsp;<\/p>\n<p><strong>Tehnilised andmed:<\/strong><\/p>\n<p>V\u00e4lism\u00f5\u00f5dud: 7800 mm P x 2130 mm L x 3355 mm K<br \/>\nMahutite arv: 48 x 205 l t\u00fcnni v\u00f5i 12 x 1000 l IBC-d<br \/>\nSumpi mahutavus: 4500 l<br \/>\nV\u00e4rv: sinine<br \/>\nTara kaal: 4000 kg<br \/>\nUste t\u00fc\u00fcp: l\u00fckanduksed<br \/>\nV\u00e4rvispetsifikatsioon: k\u00f5rgekvaliteediline, kiiresti kuivav krunt\/kattv\u00e4rv, mis on m\u00f5eldud kasutamiseks otse metallil v\u00f5i paljal terasel; v\u00e4rv sisaldab tsinkfosfaadi korrosioonivastaseid pigmente, keemiliselt vastupidav.<br \/>\nLisavalik: automaatne tulekustuti<\/p>\n<p>&nbsp;<\/p>\n<p><strong>Tootmisaeg:<\/strong> 30\u201360 p\u00e4eva p\u00e4rast ettemaksu laekumist<br \/>\n<strong>Tarneaeg:<\/strong> maksimaalselt 60 p\u00e4eva p\u00e4rast ettemaksu laekumist<\/p>\n<p>Tutvu teiste sarnaste toodetega <a href=\"https:\/\/factory.sale\/et\/product-category\/aiatooted\/toostuslikud-mahutid\/\">siin<\/a><\/p>\n<section class=\"container-fluid mt-5\">\n<div class=\"container-xl\">\n<div id=\"productTabContent\" class=\"tab-content\">\n<div id=\"description\" class=\"tab-pane fade show active\" role=\"tabpanel\" aria-labelledby=\"description-tab\">\n<p>&nbsp;<\/p>\n<p><strong><em>Ei ole kindel, millist mahutit valida? Meie blogipostitus \u201c<a href=\"https:\/\/factory.sale\/et\/blog\/kuidas-valida-sobiv-mahuti\/\" target=\"_blank\" rel=\"noopener\">Kuidas valida sobiv mahuti<\/a>\u201d selgitab samm-sammult, mida silmas pidada uut mahutit valides. Vaata j\u00e4rele!<\/em><\/strong><\/p>\n<\/div>\n<\/div>\n<\/div>\n<\/section>\n","protected":false},"excerpt":{"rendered":"<p>Ladustamiskonteiner 48 t\u00fcnni v\u00f5i 12 IBC jaoks, valmistatud terasest, 4500-liitrise sumpiga, l\u00fckandustega ja korrosioonikindla viimistlusega.<\/p>\n<p>&nbsp;<\/p>\n","protected":false},"featured_media":98440,"comment_status":"open","ping_status":"closed","template":"","meta":{"_acf_changed":false},"factory":[],"free-shipment":[],"product_brand":[],"product_cat":[3044],"product_tag":[],"class_list":{"0":"post-98476","1":"product","2":"type-product","3":"status-publish","4":"has-post-thumbnail","6":"product_cat-konteinerid-ja-mahutid","8":"first","9":"instock","10":"sale","11":"taxable","12":"shipping-taxable","13":"purchasable","14":"product-type-simple"},"acf":[],"_links":{"self":[{"href":"https:\/\/factory.sale\/et\/wp-json\/wp\/v2\/product\/98476","targetHints":{"allow":["GET"]}}],"collection":[{"href":"https:\/\/factory.sale\/et\/wp-json\/wp\/v2\/product"}],"about":[{"href":"https:\/\/factory.sale\/et\/wp-json\/wp\/v2\/types\/product"}],"replies":[{"embeddable":true,"href":"https:\/\/factory.sale\/et\/wp-json\/wp\/v2\/comments?post=98476"}],"wp:featuredmedia":[{"embeddable":true,"href":"https:\/\/factory.sale\/et\/wp-json\/wp\/v2\/media\/98440"}],"wp:attachment":[{"href":"https:\/\/factory.sale\/et\/wp-json\/wp\/v2\/media?parent=98476"}],"wp:term":[{"taxonomy":"factory","embeddable":true,"href":"https:\/\/factory.sale\/et\/wp-json\/wp\/v2\/factory?post=98476"},{"taxonomy":"free-shipment","embeddable":true,"href":"https:\/\/factory.sale\/et\/wp-json\/wp\/v2\/free-shipment?post=98476"},{"taxonomy":"product_brand","embeddable":true,"href":"https:\/\/factory.sale\/et\/wp-json\/wp\/v2\/product_brand?post=98476"},{"taxonomy":"product_cat","embeddable":true,"href":"https:\/\/factory.sale\/et\/wp-json\/wp\/v2\/product_cat?post=98476"},{"taxonomy":"product_tag","embeddable":true,"href":"https:\/\/factory.sale\/et\/wp-json\/wp\/v2\/product_tag?post=98476"}],"curies":[{"name":"wp","href":"https:\/\/api.w.org\/{rel}","templated":true}]}}