{"id":98474,"date":"2025-01-17T20:05:50","date_gmt":"2025-01-17T17:10:23","guid":{"rendered":"https:\/\/factory.sale\/?post_type=product&#038;p=98474"},"modified":"2025-01-24T10:12:39","modified_gmt":"2025-01-24T07:12:39","slug":"aada-xl-saun-kokkupandud-ja-soojustatud-6-x-2-2m","status":"publish","type":"product","link":"https:\/\/factory.sale\/et\/toode\/aada-xl-saun-kokkupandud-ja-soojustatud-6-x-2-2m\/","title":{"rendered":"&#8220;Aada XL&#8221; saun, kokkupandud ja soojustatud, 6 x 2.2m"},"content":{"rendered":"<p>Aada XL saun on ideaalne valik neile, kes otsivad avarat ja mitmek\u00fclgset sauna aastaringseks kasutamiseks. Selle m\u00f5\u00f5tmed on 6 x 2,2 m ning saunas on kolm eraldi ruumi, mis pakuvad enneolematut mugavust ja funktsionaalsust. Kolm ruumi h\u00f5lmavad leiliruumi, riietusruumi ja lisaruumi, mida saab kasutada du\u0161iruumi v\u00f5i hoiustamisalana, muutes selle ideaalseks valikuks peredele v\u00f5i mitmeotstarbeliseks kasutamiseks. Leiliruumi suur panoraamaken laseb sisse loomulikku valgust ja pakub suurep\u00e4raseid vaateid, luues rahustava ja kutsuva \u00f5hkkonna. Kvaliteetsetest materjalidest valmistatud ja 100 mm mineraalvillaga soojustatud Aada XL saun on loodud taluma ka k\u00f5ige karmimaid ilmastikutingimusi, s\u00e4ilitades samas optimaalse soojapidavuse.<\/p>\n<p><strong>Tehnilised andmed:<\/strong><\/p>\n<ul>\n<li>V\u00e4lism\u00f5\u00f5dud: 6 x 2,2 m<\/li>\n<li>Sisem\u00f5\u00f5dud: 5,8 x 1,9 m<\/li>\n<li>Kogupindala: 10,7 m\u00b2<\/li>\n<li>Harjak\u00f5rgus: 2,5 m<\/li>\n<li>Seina paksus: 180 mm (soojustusega)<\/li>\n<li>Katuse kalle: 7\u00b0<\/li>\n<li>Panoraamakende m\u00f5\u00f5tmed: 2300 x 1480 mm (peamine aken), 550 x 1480 mm (lisaken), 8 mm pronkskarastatud klaas<\/li>\n<li>Ukse m\u00f5\u00f5dud: 900 x 1900 mm<\/li>\n<li>Kaal: u 2200 kg<\/li>\n<\/ul>\n<p><strong>Peamised omadused:<\/strong><\/p>\n<ul>\n<li>Kokku pandud ja soojustatud: valmis koheseks kasutamiseks aastaringselt.<\/li>\n<li>Avar disain kolme ruumiga: leiliruum, riietusruum ja lisaruum du\u0161i v\u00f5i hoiustamise jaoks.<\/li>\n<li>T\u00f5hus soojapidavus: 100 mm mineraalvillaga soojustus seintes ja katuses.<\/li>\n<li>Suured panoraamaknad, mis on valmistatud 8 mm karastatud klaasist, toovad ruumi loomuliku valguse ja pakuvad kauneid vaateid.<\/li>\n<li>Kvaliteetsed kahetasandilised puidust pingid maksimaalseks mugavuseks.<\/li>\n<li>Stiilne ja vastupidav disain, mis sobib igasse \u00f5ueruumi.<\/li>\n<\/ul>\n<p><strong>Komplektis sisaldub:<\/strong><\/p>\n<ul>\n<li>Kokku pandud ja soojustatud saunamaja.<\/li>\n<li>Vastupidava bituumensindliga kaetud katus.<\/li>\n<li>Kvaliteetsed saunapingid (\u00fclemine: 1,8 x 1,8 x 0,6 m, alumine: 1,25 x 1,25 x 0,35 m).<\/li>\n<li>Panoraamaknad (pronkskarastatud klaas) ja uks.<\/li>\n<li>Ventileeritud ja soojustatud seinad, katus ning p\u00f5rand maksimaalseks efektiivsuseks.<\/li>\n<\/ul>\n<p>NB! Keris ei kuulu komplekti! Sobiva\u00a0<a href=\"https:\/\/factory.sale\/et\/toode\/puukuttega-keris-harvia-20-pro\/\" target=\"_blank\" rel=\"noopener\">ahjuk\u00fcttega kerise leiad siit<\/a>\u00a0ja\u00a0<a href=\"https:\/\/factory.sale\/et\/toode\/elektrikeris-huum-hive-12kw\/\" target=\"_blank\" rel=\"noopener\">elektrikerise siit<\/a>.<\/p>\n","protected":false},"excerpt":{"rendered":"<p>Aada XL saun, m\u00f5\u00f5tmetega 6 x 2,2 m, on avar ja soojustatud saun, millel on kolm ruumi mitmek\u00fclgseks kasutamiseks. Suured panoraamaknad, kvaliteetsed pingid ja vastupidavad materjalid teevad sellest ideaalse valiku aastaringseks kasutamiseks.<\/p>\n","protected":false},"featured_media":98453,"comment_status":"open","ping_status":"closed","template":"","meta":{"_acf_changed":false},"factory":[],"free-shipment":[],"product_brand":[],"product_cat":[826,2257,784],"product_tag":[4444,1908,4447],"class_list":{"0":"post-98474","1":"product","2":"type-product","3":"status-publish","4":"has-post-thumbnail","6":"product_cat-saunas-et","7":"product_cat-valisaun","8":"product_cat-sanitaartehnika","9":"product_tag-garden-sauna-et","10":"product_tag-outdoor-sauna-et","11":"product_tag-year-round-sauna-et","13":"first","14":"instock","15":"sale","16":"taxable","17":"shipping-taxable","18":"purchasable","19":"product-type-simple"},"acf":[],"_links":{"self":[{"href":"https:\/\/factory.sale\/et\/wp-json\/wp\/v2\/product\/98474","targetHints":{"allow":["GET"]}}],"collection":[{"href":"https:\/\/factory.sale\/et\/wp-json\/wp\/v2\/product"}],"about":[{"href":"https:\/\/factory.sale\/et\/wp-json\/wp\/v2\/types\/product"}],"replies":[{"embeddable":true,"href":"https:\/\/factory.sale\/et\/wp-json\/wp\/v2\/comments?post=98474"}],"wp:featuredmedia":[{"embeddable":true,"href":"https:\/\/factory.sale\/et\/wp-json\/wp\/v2\/media\/98453"}],"wp:attachment":[{"href":"https:\/\/factory.sale\/et\/wp-json\/wp\/v2\/media?parent=98474"}],"wp:term":[{"taxonomy":"factory","embeddable":true,"href":"https:\/\/factory.sale\/et\/wp-json\/wp\/v2\/factory?post=98474"},{"taxonomy":"free-shipment","embeddable":true,"href":"https:\/\/factory.sale\/et\/wp-json\/wp\/v2\/free-shipment?post=98474"},{"taxonomy":"product_brand","embeddable":true,"href":"https:\/\/factory.sale\/et\/wp-json\/wp\/v2\/product_brand?post=98474"},{"taxonomy":"product_cat","embeddable":true,"href":"https:\/\/factory.sale\/et\/wp-json\/wp\/v2\/product_cat?post=98474"},{"taxonomy":"product_tag","embeddable":true,"href":"https:\/\/factory.sale\/et\/wp-json\/wp\/v2\/product_tag?post=98474"}],"curies":[{"name":"wp","href":"https:\/\/api.w.org\/{rel}","templated":true}]}}