{"id":98394,"date":"2025-01-17T18:08:48","date_gmt":"2025-01-17T15:19:52","guid":{"rendered":"https:\/\/factory.sale\/?post_type=product&#038;p=98394"},"modified":"2025-01-24T10:10:28","modified_gmt":"2025-01-24T07:10:28","slug":"aada-saun-kokkupandud-ja-soojustatud-32-x-24m","status":"publish","type":"product","link":"https:\/\/factory.sale\/et\/toode\/aada-saun-kokkupandud-ja-soojustatud-32-x-24m\/","title":{"rendered":"&#8220;Aada&#8221; saun, kokkupandud ja soojustatud, 3,2 x 2,4m"},"content":{"rendered":"<p>Too oma \u00f5uealale stiilne ja praktiline lahendus Aada saunaga, mis on kokku pandud ja h\u00e4sti soojustatud aastaringseks kasutamiseks. M\u00f5\u00f5tmetega 3,2 x 2,4 m sobib see saun ideaalselt nii koduaeda kui ka suvilasse. Suur panoraamaken laseb sisse loomuliku valguse ja avab v\u00e4rskendavad vaated \u00fcmbrusele. Sisemuses on kvaliteetsed kahe tasandiga saunapingid, mis muudavad saunakogemuse m\u00f5nusaks ja mugavaks. Saun on ehitatud vastupidavatest materjalidest, tagades pikaajalise kasutuse ja soojapidavuse ka k\u00fclmematel kuudel.<\/p>\n<p><strong>Tehnilised andmed:<\/strong><\/p>\n<ul>\n<li>V\u00e4lism\u00f5\u00f5dud: 3,2 x 2,4 m<\/li>\n<li>Sisem\u00f5\u00f5dud: 2,65 x 1,9 m<\/li>\n<li>Kogupindala: 4,9 m\u00b2<\/li>\n<li>Harjak\u00f5rgus: 2,5 m<\/li>\n<li>Seina paksus: 180 mm (soojustusega)<\/li>\n<li>Katuse kalle: 7\u00b0<\/li>\n<li>Panoraamakna m\u00f5\u00f5tmed: 2300 x 1480 mm, 8 mm (pronks) karastatud klaas<\/li>\n<li>Ukse m\u00f5\u00f5dud: 900 x 1900 mm<\/li>\n<li>Kaal: u 1200 kg<\/li>\n<\/ul>\n<p><strong>Peamised omadused:<\/strong><\/p>\n<ul>\n<li>Kasutamiseks valmis: saun on kokku pandud ja soojustatud.<\/li>\n<li>T\u00f5hus soojapidavus: 100 mm mineraalvill soojustus seintes ja katuses.<\/li>\n<li>Panoraamaken: suur klaaspind pakub avaraid vaateid ja loomulikku valgust.<\/li>\n<li>Mugav sisu: kvaliteetsed kahe tasandiga pingid m\u00f5nusaks saunatamiseks.<\/li>\n<li>Vastupidav disain: sobib erinevatesse \u00f5uekeskkondadesse ja talub ka karmimaid tingimusi.<\/li>\n<\/ul>\n<p><strong>Komplektis sisaldub:<\/strong><\/p>\n<ul>\n<li>Valmis kokku pandud ja soojustatud saunamaja.<\/li>\n<li>Bituumensindliga kaetud katus.<\/li>\n<li>Kvaliteetsed saunapingid (\u00fclemine: 1,8 x 1,8 x 0,6 m, alumine: 1,25 x 1,25 x 0,35 m).<\/li>\n<li>Panoraamaken (pronkskarastatud klaas) ja uks.<\/li>\n<li>Soojustatud ja ventileeritud seinad, katus ning p\u00f5rand.<\/li>\n<\/ul>\n<p>NB! Keris ei kuulu komplekti! Sobiva\u00a0<a href=\"https:\/\/factory.sale\/et\/toode\/puukuttega-keris-harvia-20-pro\/\" target=\"_blank\" rel=\"noopener\">ahjuk\u00fcttega kerise leiad siit<\/a>\u00a0ja\u00a0<a href=\"https:\/\/factory.sale\/et\/toode\/elektrikeris-huum-hive-12kw\/\" target=\"_blank\" rel=\"noopener\">elektrikerise siit<\/a>.<\/p>\n","protected":false},"excerpt":{"rendered":"<p>Aada saun on kasutamiseks valmis kokku pandud ja soojustatud saun. Suur panoraamaken, mugavad pingid ja vastupidav ehitus teevad sellest t\u00e4iusliku lahenduse igale \u00f5uealale.<\/p>\n","protected":false},"featured_media":98380,"comment_status":"open","ping_status":"closed","template":"","meta":{"_acf_changed":false},"factory":[],"free-shipment":[],"product_brand":[],"product_cat":[826,2257,784],"product_tag":[4444,1908,4447],"class_list":{"0":"post-98394","1":"product","2":"type-product","3":"status-publish","4":"has-post-thumbnail","6":"product_cat-saunas-et","7":"product_cat-valisaun","8":"product_cat-sanitaartehnika","9":"product_tag-garden-sauna-et","10":"product_tag-outdoor-sauna-et","11":"product_tag-year-round-sauna-et","13":"first","14":"instock","15":"sale","16":"taxable","17":"shipping-taxable","18":"purchasable","19":"product-type-simple"},"acf":[],"_links":{"self":[{"href":"https:\/\/factory.sale\/et\/wp-json\/wp\/v2\/product\/98394","targetHints":{"allow":["GET"]}}],"collection":[{"href":"https:\/\/factory.sale\/et\/wp-json\/wp\/v2\/product"}],"about":[{"href":"https:\/\/factory.sale\/et\/wp-json\/wp\/v2\/types\/product"}],"replies":[{"embeddable":true,"href":"https:\/\/factory.sale\/et\/wp-json\/wp\/v2\/comments?post=98394"}],"wp:featuredmedia":[{"embeddable":true,"href":"https:\/\/factory.sale\/et\/wp-json\/wp\/v2\/media\/98380"}],"wp:attachment":[{"href":"https:\/\/factory.sale\/et\/wp-json\/wp\/v2\/media?parent=98394"}],"wp:term":[{"taxonomy":"factory","embeddable":true,"href":"https:\/\/factory.sale\/et\/wp-json\/wp\/v2\/factory?post=98394"},{"taxonomy":"free-shipment","embeddable":true,"href":"https:\/\/factory.sale\/et\/wp-json\/wp\/v2\/free-shipment?post=98394"},{"taxonomy":"product_brand","embeddable":true,"href":"https:\/\/factory.sale\/et\/wp-json\/wp\/v2\/product_brand?post=98394"},{"taxonomy":"product_cat","embeddable":true,"href":"https:\/\/factory.sale\/et\/wp-json\/wp\/v2\/product_cat?post=98394"},{"taxonomy":"product_tag","embeddable":true,"href":"https:\/\/factory.sale\/et\/wp-json\/wp\/v2\/product_tag?post=98394"}],"curies":[{"name":"wp","href":"https:\/\/api.w.org\/{rel}","templated":true}]}}