{"id":9815,"date":"2022-07-07T15:21:26","date_gmt":"2022-07-07T15:23:40","guid":{"rendered":"https:\/\/factory.sale\/?post_type=product&#038;p=9815"},"modified":"2024-06-27T13:33:18","modified_gmt":"2024-06-27T13:33:18","slug":"ookapp-eco-uhe-sahtliga-2","status":"publish","type":"product","link":"https:\/\/factory.sale\/et\/toode\/ookapp-eco-uhe-sahtliga-2\/","title":{"rendered":"\u00d6\u00f6kapp Eco \u00fche sahtliga"},"content":{"rendered":"<p><b><strong style=\"font-style: inherit;\">\u00d6\u00f6kapp Eco disain ja m\u00f5\u00f5dud:<\/strong><\/b><\/p>\n<ul>\n<li style=\"font-style: inherit; font-weight: inherit;\">\u00d6\u00f6kapp \u00fche sahtliga<\/li>\n<li style=\"font-style: inherit; font-weight: inherit;\">K\u00f5rgus 30 cm x laius 50 cm x s\u00fcgavus 40 cm<\/li>\n<li style=\"font-style: inherit; font-weight: inherit;\">V\u00e4rv: Russet<\/li>\n<li style=\"font-style: inherit; font-weight: inherit;\">Sahtel on valmistatud t\u00e4ispuidust<\/li>\n<li style=\"font-style: inherit; font-weight: inherit;\">Sahtli esipaneelil on kasutatud naturaalset tiiger-bambuse t\u00fcve<\/li>\n<li style=\"font-style: inherit; font-weight: inherit;\">Bambust\u00fcve l\u00e4bim\u00f5\u00f5t 6-8 cm<\/li>\n<li style=\"font-style: inherit; font-weight: inherit;\">Sahtlil on n\u00e4gus metallist k\u00e4epide<\/li>\n<li style=\"font-style: inherit; font-weight: inherit;\">Sahtli liugurid on valmistatud Saksamaal (pehmelt sulguv s\u00fcsteem)<\/li>\n<li style=\"font-style: inherit; font-weight: inherit;\">\u00d6\u00f6kapi karkass on valmistatud bambuskattega vineerist, mille pealispind on k\u00e4sitsi kooritud bambusest<\/li>\n<li style=\"font-style: inherit; font-weight: inherit;\">Toode on \u00fches t\u00fckis, ei vaja kokku panemist<\/li>\n<\/ul>\n<p><b><strong style=\"font-style: inherit;\">Toote \u00fcldkirjeldus:<\/strong><\/b><\/p>\n<ul>\n<li style=\"font-style: inherit; font-weight: inherit;\">Kogu meie bambusm\u00f6\u00f6bel on k\u00e4sitsi valmistatud ja unikaalne<\/li>\n<li style=\"font-style: inherit; font-weight: inherit;\">Kuna tegemist on naturaalse tootega, v\u00f5ib esineda v\u00e4rvide ja\/v\u00f5i tekstuuri variatsioone<\/li>\n<li style=\"font-style: inherit; font-weight: inherit;\">Spetsiaalselt valmistatud Euroopa kliima jaoks.\u00a0<span style=\"font-style: inherit; font-weight: inherit;\">Bambus on kuivatatud spetsiaalsetes ahjudes, et minimeerida kliima muutusest tingitud pragunemist. Siiski v\u00f5ib bambustoodetel esineda v\u00e4ikeseid pragusid, mis ei muuda mingil moel toote kvaliteeti ega tugevust. <\/span><\/li>\n<li style=\"font-style: inherit; font-weight: inherit;\">M\u00f6\u00f6bli l\u00f5ppviimistlusel on kasutatud k\u00f5rgkvaliteetset l\u00e4bipaistvat lakki<\/li>\n<li style=\"font-style: inherit; font-weight: inherit;\">Piltidel olevad sisustuselemendid ei sisaldu hinnas<\/li>\n<li style=\"font-style: inherit; font-weight: inherit;\">Pakkide arv: 1<\/li>\n<\/ul>\n","protected":false},"excerpt":{"rendered":"<p>Unikaalne ja k\u00e4sitsi valmistatud bambusest \u00f6\u00f6kapp &#8211; ideaalne lisa sinu magamistuppa, et muuta see veelgi hubasemaks!<\/p>\n","protected":false},"featured_media":9810,"comment_status":"open","ping_status":"closed","template":"","meta":{"_acf_changed":false},"factory":[],"free-shipment":[],"product_brand":[],"product_cat":[714],"product_tag":[],"class_list":{"0":"post-9815","1":"product","2":"type-product","3":"status-publish","4":"has-post-thumbnail","6":"product_cat-moobel","8":"first","9":"instock","10":"sale","11":"taxable","12":"shipping-taxable","13":"purchasable","14":"product-type-simple"},"acf":[],"_links":{"self":[{"href":"https:\/\/factory.sale\/et\/wp-json\/wp\/v2\/product\/9815","targetHints":{"allow":["GET"]}}],"collection":[{"href":"https:\/\/factory.sale\/et\/wp-json\/wp\/v2\/product"}],"about":[{"href":"https:\/\/factory.sale\/et\/wp-json\/wp\/v2\/types\/product"}],"replies":[{"embeddable":true,"href":"https:\/\/factory.sale\/et\/wp-json\/wp\/v2\/comments?post=9815"}],"wp:featuredmedia":[{"embeddable":true,"href":"https:\/\/factory.sale\/et\/wp-json\/wp\/v2\/media\/9810"}],"wp:attachment":[{"href":"https:\/\/factory.sale\/et\/wp-json\/wp\/v2\/media?parent=9815"}],"wp:term":[{"taxonomy":"factory","embeddable":true,"href":"https:\/\/factory.sale\/et\/wp-json\/wp\/v2\/factory?post=9815"},{"taxonomy":"free-shipment","embeddable":true,"href":"https:\/\/factory.sale\/et\/wp-json\/wp\/v2\/free-shipment?post=9815"},{"taxonomy":"product_brand","embeddable":true,"href":"https:\/\/factory.sale\/et\/wp-json\/wp\/v2\/product_brand?post=9815"},{"taxonomy":"product_cat","embeddable":true,"href":"https:\/\/factory.sale\/et\/wp-json\/wp\/v2\/product_cat?post=9815"},{"taxonomy":"product_tag","embeddable":true,"href":"https:\/\/factory.sale\/et\/wp-json\/wp\/v2\/product_tag?post=9815"}],"curies":[{"name":"wp","href":"https:\/\/api.w.org\/{rel}","templated":true}]}}