{"id":98123,"date":"2025-01-15T20:33:13","date_gmt":"2025-01-15T17:41:58","guid":{"rendered":"https:\/\/factory.sale\/?post_type=product&#038;p=98123"},"modified":"2026-03-29T13:10:10","modified_gmt":"2026-03-29T10:10:10","slug":"ehala-ergo-220-2-2m-saun","status":"publish","type":"product","link":"https:\/\/factory.sale\/et\/toode\/ehala-ergo-220-2-2m-saun\/","title":{"rendered":"&#8220;Ehala Ergo 220&#8221; &#8211; 2.2m saun"},"content":{"rendered":"<p>T\u00e4ienda oma \u00f5ueala luksusliku Ehala Ergo 220 saunaga \u2013 kaunilt disainitud 2,2-meetrine t\u00fcnnisaun, mis mahutab kuni kuus inimest. Ergonoomiliste saunalavade ja seljatugedega disain tagab maksimaalse mugavuse, samas kui klaasuks lisab kaasaegset stiili. K\u00f5rgkvaliteetsest Skandinaavia kuusest valmistatud Ehala Ergo 220 on vastupidav ja pakub suurep\u00e4rast soojusisolatsiooni ning autentset saunaelamust. Ideaalne lahendus v\u00e4iksemasse koduaeda v\u00f5i j\u00e4rve kaldale &#8211; terviklik l\u00f5\u00f5gastus, vaikus ja aeg iseendale<\/p>\n<p><strong>Tehnilised andmed:<\/strong><\/p>\n<ul>\n<li>Pikkus: 2200 mm<\/li>\n<li>L\u00e4bim\u00f5\u00f5t: 2050 mm \/ 2300 mm<\/li>\n<li>K\u00fcljeseinad: 42 mm<\/li>\n<li>Otsaseinad: 28 mm<\/li>\n<li>Materjal: Kvaliteetne Skandinaavia kuusk, t\u00f6\u00f6tlemata<\/li>\n<li>Saunapingid: Lepp, t\u00f6\u00f6tlemata. Soovitame puidukaitseks kasutada <a href=\"https:\/\/factory.sale\/et\/toode\/varvitu-oli-saunalavadele-supi-laudesuoja-1l\/\" target=\"_blank\" rel=\"noopener\">Tikkurila Sauna SUPI sarja<\/a><\/li>\n<li>Saunapinkide s\u00fcgavus: 525 mm<\/li>\n<li>Istme k\u00f5rgus 630 mm<\/li>\n<li>Uks: 160 x 59 cm, 8 mm karastatud klaas pronksi tooni<\/li>\n<li>Kaal: umbes 650 kg<\/li>\n<li>Pakendi m\u00f5\u00f5dud: 220 x 120 x 85 cm<\/li>\n<\/ul>\n<p><strong>Peamised omadused:<\/strong><\/p>\n<ul>\n<li>Kompaktne ja t\u00f5hus: V\u00f5tab v\u00e4he ruumi, kuid piisavalt suur, et mahutada mugavalt kuni 6 inimest.<\/li>\n<li>Vastupidav Skandinaavia kuusepuit pikaajaliseks kasutamiseks ja t\u00f5husaks soojuse hoidmiseks.<\/li>\n<li>Ajatu t\u00fcnnisauna disain: Klassikaline v\u00e4limus, mis t\u00e4iustab igat \u00f5uekeskkonda.<\/li>\n<li>Ergonoomilised saunapingid ja seljatoed maksimaalseks mugavuseks.<\/li>\n<li>Kaasaegne klaasuks t\u00e4iustab disaini.<\/li>\n<li>Ilmastikukindel katus: Vastupidav katusematerjal tagab pikaajalise kasutuse igas kliimas.<\/li>\n<li>Tarnitakse kokku panemata, et tagada mugav transport.<\/li>\n<\/ul>\n<p><strong>Komplekti kuulub:<\/strong><\/p>\n<ul>\n<li>Valmis saun (kokku panemata kujul)<\/li>\n<li>Klaasuks koos k\u00e4epideme ja hingedega<\/li>\n<li>Kerise all ja tagaseinas, tule- ja kuumakindel minerit plaat<\/li>\n<li>Poolring otsakaared esi- ja tagak\u00fcljel<\/li>\n<li>Ventilatsiooniavad<\/li>\n<li>P\u00f5randarestid<\/li>\n<li>Ergonoomilised saunapingid ning seljatoed, t\u00f6\u00f6tlemata lepp<\/li>\n<li>K\u00f5ik vajalikud kinnitusvahendid ja juhendid paigaldamiseks<\/li>\n<li>Katusematerjal bituumensindel (saadaval erinevates v\u00e4rvitoonides).<\/li>\n<\/ul>\n<p><img loading=\"lazy\" decoding=\"async\" class=\"alignnone wp-image-97386\" src=\"https:\/\/factory.sale\/wp-content\/uploads\/2025\/01\/roof-color-options-300x67.webp\" alt=\"\" width=\"546\" height=\"122\" srcset=\"https:\/\/factory.sale\/wp-content\/uploads\/2025\/01\/roof-color-options-300x67.webp 300w, https:\/\/factory.sale\/wp-content\/uploads\/2025\/01\/roof-color-options-150x33.webp 150w, https:\/\/factory.sale\/wp-content\/uploads\/2025\/01\/roof-color-options-600x134.webp 600w, https:\/\/factory.sale\/wp-content\/uploads\/2025\/01\/roof-color-options.webp 754w\" sizes=\"auto, (max-width: 546px) 100vw, 546px\" \/><\/p>\n<p>NB! Keris ei kuulu komplekti.\u00a0<a href=\"https:\/\/factory.sale\/et\/toode\/elektrikeris-huum-drop-9-kw\/\" target=\"_blank\" rel=\"noopener\">Sobiva elektrikerise leiad siit<\/a>\u00a0ja\u00a0<a href=\"https:\/\/factory.sale\/et\/toode\/harvia-m3-puukeris\/\" target=\"_blank\" rel=\"noopener\">puuk\u00fcttega kerise siit<\/a>.<\/p>\n<p><strong>Valikulised lisad (lisatasu eest):<\/strong><\/p>\n<ul>\n<li>Poolpanoraam aken tagaseinas (saadaval pronksi v\u00f5i peegli viimistlusega)<\/li>\n<li>T\u00e4isklaasist tagasein (saadaval pronksi v\u00f5i peegli viimistlusega)<\/li>\n<li>Klaasist esisein (klaasuksega) (saadaval pronksi v\u00f5i peegli viimistlusega)<\/li>\n<li>LED-valgustusribad<\/li>\n<li>2 avatavat akent<\/li>\n<li>2 mitte avanevat akent<\/li>\n<li>Kaelatoekomplekt (2 tk)<\/li>\n<li>Saunatarvikute komplekt (kibu, kulp\u00a0 ja termomeeter)<\/li>\n<li>Veepaak korstnale<\/li>\n<li>Korstnakomplekt + kerisekivid<\/li>\n<li>Puuk\u00fcttega keris <a href=\"https:\/\/factory.sale\/et\/toode\/harvia-m3-puukeris\/\" target=\"_blank\" rel=\"noopener\">Harvia M3<\/a><\/li>\n<li>Puuk\u00fcttega keris\u00a0<a href=\"https:\/\/factory.sale\/et\/toode\/puukuttega-keris-huum-hive-wood-13-kw\/\" target=\"_blank\" rel=\"noopener\">HUUM HIVE Wood 13 kW<\/a><\/li>\n<li>Puuk\u00fcttega keris <a href=\"https:\/\/factory.sale\/et\/toode\/huum-hive-flow-puukuttega-keris-98kw-2\/\" target=\"_blank\" rel=\"noopener\">HUUM HIVE Flow 9.8 kW<\/a><\/li>\n<li>Elektrikeris <a href=\"https:\/\/factory.sale\/et\/toode\/elektrikeris-huum-hive-12kw\/\" target=\"_blank\" rel=\"noopener\">HUUM HIVE 12 kW<\/a><\/li>\n<li>Elektrikeris <a href=\"https:\/\/factory.sale\/et\/toode\/elektriline-keris-harvia-cilindro-pc90\/\" target=\"_blank\" rel=\"noopener\">Harvia PC90<\/a><\/li>\n<li>Elektrikeris <a href=\"https:\/\/factory.sale\/et\/toode\/elektrikeris-huum-hive-mini-9kw\/\" target=\"_blank\" rel=\"noopener\">HUUM HIVE Mini 9 kW<\/a><\/li>\n<li>Elektrikeris <a href=\"https:\/\/factory.sale\/et\/toode\/elektrikeris-huum-drop-9-kw\/\" target=\"_blank\" rel=\"noopener\">HUUM DROP 9 kW<\/a><\/li>\n<\/ul>\n","protected":false},"excerpt":{"rendered":"<p>Ehala Ergo 220 on kompaktne 2,2-meetrine t\u00fcnnisaun, mis on valmistatud p\u00f5hjamaise kuusepuust. Mahutades kuni kuus inimest, pakub see stiilne saun ergonoomilisi saunalavasid, klaasust ja vastupidavat konstruktsiooni t\u00f5eliseks saunaelamuseks. Tarnitakse kokkupanemata kujul.<\/p>\n","protected":false},"featured_media":98119,"comment_status":"open","ping_status":"closed","template":"","meta":{"_acf_changed":false},"factory":[],"free-shipment":[],"product_brand":[],"product_cat":[826,1643,784],"product_tag":[3849,4446,1648,3847,1908],"class_list":{"0":"post-98123","1":"product","2":"type-product","3":"status-publish","4":"has-post-thumbnail","6":"product_cat-saunas-et","7":"product_cat-tunnisaun","8":"product_cat-sanitaartehnika","9":"product_tag-6-kohaline-saun","10":"product_tag-backyard-wellness-et","11":"product_tag-barrel-sauna-et","12":"product_tag-kompaktne-saun-et","13":"product_tag-outdoor-sauna-et","15":"first","16":"instock","17":"sale","18":"taxable","19":"shipping-taxable","20":"purchasable","21":"product-type-simple"},"acf":[],"_links":{"self":[{"href":"https:\/\/factory.sale\/et\/wp-json\/wp\/v2\/product\/98123","targetHints":{"allow":["GET"]}}],"collection":[{"href":"https:\/\/factory.sale\/et\/wp-json\/wp\/v2\/product"}],"about":[{"href":"https:\/\/factory.sale\/et\/wp-json\/wp\/v2\/types\/product"}],"replies":[{"embeddable":true,"href":"https:\/\/factory.sale\/et\/wp-json\/wp\/v2\/comments?post=98123"}],"wp:featuredmedia":[{"embeddable":true,"href":"https:\/\/factory.sale\/et\/wp-json\/wp\/v2\/media\/98119"}],"wp:attachment":[{"href":"https:\/\/factory.sale\/et\/wp-json\/wp\/v2\/media?parent=98123"}],"wp:term":[{"taxonomy":"factory","embeddable":true,"href":"https:\/\/factory.sale\/et\/wp-json\/wp\/v2\/factory?post=98123"},{"taxonomy":"free-shipment","embeddable":true,"href":"https:\/\/factory.sale\/et\/wp-json\/wp\/v2\/free-shipment?post=98123"},{"taxonomy":"product_brand","embeddable":true,"href":"https:\/\/factory.sale\/et\/wp-json\/wp\/v2\/product_brand?post=98123"},{"taxonomy":"product_cat","embeddable":true,"href":"https:\/\/factory.sale\/et\/wp-json\/wp\/v2\/product_cat?post=98123"},{"taxonomy":"product_tag","embeddable":true,"href":"https:\/\/factory.sale\/et\/wp-json\/wp\/v2\/product_tag?post=98123"}],"curies":[{"name":"wp","href":"https:\/\/api.w.org\/{rel}","templated":true}]}}