{"id":98003,"date":"2025-01-15T19:02:40","date_gmt":"2025-01-15T16:02:41","guid":{"rendered":"https:\/\/factory.sale\/?post_type=product&#038;p=98003"},"modified":"2026-03-29T13:16:08","modified_gmt":"2026-03-29T10:16:08","slug":"ehala-ergo-150-saun-1-5m","status":"publish","type":"product","link":"https:\/\/factory.sale\/et\/toode\/ehala-ergo-150-saun-1-5m\/","title":{"rendered":"&#8220;Ehala Ergo 150&#8221; saun &#8211; 1.5m"},"content":{"rendered":"<p>Naudi l\u00f5\u00f5gastust Ehala Ergo 150 saunaga, mis on valmistatud kvaliteetsest p\u00f5hjamaise kuuse puidust. See kompaktne ja stiilne t\u00fcnnisaun mahutab mugavalt kuni 4 inimest. Ergonoomilised pingid ja suurep\u00e4rane soojusisolatsioon tagavad l\u00f5\u00f5gastava saunakogemuse. Oma kompaktsuse ja elegantse disainiga sobib see saun ideaalselt igasse aeda v\u00f5i \u00f5uealale, pakkudes vastupidavat ja kutsuvat pelgupaika perele ja s\u00f5pradele.<\/p>\n<p><strong>Tehnilised andmed:<\/strong><\/p>\n<ul>\n<li>Pikkus: 1500 mm<\/li>\n<li>L\u00e4bim\u00f5\u00f5t: 1960 mm<\/li>\n<li>K\u00fcljeseinad: 42 mm<\/li>\n<li>Otsaseinad: 28 mm<\/li>\n<li>Materjal: Kvaliteetne Skandinaavia kuusk, t\u00f6\u00f6tlemata<\/li>\n<li>Saunapingid: Lepp, t\u00f6\u00f6tlemata. Soovitame puidukaitseks kasutada <a href=\"https:\/\/factory.sale\/et\/toode\/varvitu-oli-saunalavadele-supi-laudesuoja-1l\/\" target=\"_blank\" rel=\"noopener\">Tikkurila Sauna SUPI sarja<\/a><\/li>\n<li>Saunapinkide s\u00fcgavus: 525 mm<\/li>\n<li>Istme k\u00f5rgus: 630 mm<\/li>\n<li>Uks: 160 x 59 cm, 8 mm karastatud klaas pronksi tooni<\/li>\n<li>Kaal: umbes 550 kg<\/li>\n<li>Pakendi m\u00f5\u00f5dud: 200 x 120 x 85 cm<\/li>\n<\/ul>\n<p><strong>Peamised omadused:<\/strong><\/p>\n<ul>\n<li>Kompaktne ja t\u00f5hus: V\u00f5tab v\u00e4he ruumi, kuid piisavalt suur, et mahutada mugavalt kuni 4 inimest.<\/li>\n<li>Vastupidav Skandinaavia kuusepuit pikaajaliseks kasutamiseks ja t\u00f5husaks soojuse hoidmiseks.<\/li>\n<li>Ajatu t\u00fcnnisauna disain: Klassikaline v\u00e4limus, mis t\u00e4iustab igat \u00f5uekeskkonda.<\/li>\n<li>Ergonoomilised saunapingid ja seljatoed maksimaalseks mugavuseks.<\/li>\n<li>Kaasaegne klaasuks t\u00e4iustab disaini.<\/li>\n<li>Ilmastikukindel katus: Vastupidav katusematerjal tagab pikaajalise kasutuse igas kliimas.<\/li>\n<li>Tarnitakse kokku panemata, et tagada mugav transport.<\/li>\n<\/ul>\n<p><strong>Komplekti kuulub:<\/strong><\/p>\n<ul>\n<li>Valmis saun (kokku panemata kujul)<\/li>\n<li>Klaasuks koos k\u00e4epideme ja hingedega<\/li>\n<li>Kerise all ja tagaseinas, tule- ja kuumakindel minerit plaat<\/li>\n<li>Poolring otsakaared esi- ja tagak\u00fcljel<\/li>\n<li>Ventilatsiooniavad<\/li>\n<li>P\u00f5randarestid<\/li>\n<li>Ergonoomilised saunapingid ning seljatoed, t\u00f6\u00f6tlemata lepp<\/li>\n<li>K\u00f5ik vajalikud kinnitusvahendid ja juhendid paigaldamiseks<\/li>\n<li>Katusematerjal bituumensindel (must, pruun, hall, punane v\u00f5i roheline)<\/li>\n<\/ul>\n<p><img loading=\"lazy\" decoding=\"async\" class=\"alignnone wp-image-97386\" src=\"https:\/\/factory.sale\/wp-content\/uploads\/2025\/01\/roof-color-options-300x67.webp\" alt=\"\" width=\"546\" height=\"122\" srcset=\"https:\/\/factory.sale\/wp-content\/uploads\/2025\/01\/roof-color-options-300x67.webp 300w, https:\/\/factory.sale\/wp-content\/uploads\/2025\/01\/roof-color-options-150x33.webp 150w, https:\/\/factory.sale\/wp-content\/uploads\/2025\/01\/roof-color-options-600x134.webp 600w, https:\/\/factory.sale\/wp-content\/uploads\/2025\/01\/roof-color-options.webp 754w\" sizes=\"auto, (max-width: 546px) 100vw, 546px\" \/><\/p>\n<p>NB! Keris ei kuulu komplekti.\u00a0<a href=\"https:\/\/factory.sale\/et\/toode\/elektrikeris-huum-drop-9-kw\/\" target=\"_blank\" rel=\"noopener\">Sobiva elektrikerise leiad siit<\/a>\u00a0ja\u00a0<a href=\"https:\/\/factory.sale\/et\/toode\/harvia-m3-puukeris\/\" target=\"_blank\" rel=\"noopener\">puuk\u00fcttega kerise siit<\/a>.<\/p>\n<p><strong>Valikulised lisad (lisatasu eest):<\/strong><\/p>\n<ul>\n<li>Poolpanoraam aken tagaseinas (saadaval pronksi v\u00f5i peegli viimistlusega)<\/li>\n<li>T\u00e4isklaasist tagasein (saadaval pronksi v\u00f5i peegli viimistlusega)<\/li>\n<li>Klaasist esisein (klaasuksega) (saadaval pronksi v\u00f5i peegli viimistlusega)<\/li>\n<li>LED-valgustusribad<\/li>\n<li>2 avatavat akent<\/li>\n<li>2 mitte avanevat akent<\/li>\n<li>Kaelatoekomplekt (2 tk)<\/li>\n<li>Saunatarvikute komplekt (kibu, kulp\u00a0 ja termomeeter)<\/li>\n<li>Veepaak korstnale<\/li>\n<li>Korstnakomplekt + kerisekivid<\/li>\n<li>Puuk\u00fcttega keris <a href=\"https:\/\/factory.sale\/et\/toode\/harvia-m3-puukeris\/\" target=\"_blank\" rel=\"noopener\">Harvia M3<\/a><\/li>\n<li>Puuk\u00fcttega keris\u00a0<a href=\"https:\/\/factory.sale\/et\/toode\/puukuttega-keris-huum-hive-wood-13-kw\/\" target=\"_blank\" rel=\"noopener\">HUUM HIVE Wood 13 kW<\/a><\/li>\n<li>Puuk\u00fcttega keris <a href=\"https:\/\/factory.sale\/et\/toode\/huum-hive-flow-puukuttega-keris-98kw-2\/\" target=\"_blank\" rel=\"noopener\">HUUM HIVE Flow 9.8 kW<\/a><\/li>\n<li>Elektrikeris <a href=\"https:\/\/factory.sale\/et\/toode\/elektrikeris-huum-hive-12kw\/\" target=\"_blank\" rel=\"noopener\">HUUM HIVE 12 kW<\/a><\/li>\n<li>Elektrikeris <a href=\"https:\/\/factory.sale\/et\/toode\/elektriline-keris-harvia-cilindro-pc90\/\" target=\"_blank\" rel=\"noopener\">Harvia PC90<\/a><\/li>\n<li>Elektrikeris <a href=\"https:\/\/factory.sale\/et\/toode\/elektrikeris-huum-hive-mini-9kw\/\" target=\"_blank\" rel=\"noopener\">HUUM HIVE Mini 9 kW<\/a><\/li>\n<li>Elektrikeris <a href=\"https:\/\/factory.sale\/et\/toode\/elektrikeris-huum-drop-9-kw\/\" target=\"_blank\" rel=\"noopener\">HUUM DROP 9 kW<\/a><\/li>\n<\/ul>\n","protected":false},"excerpt":{"rendered":"<p>Ehala Ergo 150 saun on kompaktne t\u00fcnnisaun, mis on valmistatud termot\u00f6\u00f6deldud puidust ja sobib kuni neljale inimesele. Selle ergonoomiline disain, suurep\u00e4rane soojusisolatsioon ja vastupidavad materjalid tagavad l\u00f5\u00f5gastava saunakogemuse igas aias v\u00f5i \u00f5uealal.<\/p>\n","protected":false},"featured_media":98018,"comment_status":"open","ping_status":"closed","template":"","meta":{"_acf_changed":false},"factory":[],"free-shipment":[],"product_brand":[],"product_cat":[826,1643,784],"product_tag":[3850,4444,1908],"class_list":{"0":"post-98003","1":"product","2":"type-product","3":"status-publish","4":"has-post-thumbnail","6":"product_cat-saunas-et","7":"product_cat-tunnisaun","8":"product_cat-sanitaartehnika","9":"product_tag-ergonoomiline-saun","10":"product_tag-garden-sauna-et","11":"product_tag-outdoor-sauna-et","13":"first","14":"instock","15":"sale","16":"taxable","17":"shipping-taxable","18":"purchasable","19":"product-type-simple"},"acf":[],"_links":{"self":[{"href":"https:\/\/factory.sale\/et\/wp-json\/wp\/v2\/product\/98003","targetHints":{"allow":["GET"]}}],"collection":[{"href":"https:\/\/factory.sale\/et\/wp-json\/wp\/v2\/product"}],"about":[{"href":"https:\/\/factory.sale\/et\/wp-json\/wp\/v2\/types\/product"}],"replies":[{"embeddable":true,"href":"https:\/\/factory.sale\/et\/wp-json\/wp\/v2\/comments?post=98003"}],"wp:featuredmedia":[{"embeddable":true,"href":"https:\/\/factory.sale\/et\/wp-json\/wp\/v2\/media\/98018"}],"wp:attachment":[{"href":"https:\/\/factory.sale\/et\/wp-json\/wp\/v2\/media?parent=98003"}],"wp:term":[{"taxonomy":"factory","embeddable":true,"href":"https:\/\/factory.sale\/et\/wp-json\/wp\/v2\/factory?post=98003"},{"taxonomy":"free-shipment","embeddable":true,"href":"https:\/\/factory.sale\/et\/wp-json\/wp\/v2\/free-shipment?post=98003"},{"taxonomy":"product_brand","embeddable":true,"href":"https:\/\/factory.sale\/et\/wp-json\/wp\/v2\/product_brand?post=98003"},{"taxonomy":"product_cat","embeddable":true,"href":"https:\/\/factory.sale\/et\/wp-json\/wp\/v2\/product_cat?post=98003"},{"taxonomy":"product_tag","embeddable":true,"href":"https:\/\/factory.sale\/et\/wp-json\/wp\/v2\/product_tag?post=98003"}],"curies":[{"name":"wp","href":"https:\/\/api.w.org\/{rel}","templated":true}]}}