{"id":97889,"date":"2025-01-15T15:26:44","date_gmt":"2025-01-15T12:39:07","guid":{"rendered":"https:\/\/factory.sale\/?post_type=product&#038;p=97889"},"modified":"2025-01-21T20:54:25","modified_gmt":"2025-01-21T17:54:25","slug":"taralauad-taisprofiil-servalaud-max","status":"publish","type":"product","link":"https:\/\/factory.sale\/et\/toode\/taralauad-taisprofiil-servalaud-max\/","title":{"rendered":"Taralauad, t\u00e4isprofiil servalaud &#8220;Max&#8221;"},"content":{"rendered":"<p>Taralauad on moodne lahendus igale aiale ning eramaja v\u00f5i \u00e4ripinna territooriumile.<\/p>\n<p>V\u00f5rreldes naturaalsest puidust laudadega on need taralauad vastupidavamad ega vaja erilist hooldust, mis v\u00f5imaldab veeta rohkem aega \u00f5ues koos pere ja s\u00f5pradega.<\/p>\n<p>Lauad sobivad ideaalselt muutlike ilmastikuolude jaoks.<\/p>\n<p>&nbsp;<\/p>\n<p><strong>Tehnilised andmed:<\/strong><\/p>\n<p>Laius: 100 mm;<br \/>\nPaksus: 20 mm;<br \/>\nPikkus: Vastavalt tellimusele;<br \/>\nMaterjal: WPC.<\/p>\n<p>&nbsp;<\/p>\n<p>&nbsp;<\/p>\n<p><strong>V\u00e4rvitoon:<\/strong><br \/>\n<img loading=\"lazy\" decoding=\"async\" class=\"alignnone wp-image-97830\" src=\"https:\/\/factory.sale\/wp-content\/uploads\/2025\/01\/Composite-terrace-boards-classic-factory-sale-6-300x50.png\" alt=\"\" width=\"666\" height=\"111\" srcset=\"https:\/\/factory.sale\/wp-content\/uploads\/2025\/01\/Composite-terrace-boards-classic-factory-sale-6-300x50.png 300w, https:\/\/factory.sale\/wp-content\/uploads\/2025\/01\/Composite-terrace-boards-classic-factory-sale-6-1024x172.png 1024w, https:\/\/factory.sale\/wp-content\/uploads\/2025\/01\/Composite-terrace-boards-classic-factory-sale-6-150x25.png 150w, https:\/\/factory.sale\/wp-content\/uploads\/2025\/01\/Composite-terrace-boards-classic-factory-sale-6-1536x258.png 1536w, https:\/\/factory.sale\/wp-content\/uploads\/2025\/01\/Composite-terrace-boards-classic-factory-sale-6-600x101.png 600w, https:\/\/factory.sale\/wp-content\/uploads\/2025\/01\/Composite-terrace-boards-classic-factory-sale-6.png 1538w\" sizes=\"auto, (max-width: 666px) 100vw, 666px\" \/><\/p>\n<p>&nbsp;<\/p>\n","protected":false},"excerpt":{"rendered":"<p>V\u00f5rreldes naturaalsest puidust laudadega on need taralauad vastupidavamad ega vaja erilist hooldust, mis v\u00f5imaldab veeta rohkem aega \u00f5ues koos pere ja s\u00f5pradega.<\/p>\n<p><strong>Antud hind on m kohta.<\/strong><\/p>\n","protected":false},"featured_media":97862,"comment_status":"open","ping_status":"closed","template":"","meta":{"_acf_changed":false},"factory":[],"free-shipment":[],"product_brand":[],"product_cat":[2017,1604],"product_tag":[],"class_list":{"0":"post-97889","1":"product","2":"type-product","3":"status-publish","4":"has-post-thumbnail","6":"product_cat-komposiitpuit","7":"product_cat-puit","9":"first","10":"instock","11":"sale","12":"taxable","13":"shipping-taxable","14":"purchasable","15":"product-type-simple"},"acf":[],"_links":{"self":[{"href":"https:\/\/factory.sale\/et\/wp-json\/wp\/v2\/product\/97889","targetHints":{"allow":["GET"]}}],"collection":[{"href":"https:\/\/factory.sale\/et\/wp-json\/wp\/v2\/product"}],"about":[{"href":"https:\/\/factory.sale\/et\/wp-json\/wp\/v2\/types\/product"}],"replies":[{"embeddable":true,"href":"https:\/\/factory.sale\/et\/wp-json\/wp\/v2\/comments?post=97889"}],"wp:featuredmedia":[{"embeddable":true,"href":"https:\/\/factory.sale\/et\/wp-json\/wp\/v2\/media\/97862"}],"wp:attachment":[{"href":"https:\/\/factory.sale\/et\/wp-json\/wp\/v2\/media?parent=97889"}],"wp:term":[{"taxonomy":"factory","embeddable":true,"href":"https:\/\/factory.sale\/et\/wp-json\/wp\/v2\/factory?post=97889"},{"taxonomy":"free-shipment","embeddable":true,"href":"https:\/\/factory.sale\/et\/wp-json\/wp\/v2\/free-shipment?post=97889"},{"taxonomy":"product_brand","embeddable":true,"href":"https:\/\/factory.sale\/et\/wp-json\/wp\/v2\/product_brand?post=97889"},{"taxonomy":"product_cat","embeddable":true,"href":"https:\/\/factory.sale\/et\/wp-json\/wp\/v2\/product_cat?post=97889"},{"taxonomy":"product_tag","embeddable":true,"href":"https:\/\/factory.sale\/et\/wp-json\/wp\/v2\/product_tag?post=97889"}],"curies":[{"name":"wp","href":"https:\/\/api.w.org\/{rel}","templated":true}]}}