{"id":97832,"date":"2025-01-15T13:26:43","date_gmt":"2025-01-15T10:30:58","guid":{"rendered":"https:\/\/factory.sale\/?post_type=product&#038;p=97832"},"modified":"2025-09-28T23:20:44","modified_gmt":"2025-09-28T20:20:44","slug":"topdex-komposiit-terrassilaud-classic","status":"publish","type":"product","link":"https:\/\/factory.sale\/et\/toode\/topdex-komposiit-terrassilaud-classic\/","title":{"rendered":"TopDex komposiit-terrassilaud &#8220;Classic&#8221;"},"content":{"rendered":"<p>Avasta kvaliteetsed komposiit-terrassilauad &#8220;Classic&#8221; laiusega 150 mm, paksusega 25 mm ja kohandatavate pikkustega. Valmistatud vastupidavast WPC-materjalist. Need terrassilauad on kerged (2,6 kg) ja ideaalsed kaunite terrasside loomiseks.<\/p>\n<p>Puit-pol\u00fcmeeri komposiitmaterjal on parim uue p\u00f5lvkonna lahendus v\u00e4listingimustes kasutatavate terrasside jaoks.<\/p>\n<p>WPC (Wood Plastic Composite) on keskkonnas\u00f5bralik komposiitmaterjal, mis on valmistatud puidust ja pol\u00fcmeerist spetsiaalse tootmisprotsessi k\u00e4igus. Looduslike kiudude ja s\u00fcnteetiliste materjalide kombinatsioon tagab laudade pikaajalise suurep\u00e4rase kvaliteedi. Puidu v\u00e4\u00e4rtuslikud omadused s\u00e4ilivad, samas kui puudused k\u00f5rvaldatakse.<\/p>\n<p>Laudade k\u00f5rge esteetiline v\u00e4\u00e4rtus t\u00e4iustab iga arhitektuuristiili. M\u00f5lemad lauapooled on kasutatavad \u2013 vali tekstuur, mis sulle rohkem meeldib!<\/p>\n<p>Lauad on lihtsasti paigaldatavad, mist\u00f5ttu sobivad need suurep\u00e4raselt ka hooajalistele terrassidele.<\/p>\n<p>&nbsp;<\/p>\n<p><strong>Tehnilised andmed:<\/strong><\/p>\n<p>Laius: 150 mm;<br \/>\nPaksus: 25 mm;<br \/>\nPikkus: 4000 mm v\u00f5i kohandatav pikkus;<br \/>\nMaterjal: WPC;<br \/>\nLineaarne kaal: 2,6 kg;<\/p>\n<p>&nbsp;<\/p>\n<p>&nbsp;<\/p>\n<p><strong>V\u00e4rvitoonid:<\/strong><\/p>\n<p>&nbsp;<\/p>\n<p><img loading=\"lazy\" decoding=\"async\" class=\"alignnone wp-image-97829\" src=\"https:\/\/factory.sale\/wp-content\/uploads\/2025\/01\/Composite-terrace-boards-classic-factory-sale-6-300x50.png\" alt=\"\" width=\"546\" height=\"91\" srcset=\"https:\/\/factory.sale\/wp-content\/uploads\/2025\/01\/Composite-terrace-boards-classic-factory-sale-6-300x50.png 300w, https:\/\/factory.sale\/wp-content\/uploads\/2025\/01\/Composite-terrace-boards-classic-factory-sale-6-1024x172.png 1024w, https:\/\/factory.sale\/wp-content\/uploads\/2025\/01\/Composite-terrace-boards-classic-factory-sale-6-150x25.png 150w, https:\/\/factory.sale\/wp-content\/uploads\/2025\/01\/Composite-terrace-boards-classic-factory-sale-6-1536x258.png 1536w, https:\/\/factory.sale\/wp-content\/uploads\/2025\/01\/Composite-terrace-boards-classic-factory-sale-6-600x101.png 600w, https:\/\/factory.sale\/wp-content\/uploads\/2025\/01\/Composite-terrace-boards-classic-factory-sale-6.png 1538w\" sizes=\"auto, (max-width: 546px) 100vw, 546px\" \/><\/p>\n","protected":false},"excerpt":{"rendered":"<p>Avasta kvaliteetsed komposiit-terrassilauad &#8220;Classic&#8221; laiusega 150 mm, paksusega 25 mm ja kohandatavate pikkustega. Valmistatud vastupidavast WPC-materjalist, stiilses Cappuccino v\u00e4rvitoonis. Need terrassilauad on kerged (2,6 kg) ja ideaalsed kaunite terrasside loomiseks.<\/p>\n","protected":false},"featured_media":97797,"comment_status":"open","ping_status":"closed","template":"","meta":{"_acf_changed":false},"factory":[],"free-shipment":[],"product_brand":[],"product_cat":[339],"product_tag":[],"class_list":{"0":"post-97832","1":"product","2":"type-product","3":"status-publish","4":"has-post-thumbnail","6":"product_cat-terassilauad","8":"first","9":"instock","10":"sale","11":"taxable","12":"shipping-taxable","13":"purchasable","14":"product-type-simple"},"acf":[],"_links":{"self":[{"href":"https:\/\/factory.sale\/et\/wp-json\/wp\/v2\/product\/97832","targetHints":{"allow":["GET"]}}],"collection":[{"href":"https:\/\/factory.sale\/et\/wp-json\/wp\/v2\/product"}],"about":[{"href":"https:\/\/factory.sale\/et\/wp-json\/wp\/v2\/types\/product"}],"replies":[{"embeddable":true,"href":"https:\/\/factory.sale\/et\/wp-json\/wp\/v2\/comments?post=97832"}],"wp:featuredmedia":[{"embeddable":true,"href":"https:\/\/factory.sale\/et\/wp-json\/wp\/v2\/media\/97797"}],"wp:attachment":[{"href":"https:\/\/factory.sale\/et\/wp-json\/wp\/v2\/media?parent=97832"}],"wp:term":[{"taxonomy":"factory","embeddable":true,"href":"https:\/\/factory.sale\/et\/wp-json\/wp\/v2\/factory?post=97832"},{"taxonomy":"free-shipment","embeddable":true,"href":"https:\/\/factory.sale\/et\/wp-json\/wp\/v2\/free-shipment?post=97832"},{"taxonomy":"product_brand","embeddable":true,"href":"https:\/\/factory.sale\/et\/wp-json\/wp\/v2\/product_brand?post=97832"},{"taxonomy":"product_cat","embeddable":true,"href":"https:\/\/factory.sale\/et\/wp-json\/wp\/v2\/product_cat?post=97832"},{"taxonomy":"product_tag","embeddable":true,"href":"https:\/\/factory.sale\/et\/wp-json\/wp\/v2\/product_tag?post=97832"}],"curies":[{"name":"wp","href":"https:\/\/api.w.org\/{rel}","templated":true}]}}