{"id":97708,"date":"2025-01-14T11:37:33","date_gmt":"2025-01-14T08:37:34","guid":{"rendered":"https:\/\/factory.sale\/?post_type=product&#038;p=97708"},"modified":"2026-03-29T13:24:28","modified_gmt":"2026-03-29T10:24:28","slug":"ilmarinen-saun-3-x-4m","status":"publish","type":"product","link":"https:\/\/factory.sale\/et\/toode\/ilmarinen-saun-3-x-4m\/","title":{"rendered":"&#8220;Ilmarinen&#8221; saun 3 x 4m"},"content":{"rendered":"<p>Ilmarinen saun on p\u00f5hjamaade m\u00fctoloogiast inspireeritud vastupidav ja funktsionaalne t\u00fcnnisaun, mille ainulaadne \u00fcmar disain ja kvaliteetne skandinaavia kuusepuu viimistlus sobivad ideaalselt igasse kodu- v\u00f5i suvilakogukonda.<br \/>\nSelle praktiliste lahenduste hulka kuuluvad nutikalt integreeritud k\u00fcttepuude hoiustamise koht ning mitmetasandiline sissep\u00e4\u00e4suala, kus on v\u00e4lipink ja laud, v\u00f5imaldades nautida saunatamist ka v\u00e4ljaspool sauna. Suur \u00fcmmargune panoraamaken toob sauna rikkalikult loodusvalgust ja avab kaunid vaated. Ilmarinen on loodud kestma, kasutades kvaliteetseid ja ilmastikukindlaid materjale, mis tagavad pikaealisuse ja\u00a0vastupidavuse.<\/p>\n<p><strong>Tehnilised andmed<\/strong><\/p>\n<ul>\n<li>V\u00e4lim\u00f5\u00f5dud: 4095 mm (P) x 3000 mm (L) x 2480 mm (K)<\/li>\n<li>Materjal: termopuit<\/li>\n<li>Seinapaksus: 42 mm<\/li>\n<li>Aken: \u00d8 90 cm<\/li>\n<li>Uks: 70 x 180 cm<\/li>\n<li>Kaal: 1800 kg<\/li>\n<li>Pakendi m\u00f5\u00f5dud: 500 x 120 x 120 cm<\/li>\n<\/ul>\n<p><strong>Peamised omadused<\/strong><\/p>\n<ul>\n<li>Avar interj\u00f6\u00f6r: Suured m\u00f5\u00f5tmed pakuvad piisavalt ruumi l\u00f5\u00f5gastumiseks, sobides ideaalselt peredele v\u00f5i v\u00e4iksematele gruppidele.<\/li>\n<li>Tasapinnaline pakketoimetus: Saun tarnitakse kompaktse pakendina, mis lihtsustab transporti ja kokkupanekut.<\/li>\n<li>Modernne disain: Kaasaegne ja stiilne v\u00e4limus t\u00e4iustab iga \u00f5ueala, \u00fchendades funktsionaalsuse ja esteetilise atraktiivsuse.<\/li>\n<li>Kvaliteetsed materjalid: Kestvaks kasutamiseks ehitatud konstruktsioon, mis talub erinevaid ilmastikuolusid.<\/li>\n<li>L\u00e4bim\u00f5eldud aknad ja uksed: \u00dcmmargune eesmine aken ja v\u00e4iksem k\u00fcljeaken lasevad loomulikul valgusel t\u00e4ita sauna sisemust, luues valgusk\u00fcllase ja kutsuva atmosf\u00e4\u00e4ri.<\/li>\n<li>Vastupidav katusekonstruktsioon: Kujundatud taluma erinevaid ilmastikutingimusi ja pakkuma usaldusv\u00e4\u00e4rset kaitset.<\/li>\n<\/ul>\n<p><strong>Komplekti kuulub<\/strong><\/p>\n<ul>\n<li>Valmis saunapaneelid (kokkupanemata kujul).<\/li>\n<li>Akendega puidust uks ning karastatud klaasist aken.<\/li>\n<li>Kerise all ja tagaseinas, tule- ja kuumakindel minerit plaat<\/li>\n<li>Ventilatsioonis\u00fcsteem<\/li>\n<li>P\u00f5randarestid<\/li>\n<li>Saunapingid<\/li>\n<li>K\u00f5ik vajalikud kinnitusvahendid ja juhendid.<\/li>\n<li>Katusematerjal bituumensindel (must, pruun, hall, punane v\u00f5i roheline)<\/li>\n<\/ul>\n<p><img loading=\"lazy\" decoding=\"async\" class=\"alignnone wp-image-97386\" src=\"https:\/\/factory.sale\/wp-content\/uploads\/2025\/01\/roof-color-options-300x67.webp\" alt=\"\" width=\"524\" height=\"117\" srcset=\"https:\/\/factory.sale\/wp-content\/uploads\/2025\/01\/roof-color-options-300x67.webp 300w, https:\/\/factory.sale\/wp-content\/uploads\/2025\/01\/roof-color-options-150x33.webp 150w, https:\/\/factory.sale\/wp-content\/uploads\/2025\/01\/roof-color-options-600x134.webp 600w, https:\/\/factory.sale\/wp-content\/uploads\/2025\/01\/roof-color-options.webp 754w\" sizes=\"auto, (max-width: 524px) 100vw, 524px\" \/><\/p>\n<p>NB! Keris ei kuulu komplekti! <a href=\"https:\/\/factory.sale\/et\/toode\/puukuttega-keris-harvia-20-pro\/\" target=\"_blank\" rel=\"noopener\">Sobiva ahjuk\u00fcttega kerise leiad siit<\/a> ja <a href=\"https:\/\/factory.sale\/et\/toode\/elektrikeris-huum-hive-12kw\/\" target=\"_blank\" rel=\"noopener\">elektrikerise siit<\/a>.<\/p>\n<p><strong>Valikulised lisad (lisatasu eest) :<\/strong><\/p>\n<ul>\n<li>LED-valgustusribad<\/li>\n<li>Seljatoekomplekt (2 tk)<\/li>\n<li>Kaelatoekomplekt (2 tk)<\/li>\n<li>Saunatarvikute komplekt (sisaldab \u00e4mbrit, kopsikut ja termomeetrit)<\/li>\n<li>Veepaak puuk\u00fcttega ahjule<\/li>\n<li>Korstnakomplekt<\/li>\n<\/ul>\n","protected":false},"excerpt":{"rendered":"<p>Tutvustame Ilmarinen sauna \u2013 avar ja stiilne \u00f5uesaun<\/p>\n<p>Ilmarinen saun on ideaalne valik, kui otsite kvaliteetset \u00f5uesauna l\u00f5\u00f5gastumiseks. Kaasaegne disain, kvaliteetsed materjalid ja avar interj\u00f6\u00f6r muudavad selle sauna iga aia v\u00f5i \u00f5ueala pilgup\u00fc\u00fcdjaks. Lihtsasti kokkupandav komplekt \u00fchendab endas mugavuse ja praktilisuse.<\/p>\n","protected":false},"featured_media":96235,"comment_status":"open","ping_status":"closed","template":"","meta":{"_acf_changed":false},"factory":[],"free-shipment":[],"product_brand":[],"product_cat":[798,1642],"product_tag":[1646,3056,3369,989],"class_list":{"0":"post-97708","1":"product","2":"type-product","3":"status-publish","4":"has-post-thumbnail","6":"product_cat-sauna-2","7":"product_cat-barrel-sauna-2","8":"product_tag-barrel-sauna","9":"product_tag-garden-sauna","10":"product_tag-compact-sauna","11":"product_tag-outdoor-sauna","13":"first","14":"instock","15":"sale","16":"taxable","17":"shipping-taxable","18":"purchasable","19":"product-type-simple"},"acf":[],"_links":{"self":[{"href":"https:\/\/factory.sale\/et\/wp-json\/wp\/v2\/product\/97708","targetHints":{"allow":["GET"]}}],"collection":[{"href":"https:\/\/factory.sale\/et\/wp-json\/wp\/v2\/product"}],"about":[{"href":"https:\/\/factory.sale\/et\/wp-json\/wp\/v2\/types\/product"}],"replies":[{"embeddable":true,"href":"https:\/\/factory.sale\/et\/wp-json\/wp\/v2\/comments?post=97708"}],"wp:featuredmedia":[{"embeddable":true,"href":"https:\/\/factory.sale\/et\/wp-json\/wp\/v2\/media\/96235"}],"wp:attachment":[{"href":"https:\/\/factory.sale\/et\/wp-json\/wp\/v2\/media?parent=97708"}],"wp:term":[{"taxonomy":"factory","embeddable":true,"href":"https:\/\/factory.sale\/et\/wp-json\/wp\/v2\/factory?post=97708"},{"taxonomy":"free-shipment","embeddable":true,"href":"https:\/\/factory.sale\/et\/wp-json\/wp\/v2\/free-shipment?post=97708"},{"taxonomy":"product_brand","embeddable":true,"href":"https:\/\/factory.sale\/et\/wp-json\/wp\/v2\/product_brand?post=97708"},{"taxonomy":"product_cat","embeddable":true,"href":"https:\/\/factory.sale\/et\/wp-json\/wp\/v2\/product_cat?post=97708"},{"taxonomy":"product_tag","embeddable":true,"href":"https:\/\/factory.sale\/et\/wp-json\/wp\/v2\/product_tag?post=97708"}],"curies":[{"name":"wp","href":"https:\/\/api.w.org\/{rel}","templated":true}]}}