{"id":97653,"date":"2025-01-13T13:58:20","date_gmt":"2025-01-13T10:58:22","guid":{"rendered":"https:\/\/factory.sale\/?post_type=product&#038;p=97653"},"modified":"2026-03-29T13:27:32","modified_gmt":"2026-03-29T10:27:32","slug":"hiid-xl-saun-6-9m-x-4-4m","status":"publish","type":"product","link":"https:\/\/factory.sale\/et\/toode\/hiid-xl-saun-6-9m-x-4-4m\/","title":{"rendered":"&#8220;Hiid XL&#8221; saun 6.9m x 4.4m"},"content":{"rendered":"<p>Hiid XL Saun sobib suurep\u00e4raselt neile, kes otsivad avarat ja praktilist \u00f5uesauna oma kodu\u00f5ue v\u00f5i aeda. Eraldi l\u00f5\u00f5gastusala ja ruumikas interj\u00f6\u00f6r teevad sellest sauna mugava lahenduse, kus jagub ruumi nii saunatamiseks kui ka puhkamiseks.<\/p>\n<p>Saun on valmistatud kvaliteetsest p\u00f5hjamaise kuuse puidust, mis tagab vastupidavuse ja pika kasutusea. Suured aknad lasevad sisse rohkelt loomulikku valgust, luues avara ja hubase \u00f5hkkonna. H\u00e4sti l\u00e4bim\u00f5eldud disain muudab selle sauna sobivaks igasse aeda, pakkudes v\u00f5imalust l\u00f5\u00f5gastuda ja nautida rahulikku olemist.<\/p>\n<p><strong>Tehnilised andmed:<\/strong><\/p>\n<ul>\n<li>V\u00e4lism\u00f5\u00f5dud: 6900 mm (P) x 4410mm (L) x 2460 mm (K)<\/li>\n<li>Aknad: 177x 60 cm \u2013karastatud klaas \/2tk 129 x 177 cm \/60 x 177 cm<\/li>\n<li>Uksed: 80 x 190 cm \/80 x 200 cm \/70 x 190 cm<\/li>\n<li>Seinapaksus: 70 mm<\/li>\n<li>Materjal: Kvaliteetne p\u00f5hjamaine kuusk<\/li>\n<li>Katus: Vastupidav ja ilmastikukindel katusekate<\/li>\n<\/ul>\n<p><strong>Peamised omadused<\/strong><\/p>\n<ul>\n<li>Ruumikas ja praktiline: Piisavalt ruumi nii saunatamiseks kui ka puhkamiseks, ideaalne perele v\u00f5i s\u00f5pradele.<\/li>\n<li>Kaasaegne disain: Suured aknad toovad sauna loomulikku valgust ja loovad hubase keskkonna.<\/li>\n<li>Kvaliteetne konstruktsioon: 70 mm paksusest p\u00f5hjamaise kuuse puidust seinad tagavad vastupidavuse ja hea isolatsiooni.<\/li>\n<li>Eriline l\u00f5\u00f5gastusala: Eraldi ruum, mis sobib puhkehetkede nautimiseks enne ja p\u00e4rast saunask\u00e4iku.<\/li>\n<li>Ilmastikukindel disain: Saun talub erinevaid ilmastikutingimusi ja s\u00e4ilitab oma funktsionaalsuse aastateks.<\/li>\n<\/ul>\n<p><strong>Komplekti kuulub<\/strong><\/p>\n<ul>\n<li>Tasapinnaliselt pakendatud saunakonstruktsioon kiireks ja lihtsaks kokkupanekuks<\/li>\n<li>Ergonoomilised pingid<\/li>\n<li>Suured aknad loomuliku valguse jaoks<\/li>\n<li>Ilmastikukindel katusekate<\/li>\n<li>K\u00f5ik vajalikud kinnitusvahendid ja detailsed kokkupanekujuhised<\/li>\n<\/ul>\n<p>NB! Keris ei kuulu komplekti. <a href=\"https:\/\/factory.sale\/et\/toode\/elektrikeris-huum-drop-9-kw\/\" target=\"_blank\" rel=\"noopener\">Sobiva elektrikerise leiad siit<\/a> ja <a href=\"https:\/\/factory.sale\/et\/toode\/harvia-m3-puukeris\/\" target=\"_blank\" rel=\"noopener\">puuk\u00fcttega kerise siit<\/a>.<\/p>\n","protected":false},"excerpt":{"rendered":"<p>Hiid XL Saun \u2013 Avar ja praktiline \u00f5uesaun<br \/>\nSee saun pakub avarust ja mugavust, olles suurep\u00e4rane t\u00e4iendus igasse aeda. Eraldi l\u00f5\u00f5gastusala ja kvaliteetne konstruktsioon teevad sellest sauna ideaalse valiku nii l\u00f5\u00f5gastumiseks kui ka koosviibimisteks.<\/p>\n","protected":false},"featured_media":96328,"comment_status":"open","ping_status":"closed","template":"","meta":{"_acf_changed":false},"factory":[],"free-shipment":[],"product_brand":[],"product_cat":[826,2257,784],"product_tag":[4445,1908],"class_list":{"0":"post-97653","1":"product","2":"type-product","3":"status-publish","4":"has-post-thumbnail","6":"product_cat-saunas-et","7":"product_cat-valisaun","8":"product_cat-sanitaartehnika","9":"product_tag-luxury-sauna-et","10":"product_tag-outdoor-sauna-et","12":"first","13":"instock","14":"sale","15":"taxable","16":"shipping-taxable","17":"purchasable","18":"product-type-simple"},"acf":[],"_links":{"self":[{"href":"https:\/\/factory.sale\/et\/wp-json\/wp\/v2\/product\/97653","targetHints":{"allow":["GET"]}}],"collection":[{"href":"https:\/\/factory.sale\/et\/wp-json\/wp\/v2\/product"}],"about":[{"href":"https:\/\/factory.sale\/et\/wp-json\/wp\/v2\/types\/product"}],"replies":[{"embeddable":true,"href":"https:\/\/factory.sale\/et\/wp-json\/wp\/v2\/comments?post=97653"}],"wp:featuredmedia":[{"embeddable":true,"href":"https:\/\/factory.sale\/et\/wp-json\/wp\/v2\/media\/96328"}],"wp:attachment":[{"href":"https:\/\/factory.sale\/et\/wp-json\/wp\/v2\/media?parent=97653"}],"wp:term":[{"taxonomy":"factory","embeddable":true,"href":"https:\/\/factory.sale\/et\/wp-json\/wp\/v2\/factory?post=97653"},{"taxonomy":"free-shipment","embeddable":true,"href":"https:\/\/factory.sale\/et\/wp-json\/wp\/v2\/free-shipment?post=97653"},{"taxonomy":"product_brand","embeddable":true,"href":"https:\/\/factory.sale\/et\/wp-json\/wp\/v2\/product_brand?post=97653"},{"taxonomy":"product_cat","embeddable":true,"href":"https:\/\/factory.sale\/et\/wp-json\/wp\/v2\/product_cat?post=97653"},{"taxonomy":"product_tag","embeddable":true,"href":"https:\/\/factory.sale\/et\/wp-json\/wp\/v2\/product_tag?post=97653"}],"curies":[{"name":"wp","href":"https:\/\/api.w.org\/{rel}","templated":true}]}}