{"id":97650,"date":"2025-01-13T13:58:18","date_gmt":"2025-01-13T10:58:20","guid":{"rendered":"https:\/\/factory.sale\/?post_type=product&#038;p=97650"},"modified":"2026-03-29T13:29:48","modified_gmt":"2026-03-29T10:29:48","slug":"mattias-saun-3-3m-x-3-3m","status":"publish","type":"product","link":"https:\/\/factory.sale\/et\/toode\/mattias-saun-3-3m-x-3-3m\/","title":{"rendered":"&#8220;Mattias&#8221; saun 3.3m x 3.3m"},"content":{"rendered":"<p>Mattias saun on kauni disainiga \u00f5uesaun, mis \u00fchendab kaasaegse v\u00e4limuse ja kvaliteetsed materjalid, et pakkuda erakordset l\u00f5\u00f5gastushetke. Avar ja l\u00e4bim\u00f5eldud disain teeb sellest t\u00e4iusliku lisa teie aeda v\u00f5i kodu\u00f5uele. Mattias Saun tarnitakse tasapinnaliselt pakendatuna, mis teeb transpordi ja kokkupaneku lihtsaks. Mattias Saun on stiili, vastupidavuse ja funktsionaalsuse t\u00e4iuslik kombinatsioon. Olgu eesm\u00e4rk l\u00f5\u00f5gastumine perega v\u00f5i hubase \u00f5uenurga loomine \u2013 see saun pakub k\u00f5ike, mida vajate.<\/p>\n<p><strong>Tehnilised andmed<\/strong><\/p>\n<ul>\n<li>V\u00e4lism\u00f5\u00f5dud: 3340 mm (P) x 3340 mm (L) x 2405 mm (K)<\/li>\n<li>Leiliruumi m\u00f5\u00f5dud: 2000 mm x 2000 mm<\/li>\n<li>Seinapaksus: 70 mm<\/li>\n<li>Materjal: Vastupidav p\u00f5hjamaine kuusk<\/li>\n<li>Katus: Kvaliteetne ilmastikukindel katusekate<\/li>\n<\/ul>\n<p><strong>Peamised omadused<\/strong><\/p>\n<ul>\n<li>Avar ja funktsionaalne: Saun pakub piisavalt ruumi mugavaks istumiseks ja l\u00f5\u00f5gastumiseks.<\/li>\n<li>Kaasaegne esteetika: Puhas ja modernne disain t\u00e4iustab iga hoovi.<\/li>\n<li>Kvaliteetne konstruktsioon: Valmistatud 70 mm paksusest p\u00f5hjamaise kuuse puidust, tagades suurep\u00e4rase isolatsiooni ja pikaealisuse.<\/li>\n<li>Tasapinnaline tarne: Kompaktne pakend lihtsaks transpordiks ja kohapealseks kokkupanekuks.<\/li>\n<li>L\u00e4bim\u00f5eldud detailid: Komplektis on saunapingid, suured klaasaknad, klaasuks ja vastupidav katusekate, et tagada t\u00e4ielik ja nauditav saunakogemus.<\/li>\n<\/ul>\n<p><strong>Komplekti kuulub<\/strong><\/p>\n<ul>\n<li>Eelt\u00f6\u00f6deldud puidust komponendid kiireks kokkupanekuks<\/li>\n<li>Ilmastikukindel katusekate<\/li>\n<li>Kvaliteetsed pingid maksimaalse mugavuse tagamiseks<\/li>\n<li>Suured klaasaknad ja klaasuks loomuliku valguse ja ventilatsiooni tagamiseks<\/li>\n<li>K\u00f5ik vajalikud kinnitusvahendid ja \u00fcksikasjalikud kokkupanekujuhised<\/li>\n<\/ul>\n<p>NB! Keris ei kuulu komplekti! <a href=\"https:\/\/factory.sale\/et\/toode\/elektrikeris-huum-drop-9-kw\/\" target=\"_blank\" rel=\"noopener\">Sobiva elektrikerise leiad siit<\/a> ja <a href=\"https:\/\/factory.sale\/et\/toode\/harvia-m3-puukeris\/\" target=\"_blank\" rel=\"noopener\">puuk\u00fcttega kerise siit<\/a>.<\/p>\n<p>Pakendi m\u00f5\u00f5dud: <span data-sheets-root=\"1\">450 cm x 120 cm x 100 cm<\/span><\/p>\n<p>Kaal: 1000kg<\/p>\n","protected":false},"excerpt":{"rendered":"<p>Tutvustame Mattias sauna \u2013 modernne ja mugav \u00f5uesaun!<br \/>\nMattias Saun \u00fchendab endas kaasaegse disaini ja kvaliteetse p\u00f5hjamaise kuusekonstruktsiooni, pakkudes stiilset ja vastupidavat l\u00f5\u00f5gastuskohta \u00f5ues. Avar ja funktsionaalne saun sobib ideaalselt nii koduaeda kui ka suvekodusse.<\/p>\n","protected":false},"featured_media":96267,"comment_status":"open","ping_status":"closed","template":"","meta":{"_acf_changed":false},"factory":[],"free-shipment":[],"product_brand":[],"product_cat":[826,2257],"product_tag":[4444,1908],"class_list":{"0":"post-97650","1":"product","2":"type-product","3":"status-publish","4":"has-post-thumbnail","6":"product_cat-saunas-et","7":"product_cat-valisaun","8":"product_tag-garden-sauna-et","9":"product_tag-outdoor-sauna-et","11":"first","12":"instock","13":"sale","14":"taxable","15":"shipping-taxable","16":"purchasable","17":"product-type-simple"},"acf":[],"_links":{"self":[{"href":"https:\/\/factory.sale\/et\/wp-json\/wp\/v2\/product\/97650","targetHints":{"allow":["GET"]}}],"collection":[{"href":"https:\/\/factory.sale\/et\/wp-json\/wp\/v2\/product"}],"about":[{"href":"https:\/\/factory.sale\/et\/wp-json\/wp\/v2\/types\/product"}],"replies":[{"embeddable":true,"href":"https:\/\/factory.sale\/et\/wp-json\/wp\/v2\/comments?post=97650"}],"wp:featuredmedia":[{"embeddable":true,"href":"https:\/\/factory.sale\/et\/wp-json\/wp\/v2\/media\/96267"}],"wp:attachment":[{"href":"https:\/\/factory.sale\/et\/wp-json\/wp\/v2\/media?parent=97650"}],"wp:term":[{"taxonomy":"factory","embeddable":true,"href":"https:\/\/factory.sale\/et\/wp-json\/wp\/v2\/factory?post=97650"},{"taxonomy":"free-shipment","embeddable":true,"href":"https:\/\/factory.sale\/et\/wp-json\/wp\/v2\/free-shipment?post=97650"},{"taxonomy":"product_brand","embeddable":true,"href":"https:\/\/factory.sale\/et\/wp-json\/wp\/v2\/product_brand?post=97650"},{"taxonomy":"product_cat","embeddable":true,"href":"https:\/\/factory.sale\/et\/wp-json\/wp\/v2\/product_cat?post=97650"},{"taxonomy":"product_tag","embeddable":true,"href":"https:\/\/factory.sale\/et\/wp-json\/wp\/v2\/product_tag?post=97650"}],"curies":[{"name":"wp","href":"https:\/\/api.w.org\/{rel}","templated":true}]}}