{"id":97647,"date":"2025-01-13T13:58:15","date_gmt":"2025-01-13T10:58:17","guid":{"rendered":"https:\/\/factory.sale\/?post_type=product&#038;p=97647"},"modified":"2026-03-29T13:32:33","modified_gmt":"2026-03-29T10:32:33","slug":"hiid-saun-4-1m-x-4-6m","status":"publish","type":"product","link":"https:\/\/factory.sale\/et\/toode\/hiid-saun-4-1m-x-4-6m\/","title":{"rendered":"&#8220;Hiid&#8221; saun 4.1m x 4.6m"},"content":{"rendered":"<p>&#8220;Hiid&#8221; saun \u00fchendab modernse disaini, kvaliteetsed materjalid ja funktsionaalsuse, olles ideaalne valik v\u00e4iksematele \u00f5uealadele. Selle praktiline paigutus, p\u00f5hjamaine stiil ja vastupidav konstruktsioon pakuvad l\u00f5\u00f5gastumisv\u00f5imalust otse teie aias. &#8220;Hiid&#8221; Saun on kompaktne, kuid luksuslik saun, mis \u00fchendab stiili, praktilisuse ja vastupidavuse. Olgu otsingul privaatne l\u00f5\u00f5gastumispaik v\u00f5i pilkup\u00fc\u00fcdev lisandus aeda, see saun pakub esmaklassilist saunaelamust.<\/p>\n<p><strong>Tehnilised andmed:<\/strong><\/p>\n<ul>\n<li>V\u00e4lism\u00f5\u00f5dud: 4140 mm (P) x 4610mm (L) x 2405 mm (K)<\/li>\n<li>Leiliruumi m\u00f5\u00f5dud: 2000 mm x 2000 mm<\/li>\n<li>Seinapaksus: 70 mm<\/li>\n<li>Materjal: Kvaliteetne p\u00f5hjamaine kuusk<\/li>\n<li>Katus: Vastupidav ja ilmastikukindel katusekate<\/li>\n<\/ul>\n<p><strong>Peamised omadused<\/strong><\/p>\n<ul>\n<li>Kompaktne ja funktsionaalne: Ideaalne v\u00e4iksematesse aedadesse v\u00f5i terrassidele, pakkudes samas piisavalt ruumi l\u00f5\u00f5gastumiseks.<\/li>\n<li>Modernne p\u00f5hjamaine disain: Stiilne ja praktiline, sobides igasse \u00f5uekeskkonda.<\/li>\n<li>Kvaliteetne konstruktsioon: Valmistatud 70 mm paksusest p\u00f5hjamaise kuuse puidust, mis tagab suurep\u00e4rase isolatsiooni ja pikaealisuse.<\/li>\n<li>Tasapinnaline tarne: Kompaktne pakend lihtsaks transpordiks ja kokkupanekuks.<\/li>\n<li>Kohandatav interj\u00f6\u00f6r: Komplekt sisaldab kvaliteetseid saunapinke, aknaid ja uksi, mis tagavad mugavuse ja praktilisuse.<\/li>\n<\/ul>\n<p><strong>Komplekti kuulub<\/strong><\/p>\n<ul>\n<li>Tasapinnaliselt pakendatud saunakonstruktsioon kiireks kokkupanekuks<\/li>\n<li>Ilmastikukindel katusekate<\/li>\n<li>Ergonoomilised puidust saunapingid<\/li>\n<li>Stiilsed aknad ja uksed loomuliku valguse ja ventilatsiooni tagamiseks<\/li>\n<li>K\u00f5ik vajalikud kinnitusvahendid ja \u00fcksikasjalikud kokkupanekujuhised<\/li>\n<\/ul>\n<p>NB! Keris ei kuulu komplekti! <a href=\"https:\/\/factory.sale\/et\/toode\/elektrikeris-huum-drop-9-kw\/\" target=\"_blank\" rel=\"noopener\">Sobiva elektrikerise leiad siit<\/a> ja <a href=\"https:\/\/factory.sale\/et\/toode\/harvia-m3-puukeris\/\" target=\"_blank\" rel=\"noopener\">puuk\u00fcttega kerise siit<\/a>.<\/p>\n<p>Pakendi m\u00f5\u00f5dud: <span data-sheets-root=\"1\">480 cm x 120 cm x 130 cm<\/span><\/p>\n<p>Kaal: 1700 kg<\/p>\n","protected":false},"excerpt":{"rendered":"<p>Tutvustame &#8220;Hiid&#8221; sauna \u2013 kompaktne disain ja kaasaegne mugavus<br \/>\nSaun &#8220;Hiid&#8221; on stiilne ja praktiline \u00f5uesaun, mis sobib v\u00e4iksematesse ruumidesse mugavusest ja kvaliteedist j\u00e4rele andmata. Valmistatud p\u00f5hjamaise kuusepuust ja kohandatava interj\u00f6\u00f6riga \u2013 ideaalne lisa igasse hoovi.<\/p>\n","protected":false},"featured_media":96286,"comment_status":"open","ping_status":"closed","template":"","meta":{"_acf_changed":false},"factory":[],"free-shipment":[],"product_brand":[],"product_cat":[798,2256],"product_tag":[3056,3369,989],"class_list":{"0":"post-97647","1":"product","2":"type-product","3":"status-publish","4":"has-post-thumbnail","6":"product_cat-sauna-2","7":"product_cat-sauna-cubes","8":"product_tag-garden-sauna","9":"product_tag-compact-sauna","10":"product_tag-outdoor-sauna","12":"first","13":"instock","14":"sale","15":"taxable","16":"shipping-taxable","17":"purchasable","18":"product-type-simple"},"acf":[],"_links":{"self":[{"href":"https:\/\/factory.sale\/et\/wp-json\/wp\/v2\/product\/97647","targetHints":{"allow":["GET"]}}],"collection":[{"href":"https:\/\/factory.sale\/et\/wp-json\/wp\/v2\/product"}],"about":[{"href":"https:\/\/factory.sale\/et\/wp-json\/wp\/v2\/types\/product"}],"replies":[{"embeddable":true,"href":"https:\/\/factory.sale\/et\/wp-json\/wp\/v2\/comments?post=97647"}],"wp:featuredmedia":[{"embeddable":true,"href":"https:\/\/factory.sale\/et\/wp-json\/wp\/v2\/media\/96286"}],"wp:attachment":[{"href":"https:\/\/factory.sale\/et\/wp-json\/wp\/v2\/media?parent=97647"}],"wp:term":[{"taxonomy":"factory","embeddable":true,"href":"https:\/\/factory.sale\/et\/wp-json\/wp\/v2\/factory?post=97647"},{"taxonomy":"free-shipment","embeddable":true,"href":"https:\/\/factory.sale\/et\/wp-json\/wp\/v2\/free-shipment?post=97647"},{"taxonomy":"product_brand","embeddable":true,"href":"https:\/\/factory.sale\/et\/wp-json\/wp\/v2\/product_brand?post=97647"},{"taxonomy":"product_cat","embeddable":true,"href":"https:\/\/factory.sale\/et\/wp-json\/wp\/v2\/product_cat?post=97647"},{"taxonomy":"product_tag","embeddable":true,"href":"https:\/\/factory.sale\/et\/wp-json\/wp\/v2\/product_tag?post=97647"}],"curies":[{"name":"wp","href":"https:\/\/api.w.org\/{rel}","templated":true}]}}