{"id":97643,"date":"2025-01-13T13:58:12","date_gmt":"2025-01-13T10:58:13","guid":{"rendered":"https:\/\/factory.sale\/?post_type=product&#038;p=97643"},"modified":"2026-03-29T13:38:14","modified_gmt":"2026-03-29T10:38:14","slug":"ilmarinen-saun-4-x-1-95m","status":"publish","type":"product","link":"https:\/\/factory.sale\/et\/toode\/ilmarinen-saun-4-x-1-95m\/","title":{"rendered":"&#8220;Ilmarinen&#8221; saun 4 x 1.95m"},"content":{"rendered":"<p>Ilmarinen saun on p\u00f5hjamaade m\u00fctoloogiast inspireeritud vastupidav ja funktsionaalne t\u00fcnnisaun, mille ainulaadne \u00fcmar disain ja kvaliteetne skandinaavia kuusepuu viimistlus sobivad ideaalselt igasse kodu- v\u00f5i suvilakogukonda.<br \/>\nSelle praktiliste lahenduste hulka kuuluvad nutikalt integreeritud k\u00fcttepuude hoiustamise koht ning mitmetasandiline sissep\u00e4\u00e4suala, kus on v\u00e4lipink ja laud, v\u00f5imaldades nautida saunatamist ka v\u00e4ljaspool sauna. Suur \u00fcmmargune panoraamaken toob sauna rikkalikult loodusvalgust ja avab kaunid vaated. Ilmarinen on loodud kestma, kasutades kvaliteetseid ja ilmastikukindlaid materjale, mis tagavad pikaealisuse ja\u00a0vastupidavuse.<\/p>\n<p><strong>Tehnilised andmed<\/strong><\/p>\n<ul>\n<li>V\u00e4lim\u00f5\u00f5dud: 1950 mm (P) x 4000 mm (L) x 2480 mm (K)<\/li>\n<li>Aken \u00d890 cm<\/li>\n<li>Uks 70 x 180 cm<\/li>\n<li>Materjal: termopuit<\/li>\n<li>Pakendi m\u00f5\u00f5dud: H120 cm x D120 cm x L400 cm<\/li>\n<li>Kaal: 1100 kg<\/li>\n<\/ul>\n<p><strong>Peamised omadused<\/strong><\/p>\n<ul>\n<li>Avar interj\u00f6\u00f6r.<\/li>\n<li>Tasapinnaline pakketoimetus: Saun tarnitakse kompaktse pakendina, mis lihtsustab transporti ja kokkupanekut.<\/li>\n<li>Modernne disain: Kaasaegne ja stiilne v\u00e4limus t\u00e4iustab iga \u00f5ueala, \u00fchendades funktsionaalsuse ja esteetilise atraktiivsuse.<\/li>\n<li>Kvaliteetsed materjalid: Kestvaks kasutamiseks ehitatud konstruktsioon, mis talub erinevaid ilmastikuolusid.<\/li>\n<li>Vastupidav katusekonstruktsioon: Kujundatud taluma erinevaid ilmastikutingimusi ja pakkuma usaldusv\u00e4\u00e4rset kaitset.<\/li>\n<\/ul>\n<p><strong>Komplekti kuulub<\/strong><\/p>\n<ul>\n<li>Valmis saunapaneelid (kokkupanemata kujul).<\/li>\n<li>Akendega puidust uks ning karastatud klaasist aken.<\/li>\n<li>Kerise all ja tagaseinas, tule- ja kuumakindel minerit plaat<\/li>\n<li>Ventilatsioonis\u00fcsteem<\/li>\n<li>P\u00f5randarestid<\/li>\n<li>Saunapingid<\/li>\n<li>K\u00f5ik vajalikud kinnitusvahendid ja juhendid.<\/li>\n<li>Katusematerjal bituumensindel (must, pruun, hall, punane v\u00f5i roheline)<\/li>\n<\/ul>\n<p><img loading=\"lazy\" decoding=\"async\" class=\"alignnone wp-image-97386\" src=\"https:\/\/factory.sale\/wp-content\/uploads\/2025\/01\/roof-color-options-300x67.webp\" alt=\"\" width=\"524\" height=\"117\" srcset=\"https:\/\/factory.sale\/wp-content\/uploads\/2025\/01\/roof-color-options-300x67.webp 300w, https:\/\/factory.sale\/wp-content\/uploads\/2025\/01\/roof-color-options-150x33.webp 150w, https:\/\/factory.sale\/wp-content\/uploads\/2025\/01\/roof-color-options-600x134.webp 600w, https:\/\/factory.sale\/wp-content\/uploads\/2025\/01\/roof-color-options.webp 754w\" sizes=\"auto, (max-width: 524px) 100vw, 524px\" \/><\/p>\n<p>NB! Keris ei kuulu komplekti! Sobiva ahjuk\u00fcttega kerise leiad siit ja elektrikerise siit.<\/p>\n<p><strong>Valikulised lisad:<\/strong><\/p>\n<ul>\n<li>LED-valgustusribad<\/li>\n<li>Seljatoekomplekt (2 tk)<\/li>\n<li>Kaelatoekomplekt (2 tk)<\/li>\n<li>Saunatarvikute komplekt (sisaldab \u00e4mbrit, kopsikut ja termomeetrit)<\/li>\n<li>Veepaak puuk\u00fcttega ahjule<\/li>\n<li>Korstnakomplekt<\/li>\n<\/ul>\n<p>&nbsp;<\/p>\n","protected":false},"excerpt":{"rendered":"<p>Tutvustame Ilmarinen sauna \u2013 avar ja stiilne \u00f5uesaun<\/p>\n<p>Ilmarinen saun on ideaalne valik, kui otsite kvaliteetset \u00f5uesauna l\u00f5\u00f5gastumiseks. Kaasaegne disain, kvaliteetsed materjalid ja avar interj\u00f6\u00f6r muudavad selle sauna iga aia v\u00f5i \u00f5ueala pilgup\u00fc\u00fcdjaks. Lihtsasti kokkupandav komplekt \u00fchendab endas mugavuse ja praktilisuse.<\/p>\n","protected":false},"featured_media":97663,"comment_status":"open","ping_status":"closed","template":"","meta":{"_acf_changed":false},"factory":[],"free-shipment":[],"product_brand":[],"product_cat":[826,1643],"product_tag":[1648,4444,3847,1908],"class_list":{"0":"post-97643","1":"product","2":"type-product","3":"status-publish","4":"has-post-thumbnail","6":"product_cat-saunas-et","7":"product_cat-tunnisaun","8":"product_tag-barrel-sauna-et","9":"product_tag-garden-sauna-et","10":"product_tag-kompaktne-saun-et","11":"product_tag-outdoor-sauna-et","13":"first","14":"instock","15":"sale","16":"taxable","17":"shipping-taxable","18":"purchasable","19":"product-type-simple"},"acf":[],"_links":{"self":[{"href":"https:\/\/factory.sale\/et\/wp-json\/wp\/v2\/product\/97643","targetHints":{"allow":["GET"]}}],"collection":[{"href":"https:\/\/factory.sale\/et\/wp-json\/wp\/v2\/product"}],"about":[{"href":"https:\/\/factory.sale\/et\/wp-json\/wp\/v2\/types\/product"}],"replies":[{"embeddable":true,"href":"https:\/\/factory.sale\/et\/wp-json\/wp\/v2\/comments?post=97643"}],"wp:featuredmedia":[{"embeddable":true,"href":"https:\/\/factory.sale\/et\/wp-json\/wp\/v2\/media\/97663"}],"wp:attachment":[{"href":"https:\/\/factory.sale\/et\/wp-json\/wp\/v2\/media?parent=97643"}],"wp:term":[{"taxonomy":"factory","embeddable":true,"href":"https:\/\/factory.sale\/et\/wp-json\/wp\/v2\/factory?post=97643"},{"taxonomy":"free-shipment","embeddable":true,"href":"https:\/\/factory.sale\/et\/wp-json\/wp\/v2\/free-shipment?post=97643"},{"taxonomy":"product_brand","embeddable":true,"href":"https:\/\/factory.sale\/et\/wp-json\/wp\/v2\/product_brand?post=97643"},{"taxonomy":"product_cat","embeddable":true,"href":"https:\/\/factory.sale\/et\/wp-json\/wp\/v2\/product_cat?post=97643"},{"taxonomy":"product_tag","embeddable":true,"href":"https:\/\/factory.sale\/et\/wp-json\/wp\/v2\/product_tag?post=97643"}],"curies":[{"name":"wp","href":"https:\/\/api.w.org\/{rel}","templated":true}]}}