{"id":97642,"date":"2025-01-13T13:58:11","date_gmt":"2025-01-13T10:58:12","guid":{"rendered":"https:\/\/factory.sale\/?post_type=product&#038;p=97642"},"modified":"2026-03-29T13:42:26","modified_gmt":"2026-03-29T10:42:26","slug":"ilmarinen-saun-4x5m","status":"publish","type":"product","link":"https:\/\/factory.sale\/et\/toode\/ilmarinen-saun-4x5m\/","title":{"rendered":"&#8220;Ilmarinen&#8221; saun 4x5m"},"content":{"rendered":"<p>Saun Ilmarinen on p\u00f5hjamaade m\u00fctoloogiast inspireeritud vastupidav ja funktsionaalne t\u00fcnnisaun, mille ainulaadne \u00fcmar disain ja kvaliteetne skandinaavia kuusepuu viimistlus sobivad ideaalselt igasse kodu- v\u00f5i suvilakogukonda.<br \/>\nSelle praktiliste lahenduste hulka kuuluvad nutikalt integreeritud k\u00fcttepuude hoiustamise koht ning mitmetasandiline sissep\u00e4\u00e4suala, kus on v\u00e4lipink ja laud, v\u00f5imaldades nautida saunatamist ka v\u00e4ljaspool sauna. Suur \u00fcmmargune panoraamaken toob sauna rikkalikult loodusvalgust ja avab kaunid vaated. Ilmarinen on loodud kestma, kasutades kvaliteetseid ja ilmastikukindlaid materjale, mis tagavad pikaealisuse ja\u00a0vastupidavuse.<\/p>\n<p><strong>Tehnilised andmed<\/strong><\/p>\n<ul>\n<li>V\u00e4lim\u00f5\u00f5dud: 5000 mm (P) x 4000 mm (L) x 2480 mm (K)<\/li>\n<li>Aknad 1 tk 58 x 77 cm \/1 tk 38 x 66 cm<\/li>\n<li>Uks 228 x 189 cm<\/li>\n<li>Materjal: termopuit<\/li>\n<li>Pakendi m\u00f5\u00f5dud: <span data-sheets-root=\"1\">500 cm x 120 cm x 170 cm<\/span><\/li>\n<li>Kaal: 2500 kg<\/li>\n<\/ul>\n<p><strong>Peamised omadused<\/strong><\/p>\n<ul>\n<li>Avar interj\u00f6\u00f6r.<\/li>\n<li>Tasapinnaline pakketoimetus: Saun tarnitakse kompaktse pakendina, mis lihtsustab transporti ja kokkupanekut.<\/li>\n<li>Modernne disain: Kaasaegne ja stiilne v\u00e4limus t\u00e4iustab iga \u00f5ueala, \u00fchendades funktsionaalsuse ja esteetilise atraktiivsuse.<\/li>\n<li>Kvaliteetsed materjalid: Kestvaks kasutamiseks ehitatud konstruktsioon, mis talub erinevaid ilmastikuolusid.<\/li>\n<li>Vastupidav katusekonstruktsioon: Kujundatud taluma erinevaid ilmastikutingimusi ja pakkuma usaldusv\u00e4\u00e4rset kaitset.<\/li>\n<\/ul>\n<p><strong>Komplekti kuulub<\/strong><\/p>\n<ul>\n<li>Valmis saunapaneelid (kokkupanemata kujul).<\/li>\n<li>Karastatud klaasist aknad ja uks<\/li>\n<li>Kerise all ja tagaseinas, tule- ja kuumakindel minerit plaat<\/li>\n<li>Ventilatsioonis\u00fcsteem<\/li>\n<li>P\u00f5randarestid<\/li>\n<li>Saunapingid<\/li>\n<li>K\u00f5ik vajalikud kinnitusvahendid ja juhendid.<\/li>\n<li>Katusematerjal bituumensindel (must, pruun, hall, punane v\u00f5i roheline)<\/li>\n<\/ul>\n<p><img loading=\"lazy\" decoding=\"async\" class=\"alignnone wp-image-97386\" src=\"https:\/\/factory.sale\/wp-content\/uploads\/2025\/01\/roof-color-options-300x67.webp\" alt=\"\" width=\"524\" height=\"117\" srcset=\"https:\/\/factory.sale\/wp-content\/uploads\/2025\/01\/roof-color-options-300x67.webp 300w, https:\/\/factory.sale\/wp-content\/uploads\/2025\/01\/roof-color-options-150x33.webp 150w, https:\/\/factory.sale\/wp-content\/uploads\/2025\/01\/roof-color-options-600x134.webp 600w, https:\/\/factory.sale\/wp-content\/uploads\/2025\/01\/roof-color-options.webp 754w\" sizes=\"auto, (max-width: 524px) 100vw, 524px\" \/><\/p>\n<p>NB! Keris ei kuulu komplekti! Sobiva <a href=\"https:\/\/factory.sale\/et\/toode\/puukuttega-keris-harvia-20-pro\/\" target=\"_blank\" rel=\"noopener\">ahjuk\u00fcttega kerise leiad siit<\/a> ja <a href=\"https:\/\/factory.sale\/et\/toode\/elektrikeris-huum-hive-12kw\/\" target=\"_blank\" rel=\"noopener\">elektrikerise siit<\/a>.<\/p>\n<p><strong>Valikulised lisad (lisatasu eest):<\/strong><\/p>\n<ul>\n<li>LED-valgustusribad<\/li>\n<li>Seljatoekomplekt (2 tk)<\/li>\n<li>Kaelatoekomplekt (2 tk)<\/li>\n<li>Saunatarvikute komplekt (sisaldab \u00e4mbrit, kopsikut ja termomeetrit)<\/li>\n<li>Veepaak puuk\u00fcttega ahjule<\/li>\n<li>Korstnakomplekt<\/li>\n<\/ul>\n<p>&nbsp;<\/p>\n","protected":false},"excerpt":{"rendered":"<p>Tutvustame Ilmarinen sauna \u2013 avar ja stiilne \u00f5uesaun<\/p>\n<p>Ilmarinen saun on ideaalne valik, kui otsite kvaliteetset \u00f5uesauna l\u00f5\u00f5gastumiseks. Kaasaegne disain, kvaliteetsed materjalid ja avar interj\u00f6\u00f6r muudavad selle sauna iga aia v\u00f5i \u00f5ueala pilgup\u00fc\u00fcdjaks. Lihtsasti kokkupandav komplekt \u00fchendab endas mugavuse ja praktilisuse.<\/p>\n","protected":false},"featured_media":97678,"comment_status":"open","ping_status":"closed","template":"","meta":{"_acf_changed":false},"factory":[],"free-shipment":[],"product_brand":[],"product_cat":[826,1643],"product_tag":[1648,4444,1908],"class_list":{"0":"post-97642","1":"product","2":"type-product","3":"status-publish","4":"has-post-thumbnail","6":"product_cat-saunas-et","7":"product_cat-tunnisaun","8":"product_tag-barrel-sauna-et","9":"product_tag-garden-sauna-et","10":"product_tag-outdoor-sauna-et","12":"first","13":"instock","14":"sale","15":"taxable","16":"shipping-taxable","17":"purchasable","18":"product-type-simple"},"acf":[],"_links":{"self":[{"href":"https:\/\/factory.sale\/et\/wp-json\/wp\/v2\/product\/97642","targetHints":{"allow":["GET"]}}],"collection":[{"href":"https:\/\/factory.sale\/et\/wp-json\/wp\/v2\/product"}],"about":[{"href":"https:\/\/factory.sale\/et\/wp-json\/wp\/v2\/types\/product"}],"replies":[{"embeddable":true,"href":"https:\/\/factory.sale\/et\/wp-json\/wp\/v2\/comments?post=97642"}],"wp:featuredmedia":[{"embeddable":true,"href":"https:\/\/factory.sale\/et\/wp-json\/wp\/v2\/media\/97678"}],"wp:attachment":[{"href":"https:\/\/factory.sale\/et\/wp-json\/wp\/v2\/media?parent=97642"}],"wp:term":[{"taxonomy":"factory","embeddable":true,"href":"https:\/\/factory.sale\/et\/wp-json\/wp\/v2\/factory?post=97642"},{"taxonomy":"free-shipment","embeddable":true,"href":"https:\/\/factory.sale\/et\/wp-json\/wp\/v2\/free-shipment?post=97642"},{"taxonomy":"product_brand","embeddable":true,"href":"https:\/\/factory.sale\/et\/wp-json\/wp\/v2\/product_brand?post=97642"},{"taxonomy":"product_cat","embeddable":true,"href":"https:\/\/factory.sale\/et\/wp-json\/wp\/v2\/product_cat?post=97642"},{"taxonomy":"product_tag","embeddable":true,"href":"https:\/\/factory.sale\/et\/wp-json\/wp\/v2\/product_tag?post=97642"}],"curies":[{"name":"wp","href":"https:\/\/api.w.org\/{rel}","templated":true}]}}