{"id":97523,"date":"2024-11-11T00:40:46","date_gmt":"2025-01-12T17:14:52","guid":{"rendered":"https:\/\/factory.sale\/?post_type=product&#038;p=97523"},"modified":"2026-03-29T15:02:55","modified_gmt":"2026-03-29T12:02:55","slug":"vegvisir-xl-saun","status":"publish","type":"product","link":"https:\/\/factory.sale\/et\/toode\/vegvisir-xl-saun\/","title":{"rendered":"&#8220;Vegvisir XL&#8221; saun"},"content":{"rendered":"<p>Vegvisir XL v\u00e4lisaun pakub k\u00f5rgkvaliteetset saunaelamust seal, kus iganes hing ihkab. Ruumikas ja kompaktne disain t\u00e4hendab, et paigaldamiseks ei ole vaja ehitusluba, kuid on siiski piisavalt suur, et v\u00f5\u00f5rustada k\u00fclalisi. N\u00e4dalavahetuse minipuhkus Vegvisir XL v\u00e4lisaunas pakub t\u00f5elist l\u00f5\u00f5gastust ja rahu, kus saab nautida kuuma sauna, v\u00e4rsket \u00f5hku ning looduse ilu. Olgu see suvekodus j\u00e4rve \u00e4\u00e4res v\u00f5i metsas. Saunakogemust t\u00e4iustab aktiivne p\u00e4ev matkates v\u00f5i ujudes ning \u00f5htune leil toob rahuliku une ja v\u00e4rskendab keha ja meelt.<\/p>\n<p>Tehnilised n\u00e4itajad:<\/p>\n<ul>\n<li>Materjal: P\u00f5hjamaine kuusk<\/li>\n<li>Seinte paksus: 45 mm<\/li>\n<li>V\u00e4lism\u00f5\u00f5tmed: 2420 mm x 3846 mm x 2490 mm (K x L x S)<\/li>\n<li>Alusraam: 90 mm x 45 mm (immutatud)<\/li>\n<li>Aluse talad: 45 mm x 45 mm (immutatud)<\/li>\n<li>P\u00f5randalaud: 28 mm<\/li>\n<li>Katuse talad: 70 mm x 170 mm<\/li>\n<li>Katuse lauad: 20 mm paks<\/li>\n<li>Katusekate: iseliimuv katusefoolium pikaajalise kaitse tagamiseks v\u00e4listingimustes.<\/li>\n<li>Aknad: 4 mm karastatud klaas, 765 mm x 1770 mm (2 tk), avatav aken 1000 mm x 500 mm<\/li>\n<li>Uksed: Karastatud klaas, peauks 800 mm x 1900 mm, lisauks 700 mm x 1900 mm<\/li>\n<li>Saunapinkide materjal: oksavaba haab<\/li>\n<\/ul>\n<p>NB! K\u00fcttekeha ei ole kaasas.<\/p>\n<p>Komplekt sisaldab:<\/p>\n<ul>\n<li>Komplektne saun p\u00f5hjamaise kuusepuidust (t\u00f6\u00f6tlemata, monteerimata, tarnitakse detailidena lamedas pakendis)<\/li>\n<li>Lavad ja seljatoed mugavaks saunakogemuseks<\/li>\n<li>Karastatud klaasist aknad ja -uks modernse v\u00e4limuse loomiseks<\/li>\n<li>Katusematerjal Toptite 6<\/li>\n<li>Paigaldusjuhend ja vajalikud kinnitusvahendid<\/li>\n<\/ul>\n<p>Soovituslikud kerised:<\/p>\n<blockquote class=\"wp-embedded-content\" data-secret=\"Y9M8MftInE\">    <div class=\"col-xl-3 col-6\">\n        <div class=\"product-card h-100\">\n            <div class=\"ratio ratio-4x3 overflow-hidden\">\n                <a href=\"https:\/\/factory.sale\/et\/toode\/huum-hive-flow-puukuttega-keris-98kw-2\/\">\n                    <img loading=\"lazy\" decoding=\"async\" width=\"768\" height=\"768\" src=\"https:\/\/factory.sale\/wp-content\/uploads\/2024\/07\/wood-burning-sauna-heater-huum-hive-flow-factory-sale.webp\" class=\"img-fluid object-fit-contain w-100 h-100\" alt=\"HUUM HIVE Flow puuk\u00fcttega keris 9,8kW\" srcset=\"https:\/\/factory.sale\/wp-content\/uploads\/2024\/07\/wood-burning-sauna-heater-huum-hive-flow-factory-sale.webp 2304w, https:\/\/factory.sale\/wp-content\/uploads\/2024\/07\/wood-burning-sauna-heater-huum-hive-flow-factory-sale-300x300.webp 300w, https:\/\/factory.sale\/wp-content\/uploads\/2024\/07\/wood-burning-sauna-heater-huum-hive-flow-factory-sale-1024x1024.webp 1024w, https:\/\/factory.sale\/wp-content\/uploads\/2024\/07\/wood-burning-sauna-heater-huum-hive-flow-factory-sale-150x150.webp 150w, https:\/\/factory.sale\/wp-content\/uploads\/2024\/07\/wood-burning-sauna-heater-huum-hive-flow-factory-sale-1536x1536.webp 1536w, https:\/\/factory.sale\/wp-content\/uploads\/2024\/07\/wood-burning-sauna-heater-huum-hive-flow-factory-sale-2048x2048.webp 2048w, https:\/\/factory.sale\/wp-content\/uploads\/2024\/07\/wood-burning-sauna-heater-huum-hive-flow-factory-sale-400x400.webp 400w, https:\/\/factory.sale\/wp-content\/uploads\/2024\/07\/wood-burning-sauna-heater-huum-hive-flow-factory-sale-600x600.webp 600w, https:\/\/factory.sale\/wp-content\/uploads\/2024\/07\/wood-burning-sauna-heater-huum-hive-flow-factory-sale-100x100.webp 100w\" sizes=\"auto, (max-width: 768px) 100vw, 768px\" \/>                <\/a>\n            <\/div>\n\n            <div class=\"px-xl-3 px-2 py-3 text-xl-start\">\n                <a class=\"product-title-link\" href=\"https:\/\/factory.sale\/et\/toode\/huum-hive-flow-puukuttega-keris-98kw-2\/\">\n                    <p class=\"d-none d-xl-block\">HUUM HIVE Flow puuk\u00fcttega keris 9,8kW<\/p>\n                    <p class=\"d-xl-none\">HUUM HIVE Flow puuk\u00fcttega keris 9,8kW<\/p>\n                <\/a>\n\n                <div class=\"price\">\n                                            <span class=\"new-price\"><span class=\"woocommerce-Price-amount amount\"><bdi><span class=\"woocommerce-Price-currencySymbol\">&euro;<\/span>1 380,00<\/bdi><\/span><\/span>\n                        <span class=\"old-price\"><span class=\"woocommerce-Price-amount amount\"><bdi><span class=\"woocommerce-Price-currencySymbol\">&euro;<\/span>1 528,00<\/bdi><\/span><\/span>\n                                    <\/div>\n\n                <div class=\"d-xl-grid d-none gap-4 d-xl-flex justify-content-start mt-2\">\n                    <button class=\"btn btn-product ajax-add-to-quote w-100 mt-1rem\"\n                            data-product-id=\"87872\">\n                        Add to quote\n                    <\/button>\n                <\/div>\n            <\/div>\n\n                            <div class=\"sale\">Sale -10%<\/div>\n                    <\/div>\n    <\/div>\n    <\/blockquote>\n<p><iframe loading=\"lazy\" class=\"wp-embedded-content\" sandbox=\"allow-scripts\" security=\"restricted\" style=\"position: absolute; visibility: hidden;\" title=\"&#8220;HUUM HIVE Flow puuk\u00fcttega keris 9,8kW&#8221; &#8212; Factory Sale\" src=\"https:\/\/factory.sale\/et\/toode\/huum-hive-flow-puukuttega-keris-98kw-2\/embed\/#?secret=i6YZ3twA38#?secret=Y9M8MftInE\" data-secret=\"Y9M8MftInE\" width=\"500\" height=\"282\" frameborder=\"0\" marginwidth=\"0\" marginheight=\"0\" scrolling=\"no\"><\/iframe><\/p>\n<blockquote class=\"wp-embedded-content\" data-secret=\"MfJ4YpB4Te\">    <div class=\"col-xl-3 col-6\">\n        <div class=\"product-card h-100\">\n            <div class=\"ratio ratio-4x3 overflow-hidden\">\n                <a href=\"https:\/\/factory.sale\/et\/toode\/puukuttega-keris-huum-hive-wood-13-kw\/\">\n                    <img loading=\"lazy\" decoding=\"async\" width=\"768\" height=\"768\" src=\"https:\/\/factory.sale\/wp-content\/uploads\/2021\/03\/huum-hive-wood-sauna-heater-13kw-factory-sale-768x768.webp\" class=\"img-fluid object-fit-contain w-100 h-100\" alt=\"Puuk\u00fcttega keris HUUM HIVE WOOD 13 kW\" srcset=\"https:\/\/factory.sale\/wp-content\/uploads\/2021\/03\/huum-hive-wood-sauna-heater-13kw-factory-sale-768x768.webp 768w, https:\/\/factory.sale\/wp-content\/uploads\/2021\/03\/huum-hive-wood-sauna-heater-13kw-factory-sale-300x300.webp 300w, https:\/\/factory.sale\/wp-content\/uploads\/2021\/03\/huum-hive-wood-sauna-heater-13kw-factory-sale-1024x1024.webp 1024w, https:\/\/factory.sale\/wp-content\/uploads\/2021\/03\/huum-hive-wood-sauna-heater-13kw-factory-sale-150x150.webp 150w, https:\/\/factory.sale\/wp-content\/uploads\/2021\/03\/huum-hive-wood-sauna-heater-13kw-factory-sale-1536x1536.webp 1536w, https:\/\/factory.sale\/wp-content\/uploads\/2021\/03\/huum-hive-wood-sauna-heater-13kw-factory-sale-2048x2048.webp 2048w, https:\/\/factory.sale\/wp-content\/uploads\/2021\/03\/huum-hive-wood-sauna-heater-13kw-factory-sale-600x600.webp 600w, https:\/\/factory.sale\/wp-content\/uploads\/2021\/03\/huum-hive-wood-sauna-heater-13kw-factory-sale-100x100.webp 100w\" sizes=\"auto, (max-width: 768px) 100vw, 768px\" \/>                <\/a>\n            <\/div>\n\n            <div class=\"px-xl-3 px-2 py-3 text-xl-start\">\n                <a class=\"product-title-link\" href=\"https:\/\/factory.sale\/et\/toode\/puukuttega-keris-huum-hive-wood-13-kw\/\">\n                    <p class=\"d-none d-xl-block\">Puuk\u00fcttega keris HUUM HIVE WOOD 13 kW<\/p>\n                    <p class=\"d-xl-none\">Puuk\u00fcttega keris HUUM HIVE WOOD 13 kW<\/p>\n                <\/a>\n\n                <div class=\"price\">\n                                            <span class=\"new-price\"><span class=\"woocommerce-Price-amount amount\"><bdi><span class=\"woocommerce-Price-currencySymbol\">&euro;<\/span>1 000,00<\/bdi><\/span><\/span>\n                        <span class=\"old-price\"><span class=\"woocommerce-Price-amount amount\"><bdi><span class=\"woocommerce-Price-currencySymbol\">&euro;<\/span>1 100,00<\/bdi><\/span><\/span>\n                                    <\/div>\n\n                <div class=\"d-xl-grid d-none gap-4 d-xl-flex justify-content-start mt-2\">\n                    <button class=\"btn btn-product ajax-add-to-quote w-100 mt-1rem\"\n                            data-product-id=\"4788\">\n                        Add to quote\n                    <\/button>\n                <\/div>\n            <\/div>\n\n                            <div class=\"sale\">Sale -9%<\/div>\n                    <\/div>\n    <\/div>\n    <\/blockquote>\n<p><iframe loading=\"lazy\" class=\"wp-embedded-content\" sandbox=\"allow-scripts\" security=\"restricted\" style=\"position: absolute; visibility: hidden;\" title=\"&#8220;Puuk\u00fcttega keris HUUM HIVE WOOD 13 kW&#8221; &#8212; Factory Sale\" src=\"https:\/\/factory.sale\/et\/toode\/puukuttega-keris-huum-hive-wood-13-kw\/embed\/#?secret=0tgu0EtyEA#?secret=MfJ4YpB4Te\" data-secret=\"MfJ4YpB4Te\" width=\"500\" height=\"282\" frameborder=\"0\" marginwidth=\"0\" marginheight=\"0\" scrolling=\"no\"><\/iframe><\/p>\n<blockquote class=\"wp-embedded-content\" data-secret=\"LOATTGPNOn\">    <div class=\"col-xl-3 col-6\">\n        <div class=\"product-card h-100\">\n            <div class=\"ratio ratio-4x3 overflow-hidden\">\n                <a href=\"https:\/\/factory.sale\/et\/toode\/puukeris-huum-hive-wood-17kw\/\">\n                    <img loading=\"lazy\" decoding=\"async\" width=\"768\" height=\"768\" src=\"https:\/\/factory.sale\/wp-content\/uploads\/2022\/08\/huum-hive-wood-sauna-heater-factory-sale-2-1.webp\" class=\"img-fluid object-fit-contain w-100 h-100\" alt=\"Puuk\u00fcttega keris HUUM HIVE Wood 17kW\" srcset=\"https:\/\/factory.sale\/wp-content\/uploads\/2022\/08\/huum-hive-wood-sauna-heater-factory-sale-2-1.webp 2304w, https:\/\/factory.sale\/wp-content\/uploads\/2022\/08\/huum-hive-wood-sauna-heater-factory-sale-2-1-300x300.webp 300w, https:\/\/factory.sale\/wp-content\/uploads\/2022\/08\/huum-hive-wood-sauna-heater-factory-sale-2-1-1024x1024.webp 1024w, https:\/\/factory.sale\/wp-content\/uploads\/2022\/08\/huum-hive-wood-sauna-heater-factory-sale-2-1-150x150.webp 150w, https:\/\/factory.sale\/wp-content\/uploads\/2022\/08\/huum-hive-wood-sauna-heater-factory-sale-2-1-1536x1536.webp 1536w, https:\/\/factory.sale\/wp-content\/uploads\/2022\/08\/huum-hive-wood-sauna-heater-factory-sale-2-1-2048x2048.webp 2048w, https:\/\/factory.sale\/wp-content\/uploads\/2022\/08\/huum-hive-wood-sauna-heater-factory-sale-2-1-400x400.webp 400w, https:\/\/factory.sale\/wp-content\/uploads\/2022\/08\/huum-hive-wood-sauna-heater-factory-sale-2-1-600x600.webp 600w, https:\/\/factory.sale\/wp-content\/uploads\/2022\/08\/huum-hive-wood-sauna-heater-factory-sale-2-1-100x100.webp 100w\" sizes=\"auto, (max-width: 768px) 100vw, 768px\" \/>                <\/a>\n            <\/div>\n\n            <div class=\"px-xl-3 px-2 py-3 text-xl-start\">\n                <a class=\"product-title-link\" href=\"https:\/\/factory.sale\/et\/toode\/puukeris-huum-hive-wood-17kw\/\">\n                    <p class=\"d-none d-xl-block\">Puuk\u00fcttega keris HUUM HIVE Wood 17kW<\/p>\n                    <p class=\"d-xl-none\">Puuk\u00fcttega keris HUUM HIVE Wood 17kW<\/p>\n                <\/a>\n\n                <div class=\"price\">\n                                            <span class=\"new-price\"><span class=\"woocommerce-Price-amount amount\"><bdi><span class=\"woocommerce-Price-currencySymbol\">&euro;<\/span>1 165,00<\/bdi><\/span><\/span>\n                        <span class=\"old-price\"><span class=\"woocommerce-Price-amount amount\"><bdi><span class=\"woocommerce-Price-currencySymbol\">&euro;<\/span>1 281,00<\/bdi><\/span><\/span>\n                                    <\/div>\n\n                <div class=\"d-xl-grid d-none gap-4 d-xl-flex justify-content-start mt-2\">\n                    <button class=\"btn btn-product ajax-add-to-quote w-100 mt-1rem\"\n                            data-product-id=\"11663\">\n                        Add to quote\n                    <\/button>\n                <\/div>\n            <\/div>\n\n                            <div class=\"sale\">Sale -9%<\/div>\n                    <\/div>\n    <\/div>\n    <\/blockquote>\n<p><iframe loading=\"lazy\" class=\"wp-embedded-content\" sandbox=\"allow-scripts\" security=\"restricted\" style=\"position: absolute; visibility: hidden;\" title=\"&#8220;Puuk\u00fcttega keris HUUM HIVE Wood 17kW&#8221; &#8212; Factory Sale\" src=\"https:\/\/factory.sale\/et\/toode\/puukeris-huum-hive-wood-17kw\/embed\/#?secret=WEvakIOXvk#?secret=LOATTGPNOn\" data-secret=\"LOATTGPNOn\" width=\"500\" height=\"282\" frameborder=\"0\" marginwidth=\"0\" marginheight=\"0\" scrolling=\"no\"><\/iframe><\/p>\n<blockquote class=\"wp-embedded-content\" data-secret=\"ONdDnS1odH\">    <div class=\"col-xl-3 col-6\">\n        <div class=\"product-card h-100\">\n            <div class=\"ratio ratio-4x3 overflow-hidden\">\n                <a href=\"https:\/\/factory.sale\/et\/toode\/elektrikeris-huum-hive-15kw\/\">\n                    <img loading=\"lazy\" decoding=\"async\" width=\"768\" height=\"768\" src=\"https:\/\/factory.sale\/wp-content\/uploads\/2022\/08\/huum-hive-sauna-heater-electric-15kw-incl-factory-sale-768x768.webp\" class=\"img-fluid object-fit-contain w-100 h-100\" alt=\"Elektrikeris HUUM HIVE 15kW \u00f5hutunneliga\" srcset=\"https:\/\/factory.sale\/wp-content\/uploads\/2022\/08\/huum-hive-sauna-heater-electric-15kw-incl-factory-sale-768x768.webp 768w, https:\/\/factory.sale\/wp-content\/uploads\/2022\/08\/huum-hive-sauna-heater-electric-15kw-incl-factory-sale-300x300.webp 300w, https:\/\/factory.sale\/wp-content\/uploads\/2022\/08\/huum-hive-sauna-heater-electric-15kw-incl-factory-sale-1024x1024.webp 1024w, https:\/\/factory.sale\/wp-content\/uploads\/2022\/08\/huum-hive-sauna-heater-electric-15kw-incl-factory-sale-150x150.webp 150w, https:\/\/factory.sale\/wp-content\/uploads\/2022\/08\/huum-hive-sauna-heater-electric-15kw-incl-factory-sale-1536x1536.webp 1536w, https:\/\/factory.sale\/wp-content\/uploads\/2022\/08\/huum-hive-sauna-heater-electric-15kw-incl-factory-sale-2048x2048.webp 2048w, https:\/\/factory.sale\/wp-content\/uploads\/2022\/08\/huum-hive-sauna-heater-electric-15kw-incl-factory-sale-600x600.webp 600w, https:\/\/factory.sale\/wp-content\/uploads\/2022\/08\/huum-hive-sauna-heater-electric-15kw-incl-factory-sale-100x100.webp 100w\" sizes=\"auto, (max-width: 768px) 100vw, 768px\" \/>                <\/a>\n            <\/div>\n\n            <div class=\"px-xl-3 px-2 py-3 text-xl-start\">\n                <a class=\"product-title-link\" href=\"https:\/\/factory.sale\/et\/toode\/elektrikeris-huum-hive-15kw\/\">\n                    <p class=\"d-none d-xl-block\">Elektrikeris HUUM HIVE 15kW \u00f5hutunneliga<\/p>\n                    <p class=\"d-xl-none\">Elektrikeris HUUM HIVE 15kW \u00f5hutunneliga<\/p>\n                <\/a>\n\n                <div class=\"price\">\n                                            <span class=\"new-price\"><span class=\"woocommerce-Price-amount amount\"><bdi><span class=\"woocommerce-Price-currencySymbol\">&euro;<\/span>1 018,00<\/bdi><\/span><\/span>\n                        <span class=\"old-price\"><span class=\"woocommerce-Price-amount amount\"><bdi><span class=\"woocommerce-Price-currencySymbol\">&euro;<\/span>1 119,00<\/bdi><\/span><\/span>\n                                    <\/div>\n\n                <div class=\"d-xl-grid d-none gap-4 d-xl-flex justify-content-start mt-2\">\n                    <button class=\"btn btn-product ajax-add-to-quote w-100 mt-1rem\"\n                            data-product-id=\"11733\">\n                        Add to quote\n                    <\/button>\n                <\/div>\n            <\/div>\n\n                            <div class=\"sale\">Sale -9%<\/div>\n                    <\/div>\n    <\/div>\n    <\/blockquote>\n<p><iframe loading=\"lazy\" class=\"wp-embedded-content\" sandbox=\"allow-scripts\" security=\"restricted\" style=\"position: absolute; visibility: hidden;\" title=\"&#8220;Elektrikeris HUUM HIVE 15kW \u00f5hutunneliga&#8221; &#8212; Factory Sale\" src=\"https:\/\/factory.sale\/et\/toode\/elektrikeris-huum-hive-15kw\/embed\/#?secret=fmJAtLJjca#?secret=ONdDnS1odH\" data-secret=\"ONdDnS1odH\" width=\"500\" height=\"282\" frameborder=\"0\" marginwidth=\"0\" marginheight=\"0\" scrolling=\"no\"><\/iframe><\/p>\n<p>Tugev ja vastupidav v\u00e4litingimustes kasutamiseks<br \/>\nDisainitud kestma ka karmides ilmastikutingimustes, sobib see saun paigaldamiseks \u00f5ue, pakkudes sulle soojust ja hubasust isegi jahedatel p\u00e4evadel.<\/p>\n<p>Pakendi suurus 400 cm x 120 cm x 90 cm, kaal umbes 1000 kg<\/p>\n<p>&nbsp;<\/p>\n","protected":false},"excerpt":{"rendered":"<p>Loodud nautimiseks! Ole vaba ja s\u00f5ltumatu ning loo oma isiklik \u201epuhkekeskus\u201c &#8211; olgu selleks koduaed, suvekodu v\u00f5i m\u00f5ni looduskaunis paik.<\/p>\n","protected":false},"featured_media":90570,"comment_status":"open","ping_status":"closed","template":"","meta":{"_acf_changed":false},"factory":[],"free-shipment":[],"product_brand":[],"product_cat":[826,2257,784],"product_tag":[811],"class_list":{"0":"post-97523","1":"product","2":"type-product","3":"status-publish","4":"has-post-thumbnail","6":"product_cat-saunas-et","7":"product_cat-valisaun","8":"product_cat-sanitaartehnika","9":"product_tag-sauna-et","11":"first","12":"instock","13":"sale","14":"taxable","15":"shipping-taxable","16":"purchasable","17":"product-type-simple"},"acf":[],"_links":{"self":[{"href":"https:\/\/factory.sale\/et\/wp-json\/wp\/v2\/product\/97523","targetHints":{"allow":["GET"]}}],"collection":[{"href":"https:\/\/factory.sale\/et\/wp-json\/wp\/v2\/product"}],"about":[{"href":"https:\/\/factory.sale\/et\/wp-json\/wp\/v2\/types\/product"}],"replies":[{"embeddable":true,"href":"https:\/\/factory.sale\/et\/wp-json\/wp\/v2\/comments?post=97523"}],"wp:featuredmedia":[{"embeddable":true,"href":"https:\/\/factory.sale\/et\/wp-json\/wp\/v2\/media\/90570"}],"wp:attachment":[{"href":"https:\/\/factory.sale\/et\/wp-json\/wp\/v2\/media?parent=97523"}],"wp:term":[{"taxonomy":"factory","embeddable":true,"href":"https:\/\/factory.sale\/et\/wp-json\/wp\/v2\/factory?post=97523"},{"taxonomy":"free-shipment","embeddable":true,"href":"https:\/\/factory.sale\/et\/wp-json\/wp\/v2\/free-shipment?post=97523"},{"taxonomy":"product_brand","embeddable":true,"href":"https:\/\/factory.sale\/et\/wp-json\/wp\/v2\/product_brand?post=97523"},{"taxonomy":"product_cat","embeddable":true,"href":"https:\/\/factory.sale\/et\/wp-json\/wp\/v2\/product_cat?post=97523"},{"taxonomy":"product_tag","embeddable":true,"href":"https:\/\/factory.sale\/et\/wp-json\/wp\/v2\/product_tag?post=97523"}],"curies":[{"name":"wp","href":"https:\/\/api.w.org\/{rel}","templated":true}]}}