{"id":97471,"date":"2025-01-11T19:18:27","date_gmt":"2025-01-11T16:18:29","guid":{"rendered":"https:\/\/factory.sale\/?post_type=product&#038;p=97471"},"modified":"2026-03-29T13:48:12","modified_gmt":"2026-03-29T10:48:12","slug":"ehala-400-tunnisaun-4m-termopuidust-riietusruumi-ning-valise-istumisalaga","status":"publish","type":"product","link":"https:\/\/factory.sale\/et\/toode\/ehala-400-tunnisaun-4m-termopuidust-riietusruumi-ning-valise-istumisalaga\/","title":{"rendered":"&#8220;Ehala 400&#8221; t\u00fcnnisaun &#8211; 4m, termopuidust, riietusruumi ning v\u00e4lise istumisalaga"},"content":{"rendered":"<p>Ehala 400 Saun on loodud mehele, kes hindab mugavust, funktsionaalsust ja ajatuid lahendusi. Olgu see rahulik hetk \u00fcksi, aeg perega v\u00f5i s\u00f5pradega koosviibimine \u2013 see saun pakub igal juhul erakordset kogemust. Klassikaline torusauna disain ja avar interj\u00f6\u00f6r loovad t\u00e4iusliku keskkonna l\u00f5\u00f5gastumiseks ja j\u00f5u taastamiseks.<\/p>\n<p>Termopuidust konstruktsioon tagab suurep\u00e4rase soojusisolatsiooni ja vastupidavuse, muutes selle ideaalseks valikuks aastaringseks kasutamiseks. Interj\u00f6\u00f6ris on hubane saunaruum, praktiline riietusala ja terrass, kus saab p\u00e4rast sauna jahtuda v\u00f5i nautida klaasikest head jooki. Ajatu t\u00fcnnisauna disain sulandub kaunilt ja lihtsalt igasse keskkonda.<\/p>\n<p><strong>Tehnilised andmed<\/strong><\/p>\n<ul>\n<li>Pikkus: 4000 mm<\/li>\n<li>L\u00e4bim\u00f5\u00f5t: 2050 mm \/ 2300 mm<\/li>\n<li>K\u00fcljeseinad: 42 mm<\/li>\n<li>Otsaseinad: 28 mm<\/li>\n<li>Materjal: termopuit, m\u00e4nd<\/li>\n<li>Saunapingid: termopuit, haab<\/li>\n<li>Saunapinkide s\u00fcgavus: 520 mm<\/li>\n<li>Istme k\u00f5rgus: 630 mm<\/li>\n<li>Aknad: Karastatud klaasist, 67 cm x 30 cm<\/li>\n<li>V\u00e4lisuks: 1650 mm x 590 mm , puidust uks klaaspaneeliga (665 mm x 300 mm)<\/li>\n<li>Vaheuks: 1690 mm x 590 mm, 8 mm karastatud klaas pronksi tooni<\/li>\n<li>Kaal: 1050 kg<\/li>\n<li>Pakendi m\u00f5\u00f5dud: 400 cm x 120 cm x 120 cm<\/li>\n<\/ul>\n<p><strong>Miks valida Ehala 400?<\/strong><\/p>\n<ul>\n<li>Mugavuse jaoks loodud: Piisavalt ruumi, et veeta aega pere ja s\u00f5pradega v\u00f5i nautida rahulikku \u00f5htut.<\/li>\n<li>Kestvuse garantii: Kvaliteetsest termopuidust valmistatud seinad tagavad suurep\u00e4rase soojapidavuse ja vastupidavuse.<\/li>\n<li>Ajatu disain: Klassikaline torusauna kuju sobib ideaalselt igasse looduslikku keskkonda \u2013 nii aeda kui j\u00e4rve \u00e4\u00e4rde.<\/li>\n<li>T\u00e4ielik saunakogemus: Sisaldab leiliruumi, riietumisala ja v\u00e4list istumisala, kus saab p\u00e4rast sauna l\u00f5\u00f5gastuda.<\/li>\n<li>Loomulik valgus ja privaatsus: Karastatud klaasist aknad lasevad sisse valgust, s\u00e4ilitades samal ajal privaatsuse.<\/li>\n<\/ul>\n<p><strong>Komplekti kuulub<\/strong><\/p>\n<ul>\n<li>Valmis saun (kokkupanemata kujul).<\/li>\n<li>Aknaga puidust uks ning karastatud klaasist aknad.<\/li>\n<li>Karastatud klaasist vaheuks koos k\u00e4epideme ja hingedega<\/li>\n<li>Kerise all ja tagaseinas, tule- ja kuumakindel minerit plaat<\/li>\n<li>Poolring otsakaared esi- ja tagak\u00fcljel<\/li>\n<li>Ventilatsiooniavad<\/li>\n<li>P\u00f5randarestid<\/li>\n<li>Termopuidust sauna- ja v\u00e4lipingid<\/li>\n<li>K\u00f5ik vajalikud kinnitusvahendid ja juhendid paigaldamiseks<\/li>\n<li>Katusematerjal bituumensindel (saadaval erinevates v\u00e4rvitoonides).<\/li>\n<\/ul>\n<p><img loading=\"lazy\" decoding=\"async\" class=\"alignnone wp-image-97386\" src=\"https:\/\/factory.sale\/wp-content\/uploads\/2025\/01\/roof-color-options-300x67.webp\" alt=\"\" width=\"524\" height=\"117\" srcset=\"https:\/\/factory.sale\/wp-content\/uploads\/2025\/01\/roof-color-options-300x67.webp 300w, https:\/\/factory.sale\/wp-content\/uploads\/2025\/01\/roof-color-options-150x33.webp 150w, https:\/\/factory.sale\/wp-content\/uploads\/2025\/01\/roof-color-options-600x134.webp 600w, https:\/\/factory.sale\/wp-content\/uploads\/2025\/01\/roof-color-options.webp 754w\" sizes=\"auto, (max-width: 524px) 100vw, 524px\" \/><\/p>\n<p>NB! Keris ei kuulu komplekti. <a href=\"https:\/\/factory.sale\/et\/toode\/elektrikeris-huum-drop-9-kw\/\" target=\"_blank\" rel=\"noopener\">Sobiva elektrikerise leiad siit<\/a> ja <a href=\"https:\/\/factory.sale\/et\/toode\/harvia-m3-puukeris\/\" target=\"_blank\" rel=\"noopener\">puuk\u00fcttega kerise siit<\/a>.<\/p>\n<p><strong>Valikulised lisad (lisatasu eest):<\/strong><\/p>\n<ul>\n<li>Poolpanoraam aken tagaseinas (saadaval pronksi v\u00f5i peegli viimistlusega)<\/li>\n<li>T\u00e4isklaasist tagasein (saadaval pronksi v\u00f5i peegli viimistlusega)<\/li>\n<li>Klaasist esisein (klaasuksega) (saadaval pronksi v\u00f5i peegli viimistlusega)<\/li>\n<li>LED-valgustusribad<\/li>\n<li>2 avatavat akent<\/li>\n<li>2 mitte avanevat akent<\/li>\n<li>Seljatoekomplekt (2tk)<\/li>\n<li>Kaelatoekomplekt (2 tk)<\/li>\n<li>Saunatarvikute komplekt (kibu, kulp\u00a0 ja termomeeter)<\/li>\n<li>Veepaak korstnale<\/li>\n<li>Korstnakomplekt + kerisekivid<\/li>\n<li>Puuk\u00fcttega keris <a href=\"https:\/\/factory.sale\/et\/toode\/harvia-m3-puukeris\/\" target=\"_blank\" rel=\"noopener\">Harvia M3<\/a><\/li>\n<li>Puuk\u00fcttega keris\u00a0<a href=\"https:\/\/factory.sale\/et\/toode\/puukuttega-keris-huum-hive-wood-13-kw\/\" target=\"_blank\" rel=\"noopener\">HUUM HIVE Wood 13 kW<\/a><\/li>\n<li>Puuk\u00fcttega keris <a href=\"https:\/\/factory.sale\/et\/toode\/huum-hive-flow-puukuttega-keris-98kw-2\/\" target=\"_blank\" rel=\"noopener\">HUUM HIVE Flow 9.8 kW<\/a><\/li>\n<li>Elektrikeris <a href=\"https:\/\/factory.sale\/et\/toode\/elektrikeris-huum-hive-12kw\/\" target=\"_blank\" rel=\"noopener\">HUUM HIVE 12 kW<\/a><\/li>\n<li>Elektrikeris <a href=\"https:\/\/factory.sale\/et\/toode\/elektriline-keris-harvia-cilindro-pc90\/\" target=\"_blank\" rel=\"noopener\">Harvia PC90<\/a><\/li>\n<li>Elektrikeris <a href=\"https:\/\/factory.sale\/et\/toode\/elektrikeris-huum-hive-mini-9kw\/\" target=\"_blank\" rel=\"noopener\">HUUM HIVE Mini 9 kW<\/a><\/li>\n<li>Elektrikeris <a href=\"https:\/\/factory.sale\/et\/toode\/elektrikeris-huum-drop-9-kw\/\" target=\"_blank\" rel=\"noopener\">HUUM DROP 9 kW<\/a><\/li>\n<\/ul>\n","protected":false},"excerpt":{"rendered":"<p>Ehala 400 t\u00fcnnisaun &#8211; klassikalise disaini, vastupidavate materjalide ja v\u00e4limise istumisalaga on see ideaalne lahendus l\u00f5\u00f5gastumiseks ja seltskondlikeks hetkedeks aastaringselt.<\/p>\n","protected":false},"featured_media":96708,"comment_status":"open","ping_status":"closed","template":"","meta":{"_acf_changed":false},"factory":[],"free-shipment":[],"product_brand":[],"product_cat":[826,1643,784],"product_tag":[3848],"class_list":{"0":"post-97471","1":"product","2":"type-product","3":"status-publish","4":"has-post-thumbnail","6":"product_cat-saunas-et","7":"product_cat-tunnisaun","8":"product_cat-sanitaartehnika","9":"product_tag-termopuidust-saun","11":"first","12":"instock","13":"sale","14":"taxable","15":"shipping-taxable","16":"purchasable","17":"product-type-simple"},"acf":[],"_links":{"self":[{"href":"https:\/\/factory.sale\/et\/wp-json\/wp\/v2\/product\/97471","targetHints":{"allow":["GET"]}}],"collection":[{"href":"https:\/\/factory.sale\/et\/wp-json\/wp\/v2\/product"}],"about":[{"href":"https:\/\/factory.sale\/et\/wp-json\/wp\/v2\/types\/product"}],"replies":[{"embeddable":true,"href":"https:\/\/factory.sale\/et\/wp-json\/wp\/v2\/comments?post=97471"}],"wp:featuredmedia":[{"embeddable":true,"href":"https:\/\/factory.sale\/et\/wp-json\/wp\/v2\/media\/96708"}],"wp:attachment":[{"href":"https:\/\/factory.sale\/et\/wp-json\/wp\/v2\/media?parent=97471"}],"wp:term":[{"taxonomy":"factory","embeddable":true,"href":"https:\/\/factory.sale\/et\/wp-json\/wp\/v2\/factory?post=97471"},{"taxonomy":"free-shipment","embeddable":true,"href":"https:\/\/factory.sale\/et\/wp-json\/wp\/v2\/free-shipment?post=97471"},{"taxonomy":"product_brand","embeddable":true,"href":"https:\/\/factory.sale\/et\/wp-json\/wp\/v2\/product_brand?post=97471"},{"taxonomy":"product_cat","embeddable":true,"href":"https:\/\/factory.sale\/et\/wp-json\/wp\/v2\/product_cat?post=97471"},{"taxonomy":"product_tag","embeddable":true,"href":"https:\/\/factory.sale\/et\/wp-json\/wp\/v2\/product_tag?post=97471"}],"curies":[{"name":"wp","href":"https:\/\/api.w.org\/{rel}","templated":true}]}}