{"id":97463,"date":"2025-01-11T19:18:21","date_gmt":"2025-01-11T16:18:22","guid":{"rendered":"https:\/\/factory.sale\/?post_type=product&#038;p=97463"},"modified":"2026-03-29T14:02:35","modified_gmt":"2026-03-29T11:02:35","slug":"ehala-280-tunnisaun-2-8m-termotoodeldud-puidust-ja-istumisalaga","status":"publish","type":"product","link":"https:\/\/factory.sale\/et\/toode\/ehala-280-tunnisaun-2-8m-termotoodeldud-puidust-ja-istumisalaga\/","title":{"rendered":"&#8220;Ehala 280&#8221; t\u00fcnnisaun \u2013 2.8m, termot\u00f6\u00f6deldud puidust ja istumisalaga"},"content":{"rendered":"<p>Ehala 280 t\u00fcnnisaun \u00fchendab praktilisuse ja kvaliteetse meisterlikkuse. 2,8 meetri pikkusega ning mahutades kuni kuus inimest, on see saun ideaalne nii isiklikuks l\u00f5\u00f5gastumiseks kui ka v\u00e4iksemateks koosviibimisteks. Vastupidav termot\u00f6\u00f6deldud puit tagab ilmastikukindluse, pikaealisuse ja ajatu esteetika, mis sobib igasse \u00f5uekeskkonda.<\/p>\n<p>T\u00fcnnikujuline disain v\u00f5imaldab \u00fchtlast soojaringlust, pakkudes meeldivat ja l\u00f5\u00f5gastavat saunakogemust. Integreeritud istumisala sauna ees pakuvad v\u00f5imalust jahedamat \u00f5hku nautida enne v\u00f5i p\u00e4rast sauna. Ehala 280 T\u00fcnnisaun on lihtsasti kokkupandav, sobides suurep\u00e4raselt aeda, hoovi v\u00f5i j\u00e4rve\u00e4\u00e4rsesse paika.<\/p>\n<p><strong>Tehnilised andmed:<\/strong><\/p>\n<ul>\n<li>Pikkus: 2800 mm<\/li>\n<li>L\u00e4bim\u00f5\u00f5t: 2050 mm<\/li>\n<li>K\u00fcljeseinad: 42 mm<\/li>\n<li>Otsaseinad: 28 mm<\/li>\n<li>Materjal: termopuit, m\u00e4nd<\/li>\n<li>Saunapingid: termopuit, haab<\/li>\n<li>Saunapinkide s\u00fcgavus: 525 mm<\/li>\n<li>Istme k\u00f5rgus 630 mm<\/li>\n<li>Aknad: Karastatud klaas, 67 cm x 30 cm<\/li>\n<li>Uks: 1650 mm x 590 mm , puidust uks klaaspaneeliga (665 mm x 300 mm)<\/li>\n<li>Kaal: umbes 800 kg<\/li>\n<li>Pakendi m\u00f5\u00f5dud: 280 x 120 x 90 cm<\/li>\n<\/ul>\n<p><strong>Peamised omadused:<\/strong><\/p>\n<ul>\n<li>Elegantne termot\u00f6\u00f6deldud viimistlus: Ilmastikukindel ja kauakestev loodusliku puidu ilu.<\/li>\n<li>T\u00f5hus soojaringlus: T\u00fcnnikujuline disain tagab \u00fchtlase soojuse ja mugava saunaelamuse.<\/li>\n<li>Kompaktne disain: Sobib v\u00e4iksematesse \u00f5ueruumidesse, pakkudes samal ajal piisavalt ruumi kuuele inimesele.<\/li>\n<li>Integreeritud istumisalad: Sauna ees paiknevad pingid, kus saab nautida v\u00e4rsket \u00f5hku.<\/li>\n<li>Paindlikud k\u00fcttevalikud: \u00dchildub nii elektriliste kui ka puuk\u00fcttega keristega.<\/li>\n<li>Ilmastikukindel katus: Vastupidav katusematerjal tagab pikaajalise kasutuse igas kliimas.<\/li>\n<li>Tarnitakse kokku panemata kujul, et tagada mugav transport.<\/li>\n<\/ul>\n<p><strong>Komplekti kuulub:<\/strong><\/p>\n<ul>\n<li>Valmis saun (kokku panemata kujul)<\/li>\n<li>Puidust uks klaaspaneeliga<\/li>\n<li>Kerise all ja tagaseinas, tule- ja kuumakindel minerit plaat<\/li>\n<li>Poolring otsakaared esi- ja tagak\u00fcljel<\/li>\n<li>Ventilatsiooniavad<\/li>\n<li>P\u00f5randarestid<\/li>\n<li>Termopuidust saunapingid<\/li>\n<li>K\u00f5ik vajalikud kinnitusvahendid ja juhendid paigaldamiseks<\/li>\n<li>Katusematerjal bituumensindel (saadaval erinevates v\u00e4rvitoonides).<\/li>\n<\/ul>\n<p><img loading=\"lazy\" decoding=\"async\" class=\"alignnone wp-image-97386\" src=\"https:\/\/factory.sale\/wp-content\/uploads\/2025\/01\/roof-color-options-300x67.webp\" alt=\"\" width=\"546\" height=\"122\" srcset=\"https:\/\/factory.sale\/wp-content\/uploads\/2025\/01\/roof-color-options-300x67.webp 300w, https:\/\/factory.sale\/wp-content\/uploads\/2025\/01\/roof-color-options-150x33.webp 150w, https:\/\/factory.sale\/wp-content\/uploads\/2025\/01\/roof-color-options-600x134.webp 600w, https:\/\/factory.sale\/wp-content\/uploads\/2025\/01\/roof-color-options.webp 754w\" sizes=\"auto, (max-width: 546px) 100vw, 546px\" \/><\/p>\n<p>NB! Keris ei kuulu komplekti.\u00a0<a href=\"https:\/\/factory.sale\/et\/toode\/elektrikeris-huum-drop-9-kw\/\" target=\"_blank\" rel=\"noopener\">Sobiva elektrikerise leiad siit<\/a>\u00a0ja\u00a0<a href=\"https:\/\/factory.sale\/et\/toode\/harvia-m3-puukeris\/\" target=\"_blank\" rel=\"noopener\">puuk\u00fcttega kerise siit<\/a>.<\/p>\n<p><strong>Valikulised lisad (lisatasu eest):<\/strong><\/p>\n<ul>\n<li>Poolpanoraam aken tagaseinas (saadaval pronksi v\u00f5i peegli viimistlusega)<\/li>\n<li>T\u00e4isklaasist tagasein (saadaval pronksi v\u00f5i peegli viimistlusega)<\/li>\n<li>Klaasist esisein (klaasuksega) (saadaval pronksi v\u00f5i peegli viimistlusega)<\/li>\n<li>LED-valgustusribad<\/li>\n<li>2 avatavat akent<\/li>\n<li>2 mitte avanevat akent<\/li>\n<li>Kaelatoekomplekt (2 tk)<\/li>\n<li>Saunatarvikute komplekt (kibu, kulp\u00a0 ja termomeeter)<\/li>\n<li>Veepaak korstnale<\/li>\n<li>Korstnakomplekt + kerisekivid<\/li>\n<li>Puuk\u00fcttega keris <a href=\"https:\/\/factory.sale\/et\/toode\/harvia-m3-puukeris\/\" target=\"_blank\" rel=\"noopener\">Harvia M3<\/a><\/li>\n<li>Puuk\u00fcttega keris\u00a0<a href=\"https:\/\/factory.sale\/et\/toode\/puukuttega-keris-huum-hive-wood-13-kw\/\" target=\"_blank\" rel=\"noopener\">HUUM HIVE Wood 13 kW<\/a><\/li>\n<li>Puuk\u00fcttega keris <a href=\"https:\/\/factory.sale\/et\/toode\/huum-hive-flow-puukuttega-keris-98kw-2\/\" target=\"_blank\" rel=\"noopener\">HUUM HIVE Flow 9.8 kW<\/a><\/li>\n<li>Elektrikeris <a href=\"https:\/\/factory.sale\/et\/toode\/elektrikeris-huum-hive-12kw\/\" target=\"_blank\" rel=\"noopener\">HUUM HIVE 12 kW<\/a><\/li>\n<li>Elektrikeris <a href=\"https:\/\/factory.sale\/et\/toode\/elektriline-keris-harvia-cilindro-pc90\/\" target=\"_blank\" rel=\"noopener\">Harvia PC90<\/a><\/li>\n<li>Elektrikeris <a href=\"https:\/\/factory.sale\/et\/toode\/elektrikeris-huum-hive-mini-9kw\/\" target=\"_blank\" rel=\"noopener\">HUUM HIVE Mini 9 kW<\/a><\/li>\n<li>Elektrikeris <a href=\"https:\/\/factory.sale\/et\/toode\/elektrikeris-huum-drop-9-kw\/\" target=\"_blank\" rel=\"noopener\">HUUM DROP 9 kW<\/a><\/li>\n<\/ul>\n","protected":false},"excerpt":{"rendered":"<p>Ehala 280 termopuidust t\u00fcnnisaun \u2013 L\u00f5\u00f5gastus neljale inimesele.<\/p>\n<p>Tutvu Ehala 280 t\u00fcnnisauna v\u00f5luga. Selle kompaktne disain, vastupidav termopuit ja v\u00e4line istumisala teevad sellest ideaalse valiku sinu \u00f5ueruumi.<\/p>\n","protected":false},"featured_media":96899,"comment_status":"open","ping_status":"closed","template":"","meta":{"_acf_changed":false},"factory":[],"free-shipment":[],"product_brand":[],"product_cat":[826,1643,784],"product_tag":[],"class_list":{"0":"post-97463","1":"product","2":"type-product","3":"status-publish","4":"has-post-thumbnail","6":"product_cat-saunas-et","7":"product_cat-tunnisaun","8":"product_cat-sanitaartehnika","10":"first","11":"instock","12":"sale","13":"taxable","14":"shipping-taxable","15":"purchasable","16":"product-type-simple"},"acf":[],"_links":{"self":[{"href":"https:\/\/factory.sale\/et\/wp-json\/wp\/v2\/product\/97463","targetHints":{"allow":["GET"]}}],"collection":[{"href":"https:\/\/factory.sale\/et\/wp-json\/wp\/v2\/product"}],"about":[{"href":"https:\/\/factory.sale\/et\/wp-json\/wp\/v2\/types\/product"}],"replies":[{"embeddable":true,"href":"https:\/\/factory.sale\/et\/wp-json\/wp\/v2\/comments?post=97463"}],"wp:featuredmedia":[{"embeddable":true,"href":"https:\/\/factory.sale\/et\/wp-json\/wp\/v2\/media\/96899"}],"wp:attachment":[{"href":"https:\/\/factory.sale\/et\/wp-json\/wp\/v2\/media?parent=97463"}],"wp:term":[{"taxonomy":"factory","embeddable":true,"href":"https:\/\/factory.sale\/et\/wp-json\/wp\/v2\/factory?post=97463"},{"taxonomy":"free-shipment","embeddable":true,"href":"https:\/\/factory.sale\/et\/wp-json\/wp\/v2\/free-shipment?post=97463"},{"taxonomy":"product_brand","embeddable":true,"href":"https:\/\/factory.sale\/et\/wp-json\/wp\/v2\/product_brand?post=97463"},{"taxonomy":"product_cat","embeddable":true,"href":"https:\/\/factory.sale\/et\/wp-json\/wp\/v2\/product_cat?post=97463"},{"taxonomy":"product_tag","embeddable":true,"href":"https:\/\/factory.sale\/et\/wp-json\/wp\/v2\/product_tag?post=97463"}],"curies":[{"name":"wp","href":"https:\/\/api.w.org\/{rel}","templated":true}]}}