{"id":97442,"date":"2025-01-11T19:12:26","date_gmt":"2025-01-11T16:12:28","guid":{"rendered":"https:\/\/factory.sale\/?post_type=product&#038;p=97442"},"modified":"2026-03-29T14:06:38","modified_gmt":"2026-03-29T11:06:38","slug":"ehala-250-tunnisaun-2-5m-termopuidust-valise-istumisalaga","status":"publish","type":"product","link":"https:\/\/factory.sale\/et\/toode\/ehala-250-tunnisaun-2-5m-termopuidust-valise-istumisalaga\/","title":{"rendered":"&#8220;Ehala 250&#8221; t\u00fcnnisaun &#8211; 2.5m, termopuidust, v\u00e4lise istumisalaga"},"content":{"rendered":"<p>Ehala 250 t\u00fcnnisaun \u00fchendab endas funktsionaalsuse, vastupidavuse ja ajatu disaini. Kompaktse, 2,5 meetri pikkuse ja v\u00e4lise istumisalaga varustatud saun mahutab kuni kuus inimest, muutes selle ideaalseks t\u00e4ienduseks igasse kodu\u00f5ue v\u00f5i aeda. Valmistatud kvaliteetsest termopuidust on see saun suurep\u00e4rase ilmastikukindluse ja vastupidavusega ning loomuliku viimistlusega, mis sobitub ideaalselt igasse keskkonda.<\/p>\n<p>Traditsiooniline silndri kuju tagab t\u00f5husa soojuse ringluse, pakkudes meeldivat ja l\u00f5\u00f5gastavat saunakogemust. Kergesti kokkupandav ja pikaealine Ehala 250 t\u00fcnnisaun pakub hubast pelgupaika, olgu see siis isiklikuks rahuhetkeks v\u00f5i kvaliteetajaks pere ja s\u00f5pradega.<\/p>\n<p><strong>Tehnilised andmed:<\/strong><\/p>\n<ul>\n<li>Pikkus: 2500 mm<\/li>\n<li>L\u00e4bim\u00f5\u00f5t: 2050 mm<\/li>\n<li>K\u00fcljeseinad: 42 mm<\/li>\n<li>Otsaseinad: 28 mm<\/li>\n<li>Materjal: termopuit, m\u00e4nd<\/li>\n<li>Saunapingid: termopuit, haab<\/li>\n<li>Saunapinkide s\u00fcgavus: 525 mm<\/li>\n<li>Istme k\u00f5rgus 630 mm<\/li>\n<li>Aknad: Karastatud klaas, 67 cm x 30 cm<\/li>\n<li>Uks: 1650 mm x 590 mm , puidust uks klaaspaneeliga (665 mm x 300 mm)<\/li>\n<li>Kaal: umbes 750 kg<\/li>\n<li>Pakendi m\u00f5\u00f5dud: 250 x 120 x 120 cm<\/li>\n<\/ul>\n<p><strong>Peamised omadused:<\/strong><\/p>\n<ul>\n<li>Elegantne termot\u00f6\u00f6deldud viimistlus: Ilmastikukindel ja kauakestev loodusliku puidu ilu.<\/li>\n<li>T\u00f5hus soojaringlus: T\u00fcnnikujuline disain tagab \u00fchtlase soojuse ja mugava saunaelamuse.<\/li>\n<li>Kompaktne disain: Sobib v\u00e4iksematesse \u00f5ueruumidesse, pakkudes samal ajal piisavalt ruumi kuuele inimesele.<\/li>\n<li>Integreeritud istumisalad: Sauna ees paiknevad pingid, kus saab nautida v\u00e4rsket \u00f5hku.<\/li>\n<li>Paindlikud k\u00fcttevalikud: \u00dchildub nii elektriliste kui ka puuk\u00fcttega keristega.<\/li>\n<li>Ilmastikukindel katus: Vastupidav katusematerjal tagab pikaajalise kasutuse igas kliimas.<\/li>\n<li>Tarnitakse kokku panemata kujul, et tagada mugav transport.<\/li>\n<\/ul>\n<p><strong>Komplekti kuulub:<\/strong><\/p>\n<ul>\n<li>Valmis saun (kokku panemata kujul)<\/li>\n<li>Puidust uks klaaspaneeliga<\/li>\n<li>Kerise all ja tagaseinas, tule- ja kuumakindel minerit plaat<\/li>\n<li>Poolring otsakaared esi- ja tagak\u00fcljel<\/li>\n<li>Ventilatsiooniavad<\/li>\n<li>P\u00f5randarestid<\/li>\n<li>Termopuidust saunapingid<\/li>\n<li>K\u00f5ik vajalikud kinnitusvahendid ja juhendid paigaldamiseks<\/li>\n<li>Katusematerjal bituumensindel (saadaval erinevates v\u00e4rvitoonides).<\/li>\n<\/ul>\n<p><img loading=\"lazy\" decoding=\"async\" class=\"alignnone wp-image-97386\" src=\"https:\/\/factory.sale\/wp-content\/uploads\/2025\/01\/roof-color-options-300x67.webp\" alt=\"\" width=\"546\" height=\"122\" srcset=\"https:\/\/factory.sale\/wp-content\/uploads\/2025\/01\/roof-color-options-300x67.webp 300w, https:\/\/factory.sale\/wp-content\/uploads\/2025\/01\/roof-color-options-150x33.webp 150w, https:\/\/factory.sale\/wp-content\/uploads\/2025\/01\/roof-color-options-600x134.webp 600w, https:\/\/factory.sale\/wp-content\/uploads\/2025\/01\/roof-color-options.webp 754w\" sizes=\"auto, (max-width: 546px) 100vw, 546px\" \/><\/p>\n<p>NB! Keris ei kuulu komplekti.\u00a0<a href=\"https:\/\/factory.sale\/et\/toode\/elektrikeris-huum-drop-9-kw\/\" target=\"_blank\" rel=\"noopener\">Sobiva elektrikerise leiad siit<\/a>\u00a0ja\u00a0<a href=\"https:\/\/factory.sale\/et\/toode\/harvia-m3-puukeris\/\" target=\"_blank\" rel=\"noopener\">puuk\u00fcttega kerise siit<\/a>.<\/p>\n<p><strong>Valikulised lisad (lisatasu eest):<\/strong><\/p>\n<ul>\n<li>Poolpanoraam aken tagaseinas (saadaval pronksi v\u00f5i peegli viimistlusega)<\/li>\n<li>T\u00e4isklaasist tagasein (saadaval pronksi v\u00f5i peegli viimistlusega)<\/li>\n<li>Klaasist esisein (klaasuksega) (saadaval pronksi v\u00f5i peegli viimistlusega)<\/li>\n<li>LED-valgustusribad<\/li>\n<li>2 avatavat akent<\/li>\n<li>2 mitte avanevat akent<\/li>\n<li>Kaelatoekomplekt (2 tk)<\/li>\n<li>Saunatarvikute komplekt (kibu, kulp\u00a0 ja termomeeter)<\/li>\n<li>Veepaak korstnale<\/li>\n<li>Korstnakomplekt + kerisekivid<\/li>\n<li>Puuk\u00fcttega keris <a href=\"https:\/\/factory.sale\/et\/toode\/harvia-m3-puukeris\/\" target=\"_blank\" rel=\"noopener\">Harvia M3<\/a><\/li>\n<li>Puuk\u00fcttega keris\u00a0<a href=\"https:\/\/factory.sale\/et\/toode\/puukuttega-keris-huum-hive-wood-13-kw\/\" target=\"_blank\" rel=\"noopener\">HUUM HIVE Wood 13 kW<\/a><\/li>\n<li>Puuk\u00fcttega keris <a href=\"https:\/\/factory.sale\/et\/toode\/huum-hive-flow-puukuttega-keris-98kw-2\/\" target=\"_blank\" rel=\"noopener\">HUUM HIVE Flow 9.8 kW<\/a><\/li>\n<li>Elektrikeris <a href=\"https:\/\/factory.sale\/et\/toode\/elektrikeris-huum-hive-12kw\/\" target=\"_blank\" rel=\"noopener\">HUUM HIVE 12 kW<\/a><\/li>\n<li>Elektrikeris <a href=\"https:\/\/factory.sale\/et\/toode\/elektriline-keris-harvia-cilindro-pc90\/\" target=\"_blank\" rel=\"noopener\">Harvia PC90<\/a><\/li>\n<li>Elektrikeris <a href=\"https:\/\/factory.sale\/et\/toode\/elektrikeris-huum-hive-mini-9kw\/\" target=\"_blank\" rel=\"noopener\">HUUM HIVE Mini 9 kW<\/a><\/li>\n<li>Elektrikeris <a href=\"https:\/\/factory.sale\/et\/toode\/elektrikeris-huum-drop-9-kw\/\" target=\"_blank\" rel=\"noopener\">HUUM DROP 9 kW<\/a><\/li>\n<\/ul>\n","protected":false},"excerpt":{"rendered":"<p>Ehala 250 termopuidust t\u00fcnnisaun \u2013 Kompaktne l\u00f5\u00f5gastus 6 inimesele<br \/>\nAvasta Ehala 250 termopuidust t\u00fcnnisauna v\u00f5lu ja praktilisus. Kompaktne suurus, vastupidav termopuit ja integreeritud v\u00e4lisistmed muudavad selle ideaalseks t\u00e4ienduseks igasse \u00f5ue.<\/p>\n","protected":false},"featured_media":96831,"comment_status":"open","ping_status":"closed","template":"","meta":{"_acf_changed":false},"factory":[],"free-shipment":[],"product_brand":[],"product_cat":[826,1643,784],"product_tag":[],"class_list":{"0":"post-97442","1":"product","2":"type-product","3":"status-publish","4":"has-post-thumbnail","6":"product_cat-saunas-et","7":"product_cat-tunnisaun","8":"product_cat-sanitaartehnika","10":"first","11":"instock","12":"sale","13":"taxable","14":"shipping-taxable","15":"purchasable","16":"product-type-simple"},"acf":[],"_links":{"self":[{"href":"https:\/\/factory.sale\/et\/wp-json\/wp\/v2\/product\/97442","targetHints":{"allow":["GET"]}}],"collection":[{"href":"https:\/\/factory.sale\/et\/wp-json\/wp\/v2\/product"}],"about":[{"href":"https:\/\/factory.sale\/et\/wp-json\/wp\/v2\/types\/product"}],"replies":[{"embeddable":true,"href":"https:\/\/factory.sale\/et\/wp-json\/wp\/v2\/comments?post=97442"}],"wp:featuredmedia":[{"embeddable":true,"href":"https:\/\/factory.sale\/et\/wp-json\/wp\/v2\/media\/96831"}],"wp:attachment":[{"href":"https:\/\/factory.sale\/et\/wp-json\/wp\/v2\/media?parent=97442"}],"wp:term":[{"taxonomy":"factory","embeddable":true,"href":"https:\/\/factory.sale\/et\/wp-json\/wp\/v2\/factory?post=97442"},{"taxonomy":"free-shipment","embeddable":true,"href":"https:\/\/factory.sale\/et\/wp-json\/wp\/v2\/free-shipment?post=97442"},{"taxonomy":"product_brand","embeddable":true,"href":"https:\/\/factory.sale\/et\/wp-json\/wp\/v2\/product_brand?post=97442"},{"taxonomy":"product_cat","embeddable":true,"href":"https:\/\/factory.sale\/et\/wp-json\/wp\/v2\/product_cat?post=97442"},{"taxonomy":"product_tag","embeddable":true,"href":"https:\/\/factory.sale\/et\/wp-json\/wp\/v2\/product_tag?post=97442"}],"curies":[{"name":"wp","href":"https:\/\/api.w.org\/{rel}","templated":true}]}}