{"id":97398,"date":"2025-01-11T17:45:05","date_gmt":"2025-01-11T14:45:07","guid":{"rendered":"https:\/\/factory.sale\/?post_type=product&#038;p=97398"},"modified":"2026-03-29T14:27:24","modified_gmt":"2026-03-29T11:27:24","slug":"ehala-400-deluxe-tunnisaun-4-m-termopuidust-poolkuu-tagaseina-akna-eesruumi-ja-terrassiga","status":"publish","type":"product","link":"https:\/\/factory.sale\/et\/toode\/ehala-400-deluxe-tunnisaun-4-m-termopuidust-poolkuu-tagaseina-akna-eesruumi-ja-terrassiga\/","title":{"rendered":"&#8220;Ehala 400 deluxe&#8221; t\u00fcnnisaun \u2013 4 m, termopuidust, poolkuu tagaseina akna, eesruumi ja terrassiga"},"content":{"rendered":"<p>Ehala 400 Deluxe t\u00fcnnisaun \u2013 Sinu isiklik heaolu investeering!<\/p>\n<p>Astu sisse luksuslikku saunamaailma Ehala 400 Deluxe t\u00fcnnisaunaga, mis on loodud pakkuma sulle ja su l\u00e4hedastele unustamatuid saunakogemusi. See 4-meetrine t\u00fcnnisaun, mis on valmistatud kvaliteetsest termopuidust, \u00fchendab endas vastupidavuse, elegantsi ja mugavuse, muutes iga saunask\u00e4igu t\u00f5eliseks naudinguks.<\/p>\n<p><strong>Tehnilised andmed<\/strong><\/p>\n<ul>\n<li>Pikkus: 4000 mm<\/li>\n<li>L\u00e4bim\u00f5\u00f5t: 2050 mm \/ 2300 mm<\/li>\n<li>Seinte paksus: 42 mm<\/li>\n<li>Materjal: termopuit, m\u00e4nd<\/li>\n<li>Saunapingid: termopuit, haab<\/li>\n<li>Saunapinkide s\u00fcgavus: 520 mm<\/li>\n<li>Istme k\u00f5rgus: 630 mm<\/li>\n<li>Eesaknad: karastatud klaasist, 67 cm x 30 cm<\/li>\n<li>Tagumine aken: Poolpanoraam aken karastatud klaasist, pronksi tooni<\/li>\n<li>V\u00e4lisuks: 1650 mm x 590 mm , puidust uks klaaspaneeliga (665 mm x 300 mm)<\/li>\n<li>Vaheuks: 1690 mm x 590 mm, 8 mm karastatud klaas pronksi tooni<\/li>\n<li>Kaal: 1450 kg<\/li>\n<li>Pakendi m\u00f5\u00f5dud: 400 cm x 120 cm x 120 cm<\/li>\n<\/ul>\n<p><strong>Miks valida Ehala 400 deluxe?<\/strong><\/p>\n<ul>\n<li>Mugavuse jaoks loodud: Piisavalt ruumi, et veeta aega pere ja s\u00f5pradega v\u00f5i nautida rahulikku \u00f5htut.<\/li>\n<li>Kestvuse garantii: Valmistatud kvaliteetsest p\u00f5hjamaise kuuse puidust seinad tagavad suurep\u00e4rase soojapidavuse ja vastupidavuse.<\/li>\n<li>Ajatu disain: Klassikaline torusauna kuju sobib ideaalselt igasse looduslikku keskkonda \u2013 nii aeda kui j\u00e4rve \u00e4\u00e4rde.<\/li>\n<li>Poolpanoraam aken: Naudi kauneid vaateid otse leiliruumist.<\/li>\n<li>T\u00e4ielik saunakogemus: Sisaldab leiliruumi, riietumisala ja v\u00e4list istumisala, kus saab p\u00e4rast sauna l\u00f5\u00f5gastuda.<\/li>\n<li>Loomulik valgus ja privaatsus: Karastatud klaasist aknad lasevad sisse valgust, s\u00e4ilitades samal ajal privaatsuse.<\/li>\n<\/ul>\n<p><strong>Komplekti kuulub<\/strong><\/p>\n<ul>\n<li>Valmis saun (kokkupanemata kujul).<\/li>\n<li>Aknaga puidust uks ning karastatud klaasist aknad.<\/li>\n<li>Karastatud klaasist vaheuks koos k\u00e4epideme ja hingedega<\/li>\n<li>Poolpanoraam aken<\/li>\n<li>Kerise all ja tagaseinas, tule- ja kuumakindel minerit plaat<\/li>\n<li>Poolring otsakaared esi- ja tagak\u00fcljel<\/li>\n<li>Ventilatsiooniavad<\/li>\n<li>P\u00f5randarestid<\/li>\n<li>Termopuidust sauna- ja v\u00e4lipingid<\/li>\n<li>K\u00f5ik vajalikud kinnitusvahendid ja juhendid paigaldamiseks<\/li>\n<li>Katusematerjal bituumensindel (saadaval erinevates v\u00e4rvitoonides).<\/li>\n<\/ul>\n<p><img loading=\"lazy\" decoding=\"async\" class=\"alignnone wp-image-97386\" src=\"https:\/\/factory.sale\/wp-content\/uploads\/2025\/01\/roof-color-options-300x67.webp\" alt=\"\" width=\"524\" height=\"117\" srcset=\"https:\/\/factory.sale\/wp-content\/uploads\/2025\/01\/roof-color-options-300x67.webp 300w, https:\/\/factory.sale\/wp-content\/uploads\/2025\/01\/roof-color-options-150x33.webp 150w, https:\/\/factory.sale\/wp-content\/uploads\/2025\/01\/roof-color-options-600x134.webp 600w, https:\/\/factory.sale\/wp-content\/uploads\/2025\/01\/roof-color-options.webp 754w\" sizes=\"auto, (max-width: 524px) 100vw, 524px\" \/><\/p>\n<p>NB! Keris ei kuulu komplekti. <a href=\"https:\/\/factory.sale\/et\/toode\/elektrikeris-huum-drop-9-kw\/\" target=\"_blank\" rel=\"noopener\">Sobiva elektrikerise leiad siit<\/a> ja <a href=\"https:\/\/factory.sale\/et\/toode\/harvia-m3-puukeris\/\" target=\"_blank\" rel=\"noopener\">puuk\u00fcttega kerise siit<\/a>.<\/p>\n<p><strong>Valikulised lisad (lisatasu eest):<\/strong><\/p>\n<ul>\n<li>Poolpanoraam aken tagaseinas (peegli viimistlusega)<\/li>\n<li>T\u00e4isklaasist tagasein (saadaval pronksi v\u00f5i peegli viimistlusega)<\/li>\n<li>Klaasist esisein (klaasuksega) (saadaval pronksi v\u00f5i peegli viimistlusega)<\/li>\n<li>LED-valgustusribad<\/li>\n<li>2 avatavat akent<\/li>\n<li>2 mitte avanevat akent<\/li>\n<li>Seljatoekomplekt (2tk)<\/li>\n<li>Kaelatoekomplekt (2 tk)<\/li>\n<li>Saunatarvikute komplekt (kibu, kulp\u00a0 ja termomeeter)<\/li>\n<li>Veepaak korstnale<\/li>\n<li>Korstnakomplekt + kerisekivid<\/li>\n<li>Puuk\u00fcttega keris <a href=\"https:\/\/factory.sale\/et\/toode\/harvia-m3-puukeris\/\" target=\"_blank\" rel=\"noopener\">Harvia M3<\/a><\/li>\n<li>Puuk\u00fcttega keris\u00a0<a href=\"https:\/\/factory.sale\/et\/toode\/puukuttega-keris-huum-hive-wood-13-kw\/\" target=\"_blank\" rel=\"noopener\">HUUM HIVE Wood 13 kW<\/a><\/li>\n<li>Puuk\u00fcttega keris <a href=\"https:\/\/factory.sale\/et\/toode\/huum-hive-flow-puukuttega-keris-98kw-2\/\" target=\"_blank\" rel=\"noopener\">HUUM HIVE Flow 9.8 kW<\/a><\/li>\n<li>Elektrikeris <a href=\"https:\/\/factory.sale\/et\/toode\/elektrikeris-huum-hive-12kw\/\" target=\"_blank\" rel=\"noopener\">HUUM HIVE 12 kW<\/a><\/li>\n<li>Elektrikeris <a href=\"https:\/\/factory.sale\/et\/toode\/elektriline-keris-harvia-cilindro-pc90\/\" target=\"_blank\" rel=\"noopener\">Harvia PC90<\/a><\/li>\n<li>Elektrikeris <a href=\"https:\/\/factory.sale\/et\/toode\/elektrikeris-huum-hive-mini-9kw\/\" target=\"_blank\" rel=\"noopener\">HUUM HIVE Mini 9 kW<\/a><\/li>\n<li>Elektrikeris <a href=\"https:\/\/factory.sale\/et\/toode\/elektrikeris-huum-drop-9-kw\/\" target=\"_blank\" rel=\"noopener\">HUUM DROP 9 kW<\/a><\/li>\n<\/ul>\n","protected":false},"excerpt":{"rendered":"<p>Ehala 400 deluxe t\u00fcnnisaun pakub 4-meetrist pikkust, poolkuu tagaseina akent ja integreeritud terrassi, tehes sellest luksusliku valiku l\u00f5\u00f5gastumiseks ja v\u00e4likeskkonna nautimiseks.<\/p>\n","protected":false},"featured_media":97276,"comment_status":"open","ping_status":"closed","template":"","meta":{"_acf_changed":false},"factory":[],"free-shipment":[],"product_brand":[],"product_cat":[826,1643,784],"product_tag":[],"class_list":{"0":"post-97398","1":"product","2":"type-product","3":"status-publish","4":"has-post-thumbnail","6":"product_cat-saunas-et","7":"product_cat-tunnisaun","8":"product_cat-sanitaartehnika","10":"first","11":"instock","12":"sale","13":"taxable","14":"shipping-taxable","15":"purchasable","16":"product-type-simple"},"acf":[],"_links":{"self":[{"href":"https:\/\/factory.sale\/et\/wp-json\/wp\/v2\/product\/97398","targetHints":{"allow":["GET"]}}],"collection":[{"href":"https:\/\/factory.sale\/et\/wp-json\/wp\/v2\/product"}],"about":[{"href":"https:\/\/factory.sale\/et\/wp-json\/wp\/v2\/types\/product"}],"replies":[{"embeddable":true,"href":"https:\/\/factory.sale\/et\/wp-json\/wp\/v2\/comments?post=97398"}],"wp:featuredmedia":[{"embeddable":true,"href":"https:\/\/factory.sale\/et\/wp-json\/wp\/v2\/media\/97276"}],"wp:attachment":[{"href":"https:\/\/factory.sale\/et\/wp-json\/wp\/v2\/media?parent=97398"}],"wp:term":[{"taxonomy":"factory","embeddable":true,"href":"https:\/\/factory.sale\/et\/wp-json\/wp\/v2\/factory?post=97398"},{"taxonomy":"free-shipment","embeddable":true,"href":"https:\/\/factory.sale\/et\/wp-json\/wp\/v2\/free-shipment?post=97398"},{"taxonomy":"product_brand","embeddable":true,"href":"https:\/\/factory.sale\/et\/wp-json\/wp\/v2\/product_brand?post=97398"},{"taxonomy":"product_cat","embeddable":true,"href":"https:\/\/factory.sale\/et\/wp-json\/wp\/v2\/product_cat?post=97398"},{"taxonomy":"product_tag","embeddable":true,"href":"https:\/\/factory.sale\/et\/wp-json\/wp\/v2\/product_tag?post=97398"}],"curies":[{"name":"wp","href":"https:\/\/api.w.org\/{rel}","templated":true}]}}