{"id":9733,"date":"2022-07-07T10:55:25","date_gmt":"2022-07-07T10:55:35","guid":{"rendered":"https:\/\/factory.sale\/?post_type=product&#038;p=9733"},"modified":"2024-06-27T13:02:12","modified_gmt":"2024-06-27T13:02:12","slug":"tv-alus-tasmanian-oak","status":"publish","type":"product","link":"https:\/\/factory.sale\/et\/toode\/tv-alus-tasmanian-oak\/","title":{"rendered":"TV-alus Tasmanian Oak"},"content":{"rendered":"<p dir=\"ltr\"><strong>TV-alus Tasmanian Oak disain ja m\u00f5\u00f5dud:<\/strong><\/p>\n<ul>\n<li dir=\"ltr\">\n<p dir=\"ltr\">Valmistatud eksootilisest tasmaania tammest<\/p>\n<\/li>\n<li dir=\"ltr\">\n<p dir=\"ltr\">K\u00f5rgus: 55 cm x laius 180 cm x s\u00fcgavus 40 cm<\/p>\n<\/li>\n<li dir=\"ltr\">\n<p dir=\"ltr\">V\u00e4rv: NutMeg<\/p>\n<\/li>\n<li dir=\"ltr\">\n<p dir=\"ltr\">Disaini elemendina on TV-alusel kohati p\u00f5nev s\u00e4lgumuster<\/p>\n<\/li>\n<li dir=\"ltr\">\n<p dir=\"ltr\">TV-alusel on kaks mahukat ja praktilist kappi (m\u00f5lemas kapis on riiul), sahtel ja avatud riiul &#8211; ideaalne DVD m\u00e4ngija, m\u00e4ngukonsoolide jm vajaliku hoiustamiseks<\/p>\n<\/li>\n<li dir=\"ltr\">\n<p dir=\"ltr\">Kenad ja mugavad mustad metallist k\u00e4epidemed<\/p>\n<\/li>\n<li dir=\"ltr\">\n<p dir=\"ltr\">Toode on \u00fches t\u00fckis, ei vaja kokkupanemist<\/p>\n<\/li>\n<li dir=\"ltr\">\n<p dir=\"ltr\">Toote kaal: 46 kg<\/p>\n<\/li>\n<\/ul>\n<p>&nbsp;<\/p>\n<p dir=\"ltr\"><strong>Toote \u00fcldkirjeldus:<\/strong><\/p>\n<ul>\n<li dir=\"ltr\">\n<p dir=\"ltr\">Toode on valmistatud k\u00e4sit\u00f6\u00f6na<\/p>\n<\/li>\n<li dir=\"ltr\">\n<p dir=\"ltr\">Kuna tegemist on naturaalse tootega, v\u00f5ib esineda v\u00e4rvide ja\/v\u00f5i tekstuuri variatsioone<\/p>\n<\/li>\n<li dir=\"ltr\">\n<p dir=\"ltr\">M\u00f6\u00f6bli l\u00f5ppviimistlusel on kasutatud k\u00f5rgkvaliteetset l\u00e4bipaistvat lakki<\/p>\n<\/li>\n<li dir=\"ltr\">\n<p dir=\"ltr\">Piltidel olevad sisustuselemendid ei sisaldu hinnas<\/p>\n<\/li>\n<li dir=\"ltr\">\n<p dir=\"ltr\">Pakkide arv: 1<\/p>\n<\/li>\n<\/ul>\n","protected":false},"excerpt":{"rendered":"<p>Unikaalne ja k\u00e4sit\u00f6\u00f6na valminud TV alus- muuda oma elutuba stiilseks ja hubaseks!<\/p>\n","protected":false},"featured_media":9736,"comment_status":"open","ping_status":"closed","template":"","meta":{"_acf_changed":false},"factory":[],"free-shipment":[],"product_brand":[],"product_cat":[714],"product_tag":[],"class_list":{"0":"post-9733","1":"product","2":"type-product","3":"status-publish","4":"has-post-thumbnail","6":"product_cat-moobel","8":"first","9":"instock","10":"sale","11":"taxable","12":"shipping-taxable","13":"purchasable","14":"product-type-simple"},"acf":[],"_links":{"self":[{"href":"https:\/\/factory.sale\/et\/wp-json\/wp\/v2\/product\/9733","targetHints":{"allow":["GET"]}}],"collection":[{"href":"https:\/\/factory.sale\/et\/wp-json\/wp\/v2\/product"}],"about":[{"href":"https:\/\/factory.sale\/et\/wp-json\/wp\/v2\/types\/product"}],"replies":[{"embeddable":true,"href":"https:\/\/factory.sale\/et\/wp-json\/wp\/v2\/comments?post=9733"}],"wp:featuredmedia":[{"embeddable":true,"href":"https:\/\/factory.sale\/et\/wp-json\/wp\/v2\/media\/9736"}],"wp:attachment":[{"href":"https:\/\/factory.sale\/et\/wp-json\/wp\/v2\/media?parent=9733"}],"wp:term":[{"taxonomy":"factory","embeddable":true,"href":"https:\/\/factory.sale\/et\/wp-json\/wp\/v2\/factory?post=9733"},{"taxonomy":"free-shipment","embeddable":true,"href":"https:\/\/factory.sale\/et\/wp-json\/wp\/v2\/free-shipment?post=9733"},{"taxonomy":"product_brand","embeddable":true,"href":"https:\/\/factory.sale\/et\/wp-json\/wp\/v2\/product_brand?post=9733"},{"taxonomy":"product_cat","embeddable":true,"href":"https:\/\/factory.sale\/et\/wp-json\/wp\/v2\/product_cat?post=9733"},{"taxonomy":"product_tag","embeddable":true,"href":"https:\/\/factory.sale\/et\/wp-json\/wp\/v2\/product_tag?post=9733"}],"curies":[{"name":"wp","href":"https:\/\/api.w.org\/{rel}","templated":true}]}}