{"id":97191,"date":"2025-01-08T19:41:12","date_gmt":"2025-01-08T16:50:39","guid":{"rendered":"https:\/\/factory.sale\/?post_type=product&#038;p=97191"},"modified":"2026-04-17T08:58:21","modified_gmt":"2026-04-17T05:58:21","slug":"kulmaveetunni-jahuti-jahutavsoojendav","status":"publish","type":"product","link":"https:\/\/factory.sale\/et\/toode\/kulmaveetunni-jahuti-jahutavsoojendav\/","title":{"rendered":"Jahuti, The Spawer Ice Spa 7 kW + filtri komplekt"},"content":{"rendered":"<p><strong><span style=\"text-decoration: underline;\">Jahutus- ja k\u00fcttelahendus\u00a0<\/span><\/strong><\/p>\n<p>The Spawer Ice Spa 7 kW jahuti kasutab t\u00e4iustatud EVI tehnoloogiat, mis t\u00f6\u00f6tab efektiivselt kuni \u201325 \u00b0C juures ning tarbib 75% v\u00e4hem energiat kui traditsioonilised k\u00fctteseadmed. Selle p\u00f6\u00f6rdfunktsioon v\u00f5imaldab talvel k\u00fctta ja suvel jahutada, pakkudes Teile aastaringset lahendust. Integreeritud WiFi-juhtimine v\u00f5imaldab temperatuuri kaugreguleerimist ja planeerimist nutitelefoni rakenduse kaudu.<br \/>\nPlug &amp; Play s\u00fcsteem ei vaja professionaalset paigaldust ega erivahendeid ning sobib k\u00f5ikidele t\u00fcnnidele kuni 1,5 m\u00b3. Vaikne 28 dB t\u00f6\u00f6re\u017eiim, korrosioonikindel titaanist soojusvaheti ja kompaktne disain tagavad suurep\u00e4rase j\u00f5udluse ja mugavuse igas ilmastikutingimuses.<\/p>\n<p>&nbsp;<\/p>\n<p>&nbsp;<\/p>\n<p><strong>P\u00f5hikomplekt sisaldab:<\/strong><\/p>\n<ul>\n<li>Puuteekraan<\/li>\n<li>WiFi-\u00fchendus<\/li>\n<li>x2 pilootreleed<\/li>\n<li>Rikkevoolukaitse 5 m kaabliga<\/li>\n<li>H\u00fcdraulikaliitmikud 32\/38mm (2 komplekti)<\/li>\n<li>Voolikuklambrid (2 komplekti)<\/li>\n<li>Filtrikomplekt (filter, pol\u00fcet\u00fcleenist filtrikuulid, 4 m voolik, \u00e4\u00e4rikud 2 komplekti, 6 klambrit, 2 korki)<\/li>\n<\/ul>\n<p>&nbsp;<\/p>\n<p>Toote m\u00f5\u00f5tmed (mm): 710x490x500<br \/>\nNeto-\/brutokaal (kg): 43\/46<\/p>\n<p>&nbsp;<\/p>\n<p><strong>Diagramm, mis n\u00e4itab 1400 L j\u00e4\u00e4t\u00fcnni vee jahutamist ja k\u00fctmist seadmega<\/strong><\/p>\n<p><img loading=\"lazy\" decoding=\"async\" class=\"alignnone wp-image-133549\" src=\"https:\/\/factory.sale\/wp-content\/uploads\/2025\/01\/icebath-grafik-1-300x175.webp\" alt=\"\" width=\"444\" height=\"259\" srcset=\"https:\/\/factory.sale\/wp-content\/uploads\/2025\/01\/icebath-grafik-1-300x175.webp 300w, https:\/\/factory.sale\/wp-content\/uploads\/2025\/01\/icebath-grafik-1-150x87.webp 150w, https:\/\/factory.sale\/wp-content\/uploads\/2025\/01\/icebath-grafik-1.webp 555w\" sizes=\"auto, (max-width: 444px) 100vw, 444px\" \/><\/p>\n<p>&nbsp;<\/p>\n<p>&nbsp;<\/p>\n<p><strong>Diagramm, mis n\u00e4itab 320 L j\u00e4\u00e4t\u00fcnni vee jahutamist ja k\u00fctmist seadmega<\/strong><\/p>\n<p><img loading=\"lazy\" decoding=\"async\" class=\"alignnone wp-image-133552\" src=\"https:\/\/factory.sale\/wp-content\/uploads\/2025\/01\/icebath-grafik-2-300x181.webp\" alt=\"\" width=\"450\" height=\"271\" srcset=\"https:\/\/factory.sale\/wp-content\/uploads\/2025\/01\/icebath-grafik-2-300x181.webp 300w, https:\/\/factory.sale\/wp-content\/uploads\/2025\/01\/icebath-grafik-2-150x91.webp 150w, https:\/\/factory.sale\/wp-content\/uploads\/2025\/01\/icebath-grafik-2.webp 555w\" sizes=\"auto, (max-width: 450px) 100vw, 450px\" \/><\/p>\n<p>&nbsp;<\/p>\n<p>Tutvu meie <a href=\"https:\/\/factory.sale\/et\/toode\/roostevabast-terasest-kulmaveetunn-uhele-inimesele\/\" target=\"_blank\" rel=\"noopener\">roostevabast terasest k\u00fclmaveet\u00fcnniga siin<\/a>!<\/p>\n<p>&nbsp;<\/p>\n<p>&nbsp;<\/p>\n","protected":false},"excerpt":{"rendered":"<p>The Spawer Ice Spa 7 kW kasutab t\u00e4iustatud EVI tehnoloogiat, mis t\u00f6\u00f6tab efektiivselt kuni \u201325 \u00b0C juures ning tarbib 75% v\u00e4hem energiat kui traditsioonilised k\u00fctteseadmed. Selle p\u00f6\u00f6rdfunktsioon v\u00f5imaldab talvel k\u00fctta ja suvel jahutada, pakkudes Teile aastaringset lahendust. Integreeritud WiFi-juhtimine v\u00f5imaldab temperatuuri kaugreguleerimist ja planeerimist nutitelefoni rakenduse kaudu.<\/p>\n","protected":false},"featured_media":131440,"comment_status":"open","ping_status":"closed","template":"","meta":{"_acf_changed":false},"factory":[],"free-shipment":[],"product_brand":[],"product_cat":[3027,2209],"product_tag":[],"class_list":{"0":"post-97191","1":"product","2":"type-product","3":"status-publish","4":"has-post-thumbnail","6":"product_cat-kulmaveetunnid","7":"product_cat-kumblustunnid","9":"first","10":"instock","11":"sale","12":"taxable","13":"shipping-taxable","14":"purchasable","15":"product-type-simple"},"acf":[],"_links":{"self":[{"href":"https:\/\/factory.sale\/et\/wp-json\/wp\/v2\/product\/97191","targetHints":{"allow":["GET"]}}],"collection":[{"href":"https:\/\/factory.sale\/et\/wp-json\/wp\/v2\/product"}],"about":[{"href":"https:\/\/factory.sale\/et\/wp-json\/wp\/v2\/types\/product"}],"replies":[{"embeddable":true,"href":"https:\/\/factory.sale\/et\/wp-json\/wp\/v2\/comments?post=97191"}],"wp:featuredmedia":[{"embeddable":true,"href":"https:\/\/factory.sale\/et\/wp-json\/wp\/v2\/media\/131440"}],"wp:attachment":[{"href":"https:\/\/factory.sale\/et\/wp-json\/wp\/v2\/media?parent=97191"}],"wp:term":[{"taxonomy":"factory","embeddable":true,"href":"https:\/\/factory.sale\/et\/wp-json\/wp\/v2\/factory?post=97191"},{"taxonomy":"free-shipment","embeddable":true,"href":"https:\/\/factory.sale\/et\/wp-json\/wp\/v2\/free-shipment?post=97191"},{"taxonomy":"product_brand","embeddable":true,"href":"https:\/\/factory.sale\/et\/wp-json\/wp\/v2\/product_brand?post=97191"},{"taxonomy":"product_cat","embeddable":true,"href":"https:\/\/factory.sale\/et\/wp-json\/wp\/v2\/product_cat?post=97191"},{"taxonomy":"product_tag","embeddable":true,"href":"https:\/\/factory.sale\/et\/wp-json\/wp\/v2\/product_tag?post=97191"}],"curies":[{"name":"wp","href":"https:\/\/api.w.org\/{rel}","templated":true}]}}