{"id":97181,"date":"2025-01-08T18:39:23","date_gmt":"2025-01-08T16:00:29","guid":{"rendered":"https:\/\/factory.sale\/?post_type=product&#038;p=97181"},"modified":"2026-04-03T15:14:29","modified_gmt":"2026-04-03T12:14:29","slug":"roostevabast-terasest-kulmaveetunn-uhele-inimesele","status":"publish","type":"product","link":"https:\/\/factory.sale\/et\/toode\/roostevabast-terasest-kulmaveetunn-uhele-inimesele\/","title":{"rendered":"Roostevabast terasest k\u00fclmaveet\u00fcnn 1-le inimesele 0,86 m"},"content":{"rendered":"<p><video style=\"max-width: 100%; height: auto; display: block;\" preload=\"auto\" autoplay=\"autoplay\" loop=\"loop\" muted=\"\" controls=\"controls\" width=\"900\" height=\"1350\"><source src=\"https:\/\/factory.sale\/wp-content\/uploads\/2025\/01\/video-new-ice-bath-with-in-stainless-steel.mp4\" type=\"video\/mp4\" \/>Your browser does not support the video tag.<\/video><\/p>\n<p>Sukeldu l\u00f5pliku heaolukogemuse juurde meie roostevabast terasest k\u00fclmaveet\u00fcnn, mis on loodud \u00fche kasutaja jaoks. Kompaktne l\u00e4bim\u00f5\u00f5t 86 cm ja k\u00f5rgus 105 cm tagavad, et t\u00fcnn sobib ideaalselt igasse aeda, pakkudes samas piisavalt ruumi v\u00e4rskendavaks supluskogemuseks. 400-liitrine roostevabast terasest paak tagab erakordse vastupidavuse ja j\u00f5udluse, mida t\u00e4iendab elegantne 18 mm termopuidust v\u00e4lisviimistlus loomuliku ja rafineeritud v\u00e4limuse saavutamiseks.<\/p>\n<p>T\u00f5sta oma rutiin uuele tasemele valikulise v\u00e4limise elektrilise jahutiga, mis on loodud pakkuma v\u00e4rskendavat k\u00fclmateraapiat taastumiseks ja energiavarude taastamiseks. Veelgi suurema paindlikkuse tagamiseks saab jahuti toimida ka soojendina, pakkudes vajadusel rahustavat soojust.<\/p>\n<p>&nbsp;<\/p>\n<p><strong>P\u00f5hikomplekt sisaldab:<\/strong><\/p>\n<p>Roostevabast terasest vann, mille v\u00e4lispind on kaetud 18 mm termopuuga<br \/>\nVeekindel vineerp\u00f5rand<br \/>\n2 roostevabast terasest v\u00f6\u00f6rauda<br \/>\nTermopuidust pink<br \/>\nV\u00e4ljalaskeava<\/p>\n<p>&nbsp;<\/p>\n<p><strong>Tehniline teave:<\/strong><\/p>\n<p>Mudel: \u00fcmmargune, sisem\u00f5\u00f5t 0,86 m<br \/>\nMahutavus: 1 inimene<br \/>\nMaht: 400 l<br \/>\nKaal: 120 kg<br \/>\nK\u00f5rgus: 1,05 m<br \/>\nV\u00e4limine l\u00e4bim\u00f5\u00f5t: 0,96 m<br \/>\nIstme k\u00f5rgus: 320 mm<br \/>\nIstme laius: 350 mm<br \/>\nTermopuidust v\u00e4lispinna paksus: 18 mm<br \/>\nVeekindel vineerp\u00f5rand: 9 mm<\/p>\n<p>&nbsp;<\/p>\n<p>&nbsp;<\/p>\n<p><img loading=\"lazy\" decoding=\"async\" class=\"alignnone wp-image-131430\" src=\"https:\/\/factory.sale\/wp-content\/uploads\/2025\/01\/Stainless-steel-cold-plunge-tub-for-one-factory-sale-6-160x300.webp\" alt=\"\" width=\"268\" height=\"503\" srcset=\"https:\/\/factory.sale\/wp-content\/uploads\/2025\/01\/Stainless-steel-cold-plunge-tub-for-one-factory-sale-6-160x300.webp 160w, https:\/\/factory.sale\/wp-content\/uploads\/2025\/01\/Stainless-steel-cold-plunge-tub-for-one-factory-sale-6-80x150.webp 80w\" sizes=\"auto, (max-width: 268px) 100vw, 268px\" \/> <img loading=\"lazy\" decoding=\"async\" class=\"alignnone wp-image-131433\" src=\"https:\/\/factory.sale\/wp-content\/uploads\/2025\/01\/Stainless-steel-cold-plunge-tub-for-one-factory-sale-7-138x300.webp\" alt=\"\" width=\"222\" height=\"483\" srcset=\"https:\/\/factory.sale\/wp-content\/uploads\/2025\/01\/Stainless-steel-cold-plunge-tub-for-one-factory-sale-7-138x300.webp 138w, https:\/\/factory.sale\/wp-content\/uploads\/2025\/01\/Stainless-steel-cold-plunge-tub-for-one-factory-sale-7-470x1024.webp 470w, https:\/\/factory.sale\/wp-content\/uploads\/2025\/01\/Stainless-steel-cold-plunge-tub-for-one-factory-sale-7-69x150.webp 69w, https:\/\/factory.sale\/wp-content\/uploads\/2025\/01\/Stainless-steel-cold-plunge-tub-for-one-factory-sale-7.webp 544w\" sizes=\"auto, (max-width: 222px) 100vw, 222px\" \/><\/p>\n<p>&nbsp;<\/p>\n<p>Meie k\u00fclmaveet\u00fcnni jahuti ja roostevabast terasest k\u00fclmaveet\u00fcnn moodustavad ideaalse duo, pakkudes \u00fcheskoos nii t\u00e4pselt reguleeritavat veetemperatuuri kui ka elegantset ja vastupidavat t\u00fcnni, mis sobib t\u00e4iuslikult nii k\u00fclma- kui ka soojaveeteraapia kogemuseks.<\/p>\n<p>Tutvu <a href=\"https:\/\/factory.sale\/et\/toode\/kulmaveetunni-jahuti-jahutavsoojendav\/\" target=\"_blank\" rel=\"noopener\">k\u00fclmaveet\u00fcnni jahutiga siin<\/a>!<\/p>\n<p>&nbsp;<\/p>\n<p>&nbsp;<\/p>\n<p><b>Transpordi informatsioon:<\/b><\/p>\n<p>Kohaletoimetamine t\u00f5stukiga veoautoga.<\/p>\n","protected":false},"excerpt":{"rendered":"<p>Koge heaolu tippu meie roostevabast terasest k\u00fclmaveet\u00fcnniga. M\u00f5eldud \u00fche kasutaja jaoks, l\u00e4bim\u00f5\u00f5t 86 cm, k\u00f5rgus 105 cm ja mahutavus 400 liitrit. Vastupidav roostevabast terasest paak on kaunistatud elegantse 18 mm termopuidust v\u00e4lisviimistlusega. Valikuline elektriline jahuti pakub nii k\u00fclmateraapiat kui ka rahustavat soojust, muutes selle ideaalseks taastumiseks ja l\u00f5\u00f5gastumiseks igas ruumis.<\/p>\n<p><strong>Ostes Eesti tooteid, saate ainult k\u00f5rgeima kvaliteediga tooted.<\/strong><\/p>\n<p><img loading=\"lazy\" decoding=\"async\" class=\"alignnone wp-image-100903\" src=\"https:\/\/factory.sale\/wp-content\/uploads\/2023\/04\/made-inestonia-3-factory-sale-300x300.webp\" alt=\"Made in Estonia.\" width=\"255\" height=\"255\" srcset=\"https:\/\/factory.sale\/wp-content\/uploads\/2023\/04\/made-inestonia-3-factory-sale-300x300.webp 300w, https:\/\/factory.sale\/wp-content\/uploads\/2023\/04\/made-inestonia-3-factory-sale-1024x1024.webp 1024w, https:\/\/factory.sale\/wp-content\/uploads\/2023\/04\/made-inestonia-3-factory-sale-150x150.webp 150w, https:\/\/factory.sale\/wp-content\/uploads\/2023\/04\/made-inestonia-3-factory-sale-1536x1536.webp 1536w, https:\/\/factory.sale\/wp-content\/uploads\/2023\/04\/made-inestonia-3-factory-sale-600x600.webp 600w, https:\/\/factory.sale\/wp-content\/uploads\/2023\/04\/made-inestonia-3-factory-sale-100x100.webp 100w, https:\/\/factory.sale\/wp-content\/uploads\/2023\/04\/made-inestonia-3-factory-sale.webp 2048w\" sizes=\"auto, (max-width: 255px) 100vw, 255px\" \/><\/p>\n","protected":false},"featured_media":97167,"comment_status":"open","ping_status":"closed","template":"","meta":{"_acf_changed":false},"factory":[],"free-shipment":[],"product_brand":[],"product_cat":[3027,2209],"product_tag":[],"class_list":{"0":"post-97181","1":"product","2":"type-product","3":"status-publish","4":"has-post-thumbnail","6":"product_cat-kulmaveetunnid","7":"product_cat-kumblustunnid","9":"first","10":"instock","11":"sale","12":"taxable","13":"shipping-taxable","14":"purchasable","15":"product-type-simple"},"acf":[],"_links":{"self":[{"href":"https:\/\/factory.sale\/et\/wp-json\/wp\/v2\/product\/97181","targetHints":{"allow":["GET"]}}],"collection":[{"href":"https:\/\/factory.sale\/et\/wp-json\/wp\/v2\/product"}],"about":[{"href":"https:\/\/factory.sale\/et\/wp-json\/wp\/v2\/types\/product"}],"replies":[{"embeddable":true,"href":"https:\/\/factory.sale\/et\/wp-json\/wp\/v2\/comments?post=97181"}],"wp:featuredmedia":[{"embeddable":true,"href":"https:\/\/factory.sale\/et\/wp-json\/wp\/v2\/media\/97167"}],"wp:attachment":[{"href":"https:\/\/factory.sale\/et\/wp-json\/wp\/v2\/media?parent=97181"}],"wp:term":[{"taxonomy":"factory","embeddable":true,"href":"https:\/\/factory.sale\/et\/wp-json\/wp\/v2\/factory?post=97181"},{"taxonomy":"free-shipment","embeddable":true,"href":"https:\/\/factory.sale\/et\/wp-json\/wp\/v2\/free-shipment?post=97181"},{"taxonomy":"product_brand","embeddable":true,"href":"https:\/\/factory.sale\/et\/wp-json\/wp\/v2\/product_brand?post=97181"},{"taxonomy":"product_cat","embeddable":true,"href":"https:\/\/factory.sale\/et\/wp-json\/wp\/v2\/product_cat?post=97181"},{"taxonomy":"product_tag","embeddable":true,"href":"https:\/\/factory.sale\/et\/wp-json\/wp\/v2\/product_tag?post=97181"}],"curies":[{"name":"wp","href":"https:\/\/api.w.org\/{rel}","templated":true}]}}