{"id":96588,"date":"2025-01-02T00:44:46","date_gmt":"2025-01-01T21:50:59","guid":{"rendered":"https:\/\/factory.sale\/?post_type=product&#038;p=96588"},"modified":"2025-07-22T11:04:41","modified_gmt":"2025-07-22T08:04:41","slug":"osb-3-plaat-22x1250x2500-mm-soonega","status":"publish","type":"product","link":"https:\/\/factory.sale\/et\/toode\/osb-3-plaat-22x1250x2500-mm-soonega\/","title":{"rendered":"OSB-3 plaat 22x1250x2500 mm soonega"},"content":{"rendered":"<p><strong>Tootekood:<\/strong> 22251250<\/p>\n<p>&nbsp;<\/p>\n<p>Hind 9,11 EUR\/m2<\/p>\n<p>OSB 3 on koormust taluv puidup\u00f5hine plaat, mis koosneb suunatud laastude ja valguga seotud peenikeste kiudude kihtidest.<br \/>\nOSB 3 on praegu m\u00fc\u00fcgilolevatest k\u00f5ige progressiivsem OSB t\u00fc\u00fcp. OSB 3 on v\u00e4lja t\u00f6\u00f6tatud ja valmistatud koosk\u00f5las t\u00e4nap\u00e4eva orgaanilistele materjalidele keskendunud \u00f6koloogilise elustiili n\u00f5uetega. Sobiva puidu ja sideainega OSB 3 vastab keskkonnas\u00e4\u00e4stlike hoonete rangetele standarditele.<\/p>\n<p>&nbsp;<\/p>\n<p><strong>Tehnilised andmed:<\/strong><\/p>\n<p>M\u00f5\u00f5dud: 22 x 1250 x 2500 mm<br \/>\nBr\u00e4nd: Kronospan Riga<br \/>\nPaigaldus: soonega<\/p>\n<p>&nbsp;<\/p>\n<p><strong>Omadused:<\/strong><\/p>\n<ul>\n<li>Suurem vastupidavus niisketele tingimustele<\/li>\n<li>Suur koormustaluvus ja j\u00e4ikus ehituses<\/li>\n<li>V\u00e4ga t\u00e4psed m\u00f5\u00f5tmed ja kuju stabiilsus<\/li>\n<li>Suur elastsus ja l\u00f6\u00f6gikindlus<\/li>\n<li>Lihtne tavaliste puidut\u00f6\u00f6riistadega t\u00f6\u00f6delda<\/li>\n<li>Keskkonnas\u00f5bralik, ringlusse v\u00f5etav toode<\/li>\n<\/ul>\n<p>&nbsp;<\/p>\n<p><strong>Kasutamine:<\/strong><\/p>\n<p>Kasutamine konstruktsioonides: seinad, p\u00f5randad, katused, trepikojad, piirded.<\/p>\n<p>&nbsp;<\/p>\n<p><strong>Sisustus:<\/strong><\/p>\n<p>M\u00f6\u00f6blielemendid, dekoratiivsed elemendid siseruumides, pehme m\u00f6\u00f6bli raamid, uksepaneelid, fassaadikatted ja vaheseinad.<\/p>\n<p>&nbsp;<\/p>\n<p><strong>Pakend:<\/strong><\/p>\n<p>Transpordikastid ja konteinerid, alused<br \/>\nJaekaubandus ja n\u00e4itused<br \/>\nLaohaldus (riiulid jne)<\/p>\n<p>&nbsp;<\/p>\n<p>&nbsp;<\/p>\n<p><strong>Standard:<\/strong><\/p>\n<p>EN 300 \u2013 type OSB 3; EN 13501-1: class D-s1, d0; EN 13986:2004+A1:2015<\/p>\n<p>&nbsp;<\/p>\n<p>&nbsp;<\/p>\n<p><strong>Emissiooniklass:<\/strong><\/p>\n<p>E1 (EN ISO 12460-5)<\/p>\n","protected":false},"excerpt":{"rendered":"<p>Vastupidav OSB-3 plaat (22x1250x2500 mm) soonega, valmistatud Kronospan Riga poolt. Sobib ideaalselt seinteks, p\u00f5randateks ja katusteks \u2013 niiskuskindel ja keskkonnas\u00f5bralik puidup\u00f5hine plaat vastab EN 300 standarditele. Ideaalne keskkonnas\u00e4\u00e4stlikuks ehituseks ja mitmek\u00fclgseteks rakendusteks!<\/p>\n<p>NB! See on orienteeruv ruutmeetri hind.<br \/>\nK\u00fcsi pakkumist v\u00e4iksematele ja suurematele kogustele \u2013 suudame tarnida ka suuremaid koguseid!<\/p>\n","protected":false},"featured_media":96586,"comment_status":"open","ping_status":"closed","template":"","meta":{"_acf_changed":false},"factory":[],"free-shipment":[],"product_brand":[],"product_cat":[2280,1604],"product_tag":[],"class_list":{"0":"post-96588","1":"product","2":"type-product","3":"status-publish","4":"has-post-thumbnail","6":"product_cat-osb-plaadid","7":"product_cat-puit","9":"first","10":"instock","11":"sale","12":"taxable","13":"shipping-taxable","14":"purchasable","15":"product-type-simple"},"acf":[],"_links":{"self":[{"href":"https:\/\/factory.sale\/et\/wp-json\/wp\/v2\/product\/96588","targetHints":{"allow":["GET"]}}],"collection":[{"href":"https:\/\/factory.sale\/et\/wp-json\/wp\/v2\/product"}],"about":[{"href":"https:\/\/factory.sale\/et\/wp-json\/wp\/v2\/types\/product"}],"replies":[{"embeddable":true,"href":"https:\/\/factory.sale\/et\/wp-json\/wp\/v2\/comments?post=96588"}],"wp:featuredmedia":[{"embeddable":true,"href":"https:\/\/factory.sale\/et\/wp-json\/wp\/v2\/media\/96586"}],"wp:attachment":[{"href":"https:\/\/factory.sale\/et\/wp-json\/wp\/v2\/media?parent=96588"}],"wp:term":[{"taxonomy":"factory","embeddable":true,"href":"https:\/\/factory.sale\/et\/wp-json\/wp\/v2\/factory?post=96588"},{"taxonomy":"free-shipment","embeddable":true,"href":"https:\/\/factory.sale\/et\/wp-json\/wp\/v2\/free-shipment?post=96588"},{"taxonomy":"product_brand","embeddable":true,"href":"https:\/\/factory.sale\/et\/wp-json\/wp\/v2\/product_brand?post=96588"},{"taxonomy":"product_cat","embeddable":true,"href":"https:\/\/factory.sale\/et\/wp-json\/wp\/v2\/product_cat?post=96588"},{"taxonomy":"product_tag","embeddable":true,"href":"https:\/\/factory.sale\/et\/wp-json\/wp\/v2\/product_tag?post=96588"}],"curies":[{"name":"wp","href":"https:\/\/api.w.org\/{rel}","templated":true}]}}