{"id":96498,"date":"2024-12-30T23:30:09","date_gmt":"2024-12-30T20:35:29","guid":{"rendered":"https:\/\/factory.sale\/?post_type=product&#038;p=96498"},"modified":"2024-12-31T06:13:12","modified_gmt":"2024-12-31T03:13:12","slug":"osb4-plaat-tg4-pefc-15x1200x2700-mm-324-m%c2%b2","status":"publish","type":"product","link":"https:\/\/factory.sale\/et\/toode\/osb4-plaat-tg4-pefc-15x1200x2700-mm-324-m%c2%b2\/","title":{"rendered":"OSB4 plaat TG4 pefc 15x1200x2700 mm 3,24 m\u00b2"},"content":{"rendered":"<p><strong>Tootekood:<\/strong> 35ZK<\/p>\n<p>Soonega katuse aluspindplaat, mida saab kasutada ka konstruktsiooniplaadina sise- ja v\u00e4lisehituses. Plaadi m\u00f5\u00f5dud: 1200 x 2700 mm. Paksus: 15 mm.<\/p>\n<p>OSB-plaat on vastupidav, kolmekihiline ehitusplaat, mis on valmistatud ristliimitud puidulaastudest ja liimitud formaldeh\u00fc\u00fcdivaba liimiga (E1 klassifikatsioon). Plaadi pind takistab mustuse ja niiskuse tungimist plaadi struktuuri. Plaadid sobivad K600 ja K900 katusefermi sammudele. Soone \u00fchendus lihtsustab ja kiirendab paigaldust.<\/p>\n<p>OSB4 plaadid sobivad eriti h\u00e4sti raskete koormuste jaoks kaitstud v\u00e4litingimustes. Need mitmek\u00fclgsed OSB-plaadid sobivad kasutamiseks katuse-, vahelae- ja seinakonstruktsioonides. Plaadid kinnitatakse kas naelte v\u00f5i kruvidega ligikaudu 15 cm vahedega.<\/p>\n<p>&nbsp;<\/p>\n<p>&nbsp;<\/p>\n<p><strong>Tehniline informatsioon:<\/strong><\/p>\n<p>Br\u00e4nd: Kronospan<br \/>\nK\u00f5rgus\/Paksus (mm): 15,0<br \/>\nLaius\/Diameeter (mm): 1200,0<br \/>\nPikkus\/S\u00fcgavus (mm): 2700,0<br \/>\nLadustamis\u00fcksuse k\u00f5rgus (cm): 1,5<br \/>\nLadustamis\u00fcksuse laius (cm): 100,0<br \/>\nLadustamis\u00fcksuse s\u00fcgavus (cm): 100,0<br \/>\nLadustamis\u00fcksuse kaal (kg): 10,62<\/p>\n<p>&nbsp;<\/p>\n<p><strong>M\u00fc\u00fcgipakendid:<\/strong><\/p>\n<p>3,24 m\u00b2<br \/>\n3,24 m\u00b2<br \/>\n142,56 m\u00b2<\/p>\n<p>&nbsp;<\/p>\n<p><a href=\"https:\/\/factory.sale\/wp-content\/uploads\/2024\/12\/pefc_eng_20240822_QR.pdf\" target=\"_blank\" rel=\"noopener\">Sertifikaat<\/a><\/p>\n","protected":false},"excerpt":{"rendered":"<p>OSB-plaat on vastupidav, kolmekihiline ehitusplaat, mis on valmistatud ristliimitud puidulaastudest ja liimitud formaldeh\u00fc\u00fcdivaba liimiga (E1 klassifikatsioon). Plaadi pind takistab mustuse ja niiskuse tungimist plaadi struktuuri. Plaadid sobivad K600 ja K900 katusefermi sammudele. Soone \u00fchendus lihtsustab ja kiirendab paigaldust.<\/p>\n<div>\n<div>NB! See on orienteeruv ruutmeetri hind.<br \/>\nK\u00fcsi pakkumist v\u00e4iksematele ja suurematele kogustele \u2013 suudame tarnida ka suuremaid koguseid!<\/div>\n<\/div>\n","protected":false},"featured_media":96490,"comment_status":"open","ping_status":"closed","template":"","meta":{"_acf_changed":false},"factory":[],"free-shipment":[],"product_brand":[],"product_cat":[2280,1604],"product_tag":[],"class_list":{"0":"post-96498","1":"product","2":"type-product","3":"status-publish","4":"has-post-thumbnail","6":"product_cat-osb-plaadid","7":"product_cat-puit","9":"first","10":"instock","11":"sale","12":"taxable","13":"shipping-taxable","14":"purchasable","15":"product-type-simple"},"acf":[],"_links":{"self":[{"href":"https:\/\/factory.sale\/et\/wp-json\/wp\/v2\/product\/96498","targetHints":{"allow":["GET"]}}],"collection":[{"href":"https:\/\/factory.sale\/et\/wp-json\/wp\/v2\/product"}],"about":[{"href":"https:\/\/factory.sale\/et\/wp-json\/wp\/v2\/types\/product"}],"replies":[{"embeddable":true,"href":"https:\/\/factory.sale\/et\/wp-json\/wp\/v2\/comments?post=96498"}],"wp:featuredmedia":[{"embeddable":true,"href":"https:\/\/factory.sale\/et\/wp-json\/wp\/v2\/media\/96490"}],"wp:attachment":[{"href":"https:\/\/factory.sale\/et\/wp-json\/wp\/v2\/media?parent=96498"}],"wp:term":[{"taxonomy":"factory","embeddable":true,"href":"https:\/\/factory.sale\/et\/wp-json\/wp\/v2\/factory?post=96498"},{"taxonomy":"free-shipment","embeddable":true,"href":"https:\/\/factory.sale\/et\/wp-json\/wp\/v2\/free-shipment?post=96498"},{"taxonomy":"product_brand","embeddable":true,"href":"https:\/\/factory.sale\/et\/wp-json\/wp\/v2\/product_brand?post=96498"},{"taxonomy":"product_cat","embeddable":true,"href":"https:\/\/factory.sale\/et\/wp-json\/wp\/v2\/product_cat?post=96498"},{"taxonomy":"product_tag","embeddable":true,"href":"https:\/\/factory.sale\/et\/wp-json\/wp\/v2\/product_tag?post=96498"}],"curies":[{"name":"wp","href":"https:\/\/api.w.org\/{rel}","templated":true}]}}