{"id":96472,"date":"2024-12-30T00:08:50","date_gmt":"2024-12-29T21:51:47","guid":{"rendered":"https:\/\/factory.sale\/?post_type=product&#038;p=96472"},"modified":"2024-12-31T06:13:01","modified_gmt":"2024-12-31T03:13:01","slug":"osb3-plaat-pefc-11x1200x2600-mm-312-m%c2%b2","status":"publish","type":"product","link":"https:\/\/factory.sale\/et\/toode\/osb3-plaat-pefc-11x1200x2600-mm-312-m%c2%b2\/","title":{"rendered":"OSB3 plaat pefc 11x1200x2600 mm 3,12 m\u00b2"},"content":{"rendered":"<p><strong>Tootekood:<\/strong> 79OR<\/p>\n<p>&nbsp;<\/p>\n<p>Sirgete servadega alusplaat, mida saab kasutada ka konstruktsiooniplaadina sise- ja v\u00e4list\u00f6\u00f6del. Plaadi m\u00f5\u00f5dud: 1200 x 2600 mm. Paksus: 11 mm.<\/p>\n<p>OSB-plaat on vastupidav ehitusplaat, mis on valmistatud ristliimitud puidulaastudest ja mille liimainena kasutatakse formaldeh\u00fc\u00fcdivaba liimi (E1 klassifikatsioon). Plaadi pind hoiab \u00e4ra mustuse ja niiskuse tungimise plaadi struktuuri. Plaadid sobivad K600 ja K900 katusefermi sammudele. Keele-soone \u00fchendus lihtsustab ja kiirendab paigaldust.<\/p>\n<p>OSB3-plaadid sobivad eriti h\u00e4sti koormust taluvateks lahendusteks sisetingimustes ja kaitstud v\u00e4litingimustes. Need mitmek\u00fclgsed OSB-plaadid sobivad kasutamiseks n\u00e4iteks katuse-, vahelae- ja seinakonstruktsioonides. Plaadid kinnitatakse kas naelte v\u00f5i kruvidega ligikaudu 15 cm vahedega.<\/p>\n<p>&nbsp;<\/p>\n<p><strong>Tehniline teave:<\/strong><\/p>\n<p>Br\u00e4nd: Kronospan<br \/>\nK\u00f5rgus\/Paksus (mm): 11,0<br \/>\nLaius\/Diameeter (mm): 1200,0<br \/>\nPikkus\/S\u00fcgavus (mm): 2600,0<br \/>\nLadustamis\u00fcksuse k\u00f5rgus (cm): 1,1<br \/>\nLadustamis\u00fcksuse laius (cm): 100,0<br \/>\nLadustamis\u00fcksuse s\u00fcgavus (cm): 100,0<br \/>\nLadustamis\u00fcksuse kaal (kg): 6,814<\/p>\n<p>&nbsp;<\/p>\n<p><strong>M\u00fc\u00fcgipakendid:<\/strong><\/p>\n<p>3,12 m\u00b2<br \/>\n187,2 m\u00b2<br \/>\n187,2 m\u00b2<\/p>\n<p>&nbsp;<\/p>\n<p><a href=\"https:\/\/factory.sale\/wp-content\/uploads\/2024\/12\/pefc_eng_20240822_QR.pdf\" target=\"_blank\" rel=\"noopener\">Sertifikaat<\/a><\/p>\n","protected":false},"excerpt":{"rendered":"<p>OSB-plaat on vastupidav ehitusplaat, mis on valmistatud ristliimitud puidulaastudest ja mille liimainena kasutatakse formaldeh\u00fc\u00fcdivaba liimi (E1 klassifikatsioon). Plaadi pind hoiab \u00e4ra mustuse ja niiskuse tungimise plaadi struktuuri. Plaadid sobivad K600 ja K900 katusefermi sammudele. Keele-soone \u00fchendus lihtsustab ja kiirendab paigaldust.<\/p>\n<p>NB! See on orienteeruv ruutmeetri hind.<br \/>\nK\u00fcsi pakkumist v\u00e4iksematele ja suurematele kogustele \u2013 suudame tarnida ka suuremaid koguseid!<\/p>\n","protected":false},"featured_media":96463,"comment_status":"open","ping_status":"closed","template":"","meta":{"_acf_changed":false},"factory":[],"free-shipment":[],"product_brand":[],"product_cat":[2280,1604],"product_tag":[],"class_list":{"0":"post-96472","1":"product","2":"type-product","3":"status-publish","4":"has-post-thumbnail","6":"product_cat-osb-plaadid","7":"product_cat-puit","9":"first","10":"instock","11":"sale","12":"taxable","13":"shipping-taxable","14":"purchasable","15":"product-type-simple"},"acf":[],"_links":{"self":[{"href":"https:\/\/factory.sale\/et\/wp-json\/wp\/v2\/product\/96472","targetHints":{"allow":["GET"]}}],"collection":[{"href":"https:\/\/factory.sale\/et\/wp-json\/wp\/v2\/product"}],"about":[{"href":"https:\/\/factory.sale\/et\/wp-json\/wp\/v2\/types\/product"}],"replies":[{"embeddable":true,"href":"https:\/\/factory.sale\/et\/wp-json\/wp\/v2\/comments?post=96472"}],"wp:featuredmedia":[{"embeddable":true,"href":"https:\/\/factory.sale\/et\/wp-json\/wp\/v2\/media\/96463"}],"wp:attachment":[{"href":"https:\/\/factory.sale\/et\/wp-json\/wp\/v2\/media?parent=96472"}],"wp:term":[{"taxonomy":"factory","embeddable":true,"href":"https:\/\/factory.sale\/et\/wp-json\/wp\/v2\/factory?post=96472"},{"taxonomy":"free-shipment","embeddable":true,"href":"https:\/\/factory.sale\/et\/wp-json\/wp\/v2\/free-shipment?post=96472"},{"taxonomy":"product_brand","embeddable":true,"href":"https:\/\/factory.sale\/et\/wp-json\/wp\/v2\/product_brand?post=96472"},{"taxonomy":"product_cat","embeddable":true,"href":"https:\/\/factory.sale\/et\/wp-json\/wp\/v2\/product_cat?post=96472"},{"taxonomy":"product_tag","embeddable":true,"href":"https:\/\/factory.sale\/et\/wp-json\/wp\/v2\/product_tag?post=96472"}],"curies":[{"name":"wp","href":"https:\/\/api.w.org\/{rel}","templated":true}]}}