{"id":9647,"date":"2022-07-08T14:12:44","date_gmt":"2022-07-08T14:12:56","guid":{"rendered":"https:\/\/factory.sale\/?post_type=product&#038;p=9647"},"modified":"2024-06-27T00:25:39","modified_gmt":"2024-06-27T00:25:39","slug":"voodi-dream-200x200","status":"publish","type":"product","link":"https:\/\/factory.sale\/et\/toode\/voodi-dream-200x200\/","title":{"rendered":"Voodi Dream 200&#215;200"},"content":{"rendered":"<p><b><strong style=\"font-style: inherit;\">Bambusvoodi Dream disain ja m\u00f5\u00f5dud:<\/strong><\/b><\/p>\n<ul>\n<li style=\"font-style: inherit; font-weight: inherit;\">Voodiraami m\u00f5\u00f5dud: laius 208 cm x pikkus 225 cm<\/li>\n<li style=\"font-style: inherit; font-weight: inherit;\">Voodi sobib madratsile: laius 180 cm x pikkus 200 cm<\/li>\n<li style=\"font-style: inherit; font-weight: inherit;\">Voodi peatsi k\u00f5rgus: 100 cm<\/li>\n<li style=\"font-style: inherit; font-weight: inherit;\">Jalutsi ja voodi k\u00fclje paneeli k\u00f5rgus: 30 cm<\/li>\n<li style=\"font-style: inherit; font-weight: inherit;\">V\u00e4rv: Auburn<\/li>\n<li style=\"font-style: inherit; font-weight: inherit;\">Voodi peats sirge<\/li>\n<li style=\"font-style: inherit; font-weight: inherit;\">Voodi peatses on kasutatud naturaalset tiiger-bambuse t\u00fcve<\/li>\n<li style=\"font-style: inherit; font-weight: inherit;\">Bambust\u00fcve l\u00e4bim\u00f5\u00f5t 8 cm<\/li>\n<li style=\"font-style: inherit; font-weight: inherit;\">Voodi karkass on valmistatud bambuskattega vineerist, mille pealispind k\u00e4sitsi kooritud bambusest<\/li>\n<li style=\"font-style: inherit; font-weight: inherit;\">Voodi k\u00e4ib kokku neljast osast, \u00fchendatakse omavahel metallvarrastega, mis tagavad voodi stabiilsuse<\/li>\n<\/ul>\n<p>&nbsp;<\/p>\n<p><b><strong style=\"font-style: inherit;\">Toote \u00fcldkirjeldus:<\/strong><\/b><\/p>\n<ul>\n<li style=\"font-style: inherit; font-weight: inherit;\">Kogu meie bambusm\u00f6\u00f6bel on k\u00e4sitsi valmistatud ja unikaalne<\/li>\n<li style=\"font-style: inherit; font-weight: inherit;\">Kuna tegemist on naturaalse tootega, v\u00f5ib esineda v\u00e4rvide ja\/v\u00f5i tekstuuri variatsioone<\/li>\n<li style=\"font-style: inherit; font-weight: inherit;\">Spetsiaalselt valmistatud Euroopa kliima jaoks.\u00a0<span style=\"font-style: inherit; font-weight: inherit;\">Bambus on kuivatatud spetsiaalsetes ahjudes, et minimeerida kliima muutusest tingitud pragunemist. Siiski v\u00f5ib bambustoodetel esineda v\u00e4ikeseid pragusid, mis ei muuda mingil moel toote kvaliteeti ega tugevust. <\/span><\/li>\n<li style=\"font-style: inherit; font-weight: inherit;\">M\u00f6\u00f6bli l\u00f5ppviimistlusel on kasutatud k\u00f5rgkvaliteetset l\u00e4bipaistvat lakki<\/li>\n<li style=\"font-style: inherit; font-weight: inherit;\">M\u00f6\u00f6bli kokkupanek on kiire ja kerge<\/li>\n<li style=\"font-style: inherit; font-weight: inherit;\">Piltidel olevad sisustuselemendid ja madratsid ei sisaldu hinnas<\/li>\n<li style=\"font-style: inherit; font-weight: inherit;\">Voodi alusraam ei sisaldu hinnas<\/li>\n<li style=\"font-style: inherit; font-weight: inherit;\">Pakkide arv: 4<\/li>\n<\/ul>\n","protected":false},"excerpt":{"rendered":"<p>Bambusvoodi Dream disain ja m\u00f5\u00f5dud: Voodiraami m\u00f5\u00f5dud: laius 208 cm x pikkus 225 cm Voodi sobib madratsile: laius 180 cm x pikkus 200 cm Voodi peatsi k\u00f5rgus: 100 cm Jalutsi ja voodi k\u00fclje paneeli k\u00f5rgus: 30 cm V\u00e4rv: Auburn Voodi peats sirge Voodi peatses on kasutatud naturaalset tiiger-bambuse t\u00fcve Bambust\u00fcve l\u00e4bim\u00f5\u00f5t 8 cm Voodi karkass [&hellip;]<\/p>\n","protected":false},"featured_media":9639,"comment_status":"open","ping_status":"closed","template":"","meta":{"_acf_changed":false},"factory":[],"free-shipment":[],"product_brand":[],"product_cat":[714,3104],"product_tag":[],"class_list":{"0":"post-9647","1":"product","2":"type-product","3":"status-publish","4":"has-post-thumbnail","6":"product_cat-moobel","7":"product_cat-voodid","9":"first","10":"instock","11":"sale","12":"taxable","13":"shipping-taxable","14":"purchasable","15":"product-type-simple"},"acf":[],"_links":{"self":[{"href":"https:\/\/factory.sale\/et\/wp-json\/wp\/v2\/product\/9647","targetHints":{"allow":["GET"]}}],"collection":[{"href":"https:\/\/factory.sale\/et\/wp-json\/wp\/v2\/product"}],"about":[{"href":"https:\/\/factory.sale\/et\/wp-json\/wp\/v2\/types\/product"}],"replies":[{"embeddable":true,"href":"https:\/\/factory.sale\/et\/wp-json\/wp\/v2\/comments?post=9647"}],"wp:featuredmedia":[{"embeddable":true,"href":"https:\/\/factory.sale\/et\/wp-json\/wp\/v2\/media\/9639"}],"wp:attachment":[{"href":"https:\/\/factory.sale\/et\/wp-json\/wp\/v2\/media?parent=9647"}],"wp:term":[{"taxonomy":"factory","embeddable":true,"href":"https:\/\/factory.sale\/et\/wp-json\/wp\/v2\/factory?post=9647"},{"taxonomy":"free-shipment","embeddable":true,"href":"https:\/\/factory.sale\/et\/wp-json\/wp\/v2\/free-shipment?post=9647"},{"taxonomy":"product_brand","embeddable":true,"href":"https:\/\/factory.sale\/et\/wp-json\/wp\/v2\/product_brand?post=9647"},{"taxonomy":"product_cat","embeddable":true,"href":"https:\/\/factory.sale\/et\/wp-json\/wp\/v2\/product_cat?post=9647"},{"taxonomy":"product_tag","embeddable":true,"href":"https:\/\/factory.sale\/et\/wp-json\/wp\/v2\/product_tag?post=9647"}],"curies":[{"name":"wp","href":"https:\/\/api.w.org\/{rel}","templated":true}]}}