{"id":96439,"date":"2024-12-27T03:43:30","date_gmt":"2024-12-27T00:50:45","guid":{"rendered":"https:\/\/factory.sale\/?post_type=product&#038;p=96439"},"modified":"2025-08-17T21:41:55","modified_gmt":"2025-08-17T18:41:55","slug":"tadelakt","status":"publish","type":"product","link":"https:\/\/factory.sale\/et\/toode\/tadelakt\/","title":{"rendered":"UKU Tadelakt"},"content":{"rendered":"<p>UKU Tadelakt on elegantne lubikrohv, mis loob sileda ja vetth\u00fclgava pinna, v\u00f5imaldades katta seinad vuugivabalt ja pakkudes suurep\u00e4rast alternatiivi keraamilistele plaatidele. Selle erilise l\u00e4ikega siidjas pind \u00fchendab looduskivi tugevuse ja veekindluse, mist\u00f5ttu sobib tadelakt ideaalselt pindadele, mis puutuvad kokku otsese veega.<\/p>\n<p>See 100% looduslik dekoratiivkrohv on inspireeritud Maroko traditsioonidest. UKU tadelakt on Eesti toode, mis j\u00e4rgib tuhandeaastaseid eksootilisi tehnikaid ja mille tootmisel kasutatakse p\u00e4ikeseenergiat ning kohalikke looduslikke materjale.<\/p>\n<p>Tadelakt sobib kasutamiseks vannitubades ja du\u0161inurkades ning on populaarne valik ka elutubades ja kontorites.<\/p>\n<p>Tadelaktiga viimistletud pind on vetth\u00fclgav ja vuugivaba, mist\u00f5ttu sobib see suurep\u00e4raselt niisketesse ruumidesse, nagu du\u0161inurgad, vannid ja valamud. Tadelakt j\u00e4rgib aluspinna kuju, v\u00f5imaldades luua kumeraid pindu ning katta ni\u0161\u0161e ja eenduvaid elemente.<\/p>\n<p>Tadelakt on kreemjas kuivkrohvisegu, millele on vaja lisada vaid vett. V\u00e4rvimuldade lisamisega saab luua l\u00f5putu toonivaliku.<\/p>\n<p>Vetth\u00fclgava pinna saavutamiseks on oluline kasutada traditsioonilisi tadelakti t\u00f6\u00f6v\u00f5tteid ja -vahendeid, nagu poleerimiskivi ja oliivi\u00f5liseep. Tulemuseks on eksklusiivne ja kordumatu viimistlus.<\/p>\n<p>&nbsp;<\/p>\n<p>Sobivad aluspinnad: h\u00fcdrauliline lubirkohv V\u00e4rvus: valge, v\u00f5imalik toonida v\u00e4rvimuldadega<\/p>\n<p>&nbsp;<\/p>\n<p><strong>Tehniline teave:<\/strong><\/p>\n<p>Tera suurus: 0-1 mm<br \/>\nKulu: 3kg\/m\u00b2<br \/>\nPakend: 2,5 kg \u00e4mber, 10 kg \u00e4mber, 20 kg \u00e4mber<\/p>\n<p>&nbsp;<\/p>\n<p>&nbsp;<\/p>\n<p><a href=\"https:\/\/factory.sale\/wp-content\/uploads\/2024\/12\/Tadelakt.pdf\" target=\"_blank\" rel=\"noopener\">Kasutusjuhend<\/a><\/p>\n<p><a href=\"https:\/\/factory.sale\/wp-content\/uploads\/2024\/12\/ENG-Tadelakt.pdf\" target=\"_blank\" rel=\"noopener\">Toonikaart<\/a><\/p>\n<p>&nbsp;<\/p>\n<div class=\"video-wrapper \"><iframe loading=\"lazy\" title=\"Applying UKU Tadelakt (regular white with pigment)\" width=\"500\" height=\"281\" src=\"https:\/\/www.youtube.com\/embed\/oCEpCE-rhUo?feature=oembed\" frameborder=\"0\" allow=\"accelerometer; autoplay; clipboard-write; encrypted-media; gyroscope; picture-in-picture; web-share\" referrerpolicy=\"strict-origin-when-cross-origin\" allowfullscreen><\/iframe><\/div>\n","protected":false},"excerpt":{"rendered":"<p>UKU Tadelakt on elegantne lubikrohv, mis loob sileda ja vetth\u00fclgava pinna, v\u00f5imaldades katta seinad vuugivabalt ja pakkudes suurep\u00e4rast alternatiivi keraamilistele plaatidele. Selle erilise l\u00e4ikega siidjas pind \u00fchendab looduskivi tugevuse ja veekindluse, mist\u00f5ttu sobib tadelakt ideaalselt pindadele, mis puutuvad kokku otsese veega.<\/p>\n","protected":false},"featured_media":96424,"comment_status":"open","ping_status":"closed","template":"","meta":{"_acf_changed":false},"factory":[],"free-shipment":[],"product_brand":[4557],"product_cat":[3472,814],"product_tag":[],"class_list":{"0":"post-96439","1":"product","2":"type-product","3":"status-publish","4":"has-post-thumbnail","6":"product_brand-uku","7":"product_cat-looduslikud-ehituslahendused","8":"product_cat-uldehitus","10":"first","11":"instock","12":"sale","13":"taxable","14":"shipping-taxable","15":"purchasable","16":"product-type-simple"},"acf":[],"_links":{"self":[{"href":"https:\/\/factory.sale\/et\/wp-json\/wp\/v2\/product\/96439","targetHints":{"allow":["GET"]}}],"collection":[{"href":"https:\/\/factory.sale\/et\/wp-json\/wp\/v2\/product"}],"about":[{"href":"https:\/\/factory.sale\/et\/wp-json\/wp\/v2\/types\/product"}],"replies":[{"embeddable":true,"href":"https:\/\/factory.sale\/et\/wp-json\/wp\/v2\/comments?post=96439"}],"wp:featuredmedia":[{"embeddable":true,"href":"https:\/\/factory.sale\/et\/wp-json\/wp\/v2\/media\/96424"}],"wp:attachment":[{"href":"https:\/\/factory.sale\/et\/wp-json\/wp\/v2\/media?parent=96439"}],"wp:term":[{"taxonomy":"factory","embeddable":true,"href":"https:\/\/factory.sale\/et\/wp-json\/wp\/v2\/factory?post=96439"},{"taxonomy":"free-shipment","embeddable":true,"href":"https:\/\/factory.sale\/et\/wp-json\/wp\/v2\/free-shipment?post=96439"},{"taxonomy":"product_brand","embeddable":true,"href":"https:\/\/factory.sale\/et\/wp-json\/wp\/v2\/product_brand?post=96439"},{"taxonomy":"product_cat","embeddable":true,"href":"https:\/\/factory.sale\/et\/wp-json\/wp\/v2\/product_cat?post=96439"},{"taxonomy":"product_tag","embeddable":true,"href":"https:\/\/factory.sale\/et\/wp-json\/wp\/v2\/product_tag?post=96439"}],"curies":[{"name":"wp","href":"https:\/\/api.w.org\/{rel}","templated":true}]}}