{"id":96414,"date":"2024-12-27T03:11:59","date_gmt":"2024-12-27T00:23:27","guid":{"rendered":"https:\/\/factory.sale\/?post_type=product&#038;p=96414"},"modified":"2025-08-15T12:40:18","modified_gmt":"2025-08-15T09:40:18","slug":"lubi-stucco","status":"publish","type":"product","link":"https:\/\/factory.sale\/et\/toode\/lubi-stucco\/","title":{"rendered":"UKU Lubi Stucco"},"content":{"rendered":"<p>UKU Lubi stucco on l\u00e4ikepahtel, millega saab luua peaaegu peeglisarnase sileda ja efektse pinna. Pigmentidega segades on v\u00f5imalus luua l\u00f5putu valik erinevaid toone. Lubi l\u00e4ikepahtlit kasutatakse peamiselt lubikrohvide ja teiste mineraalkrohvide viimistlemiseks siseruumides, sealhulgas niisketes ruumides, nagu vannituba v\u00f5i du\u0161iruum.<\/p>\n<p>Lubi stucco on kui kunstiteos-selle siidjas pinnas peegelduv muster loob luksusliku atmosf\u00e4\u00e4ri vaid m\u00f5ne \u00f5hukese kihiga.<\/p>\n<p>Lubi stucco on pritsmekindel ja vett h\u00fclgav 100% looduslik lubipahtel, mis sobib allergikutele ja on vaba kahjulikest lenduvatest orgaanilistest \u00fchenditest.<\/p>\n<p>See Veneetsia stucco-lustro tehnikast inspireeritud materjal sobib ideaalselt siseruumidesse, sealhulgas ka niisketesse ruumidesse. Stuccot on v\u00e4ga kerge hooldada ja selle eluiga ulatub sadadesse aastatesse.<\/p>\n<p>&nbsp;<\/p>\n<p><strong>Sobivad aluspinnad:<\/strong><\/p>\n<p>Kipsplaat (Knauf, Fermacell) lauspahteldatud.<br \/>\nKrohvipinnad (lubikrohv, mineraalkrohvid)<\/p>\n<p>&nbsp;<\/p>\n<p>&nbsp;<\/p>\n<p><strong>Tehnilised andmed:<\/strong><\/p>\n<ul>\n<li>V\u00e4rvus: valge, v\u00f5imalik toonida v\u00e4rvimuldadega<\/li>\n<li>Tera suurus: 0\u20130,2mm<\/li>\n<li>Kulu: 0,4-0,6kg\/m\u00b2<\/li>\n<li>Pakend: 1kg \u00e4mber, 5kg \u00e4mber, 10kg \u00e4mber<\/li>\n<\/ul>\n<p>&nbsp;<\/p>\n<p>&nbsp;<\/p>\n<p><a href=\"https:\/\/factory.sale\/wp-content\/uploads\/2024\/12\/Lubi-stucco-est.pdf\" target=\"_blank\" rel=\"noopener\">Kasutusjuhend<\/a><\/p>\n<p><a href=\"https:\/\/factory.sale\/wp-content\/uploads\/2024\/12\/ENG-Lime-Stucco.pdf\" target=\"_blank\" rel=\"noopener\">Toonikaart<\/a><\/p>\n","protected":false},"excerpt":{"rendered":"<p>Lubi stucco on l\u00e4ikepahtel, millega saab luua peaaegu peeglisarnase sileda ja efektse pinna. Pigmentidega segades on v\u00f5imalus luua l\u00f5putu valik erinevaid toone. Lubi l\u00e4ikepahtlit kasutatakse peamiselt lubikrohvide ja teiste mineraalkrohvide viimistlemiseks siseruumides, sealhulgas niisketes ruumides, nagu vannituba v\u00f5i du\u0161iruum.<\/p>\n","protected":false},"featured_media":96406,"comment_status":"open","ping_status":"closed","template":"","meta":{"_acf_changed":false},"factory":[],"free-shipment":[],"product_brand":[4557],"product_cat":[3472,814],"product_tag":[],"class_list":{"0":"post-96414","1":"product","2":"type-product","3":"status-publish","4":"has-post-thumbnail","6":"product_brand-uku","7":"product_cat-looduslikud-ehituslahendused","8":"product_cat-uldehitus","10":"first","11":"instock","12":"sale","13":"taxable","14":"shipping-taxable","15":"purchasable","16":"product-type-simple"},"acf":[],"_links":{"self":[{"href":"https:\/\/factory.sale\/et\/wp-json\/wp\/v2\/product\/96414","targetHints":{"allow":["GET"]}}],"collection":[{"href":"https:\/\/factory.sale\/et\/wp-json\/wp\/v2\/product"}],"about":[{"href":"https:\/\/factory.sale\/et\/wp-json\/wp\/v2\/types\/product"}],"replies":[{"embeddable":true,"href":"https:\/\/factory.sale\/et\/wp-json\/wp\/v2\/comments?post=96414"}],"wp:featuredmedia":[{"embeddable":true,"href":"https:\/\/factory.sale\/et\/wp-json\/wp\/v2\/media\/96406"}],"wp:attachment":[{"href":"https:\/\/factory.sale\/et\/wp-json\/wp\/v2\/media?parent=96414"}],"wp:term":[{"taxonomy":"factory","embeddable":true,"href":"https:\/\/factory.sale\/et\/wp-json\/wp\/v2\/factory?post=96414"},{"taxonomy":"free-shipment","embeddable":true,"href":"https:\/\/factory.sale\/et\/wp-json\/wp\/v2\/free-shipment?post=96414"},{"taxonomy":"product_brand","embeddable":true,"href":"https:\/\/factory.sale\/et\/wp-json\/wp\/v2\/product_brand?post=96414"},{"taxonomy":"product_cat","embeddable":true,"href":"https:\/\/factory.sale\/et\/wp-json\/wp\/v2\/product_cat?post=96414"},{"taxonomy":"product_tag","embeddable":true,"href":"https:\/\/factory.sale\/et\/wp-json\/wp\/v2\/product_tag?post=96414"}],"curies":[{"name":"wp","href":"https:\/\/api.w.org\/{rel}","templated":true}]}}