{"id":96375,"date":"2024-12-27T02:02:20","date_gmt":"2024-12-26T23:07:28","guid":{"rendered":"https:\/\/factory.sale\/?post_type=product&#038;p=96375"},"modified":"2024-12-27T02:37:20","modified_gmt":"2024-12-26T23:37:20","slug":"savi-marmorino","status":"publish","type":"product","link":"https:\/\/factory.sale\/et\/toode\/savi-marmorino\/","title":{"rendered":"Savi marmorino"},"content":{"rendered":"<p>Savi marmorino pahtel on keskkonnas\u00f5bralik ja j\u00e4tkusuutlik valik sisekujunduses. Juba paari \u00f5hukese kihiga on v\u00f5imalik saavutada matt v\u00f5i satiinse l\u00e4ikega viimistlus.<\/p>\n<p>Marmorino pahtel on tehtud k\u00f5rgekvaliteetsetest kohalikest mineraalsetest materjalidest, mis on mittetoksilised ja ohutud nii keskkonnale kui ka inimeste tervisele ja selle valmistamiseks on inspiratsiooni saadud ajaloolisest luksuslikust Veneetsia meistrite poolt v\u00e4ljat\u00f6\u00f6tatud marmorit ja looduslikku kivi imiteerivast viimistlustehnikast.<\/p>\n<p>&nbsp;<\/p>\n<p>Savi marmorino on satiinse viimistlusega pahtel, mis imiteerib looduskivi ja marmori pinda, luues kauni ja elegantse atmosf\u00e4\u00e4ri.<\/p>\n<p>Savi Marmorino on antibakteriaalne ning hallituse teket p\u00e4rssiv viimistluspahtel, mis sobib allergikutele, on antistaatiline, vaba kahjulikest saasteainetest ja lenduvatest orgaanilistest \u00fchenditest (VOC).<\/p>\n<p>UKU Savi Marmorino on v\u00e4ga hea pinnatugevuse ja nakkuvusega. Lisaks on see hingav materjal, mis reguleerib ruumi niiskustaset, aidates s\u00e4ilitada tervislikku keskkonda.<\/p>\n<p>&nbsp;<\/p>\n<p><strong>Sobivad aluspinnad:<\/strong> Sobib k\u00f5ikidele imavatele krohvi- ja pahtlipindadele kuivades siseruumides.<\/p>\n<p>&nbsp;<\/p>\n<p><strong>Tehniline teave:<\/strong><\/p>\n<ul>\n<li>V\u00e4rvus: valge, lumivalge, oran\u017e, hall, sirel, kollane, punane, sinine, bee\u017e, karamell<\/li>\n<li>Tera suurus: 0\u20130,5mm<\/li>\n<li>Kulu: 800-1000g\/m2<\/li>\n<li>Pakend:<br \/>\n1kg \u00e4mber &#8211; 17,50 \u20ac (+KM)<br \/>\n5kg \u00e4mber &#8211; 55 \u20ac (+KM)<br \/>\n10kg \u00e4mber- 95 \u20ac (+KM)<\/li>\n<\/ul>\n<p>&nbsp;<\/p>\n<p>&nbsp;<\/p>\n<p>&nbsp;<\/p>\n<p><a href=\"https:\/\/factory.sale\/wp-content\/uploads\/2024\/12\/Clay-marmorino.pdf\" target=\"_blank\" rel=\"noopener\">Toote kasutusjuhend<\/a><\/p>\n","protected":false},"excerpt":{"rendered":"<p>Savi marmorino pahtel on keskkonnas\u00f5bralik ja j\u00e4tkusuutlik valik sisekujunduses. Juba paari \u00f5hukese kihiga on v\u00f5imalik saavutada matt v\u00f5i satiinse l\u00e4ikega viimistlus.<\/p>\n","protected":false},"featured_media":96366,"comment_status":"open","ping_status":"closed","template":"","meta":{"_acf_changed":false},"factory":[],"free-shipment":[],"product_brand":[],"product_cat":[3108,1756],"product_tag":[],"class_list":{"0":"post-96375","1":"product","2":"type-product","3":"status-publish","4":"has-post-thumbnail","6":"product_cat-savitooted","7":"product_cat-viimistlus-materjalid","9":"first","10":"instock","11":"sale","12":"taxable","13":"shipping-taxable","14":"purchasable","15":"product-type-simple"},"acf":[],"_links":{"self":[{"href":"https:\/\/factory.sale\/et\/wp-json\/wp\/v2\/product\/96375","targetHints":{"allow":["GET"]}}],"collection":[{"href":"https:\/\/factory.sale\/et\/wp-json\/wp\/v2\/product"}],"about":[{"href":"https:\/\/factory.sale\/et\/wp-json\/wp\/v2\/types\/product"}],"replies":[{"embeddable":true,"href":"https:\/\/factory.sale\/et\/wp-json\/wp\/v2\/comments?post=96375"}],"wp:featuredmedia":[{"embeddable":true,"href":"https:\/\/factory.sale\/et\/wp-json\/wp\/v2\/media\/96366"}],"wp:attachment":[{"href":"https:\/\/factory.sale\/et\/wp-json\/wp\/v2\/media?parent=96375"}],"wp:term":[{"taxonomy":"factory","embeddable":true,"href":"https:\/\/factory.sale\/et\/wp-json\/wp\/v2\/factory?post=96375"},{"taxonomy":"free-shipment","embeddable":true,"href":"https:\/\/factory.sale\/et\/wp-json\/wp\/v2\/free-shipment?post=96375"},{"taxonomy":"product_brand","embeddable":true,"href":"https:\/\/factory.sale\/et\/wp-json\/wp\/v2\/product_brand?post=96375"},{"taxonomy":"product_cat","embeddable":true,"href":"https:\/\/factory.sale\/et\/wp-json\/wp\/v2\/product_cat?post=96375"},{"taxonomy":"product_tag","embeddable":true,"href":"https:\/\/factory.sale\/et\/wp-json\/wp\/v2\/product_tag?post=96375"}],"curies":[{"name":"wp","href":"https:\/\/api.w.org\/{rel}","templated":true}]}}