{"id":96004,"date":"2024-12-15T13:07:24","date_gmt":"2024-12-15T10:11:42","guid":{"rendered":"https:\/\/factory.sale\/?post_type=product&#038;p=96004"},"modified":"2024-12-15T13:27:32","modified_gmt":"2024-12-15T10:27:32","slug":"harvia-moodulkorsten-whp-1500","status":"publish","type":"product","link":"https:\/\/factory.sale\/et\/toode\/harvia-moodulkorsten-whp-1500\/","title":{"rendered":"Harvia moodulkorsten WHP 1500"},"content":{"rendered":"<p>Harvia teraskorsten on stiilne korstnalahendus, mida on lihtne paigaldada. Teraskorsten talub suuri temperatuurik\u00f5ikumisi ja on m\u00f5eldud kasutamiseks ennek\u00f5ike p\u00fc\u00fckuttega keriste, v\u00e4iksemate kaminate ja kamin-piitidega eraldiseisvates saunahoonetes. Kuna v\u00e4liskest, sisetoru ja otsakatted on valmistatud roostevabast vastupidav ja oma v\u00e4limust s\u00e4ilitav.<\/p>\n<p>Teraskorstna stardipakend sisaldab: 1,5 meetrine teraskorsten (WHP1500) ning tarvikutekast, milles on 1,0 m isoleerimata suitsutoru, vihmam\u00fcts, kummist vihmakrae ja vihmakrae paigalduskomplekt, roostevabast terasest l\u00e4biviigukrae lakke ning teraskorstna l\u00e4biviigu isolatsioon. Teraskorstent on kerge pikendada 0,5 (WHP500) ja 1,0 (WHP1000) meetri pikkuste lisadetailidega. T\u00e4nu geniaalsele mehhanismile keeratakse lisadetailid \u00fcksteise k\u00fclge ning ka suitsutorud lukustuvad \u00fcksteisega t\u00e4nu torus olevatele soontele. Selliselt hoitakse \u00e4ra temperatuuri vaheldumistest tingitud liikumine. Siseruumis v\u00f5ib korstna paigaldada 3 meetri k\u00f5rgusele ilma toestuseta ning v\u00e4ljas on vastav k\u00f5rgus 2 m.<\/p>\n<p>Harvia teraskorstnaga \u00fchendatava tulekolde suitsugaaside nimitemperatuur tohib olla maks. 600 \u00baC. Teraskorstna v\u00e4limine l\u00e4bim\u00f5\u00f5t on 220 mm ja tuletoru l\u00e4bim\u00f5\u00f5t 115 mm. Teraskorstna ohutuskaugus p\u00f5levatest materjalidest on 100 mm. Harvia teraskorstnal on CE-m\u00e4rgistus ja seega vastab toode rahvusvahelistele tule- ja ohutust puudutavatele n\u00f5uetele. Teraskorsten on tahmap\u00f5lemisekindel. Lugege hoolikalt teraskorstna ja sellega \u00fchendatud kerise paigaldus ja kasutusjuhiseid.<\/p>\n<p>&nbsp;<\/p>\n<div class=\"sauna-page-hide-item\"><strong>Tehniline informatsioon:<\/strong><\/div>\n<div><\/div>\n<table class=\"sauna-table-properties\">\n<tbody>\n<tr>\n<td>Toote nimetus<\/td>\n<td class=\"sauna-properties-value-box \">Moodulkorsten<\/td>\n<\/tr>\n<tr>\n<td class=\"hightLight\">Tehasekood<\/td>\n<td class=\"sauna-properties-value-box hightLight\">WHP 1500<\/td>\n<\/tr>\n<tr>\n<td>Materjal<\/td>\n<td class=\"sauna-properties-value-box \">Roostevaba teras<\/td>\n<\/tr>\n<tr>\n<td class=\"hightLight\">Diameeter (mm)<\/td>\n<td class=\"sauna-properties-value-box hightLight\">115<\/td>\n<\/tr>\n<tr>\n<td>Materjali paksus (mm)<\/td>\n<td class=\"sauna-properties-value-box \">0,7<\/td>\n<\/tr>\n<\/tbody>\n<\/table>\n<p>&nbsp;<\/p>\n<p>&nbsp;<\/p>\n<p><a href=\"https:\/\/factory.sale\/wp-content\/uploads\/2024\/12\/manual_harvia_whp_eng_de.pdf\" target=\"_blank\" rel=\"noopener\">Kasutusjuhendi allalaadimiseks kliki siin<\/a><\/p>\n","protected":false},"excerpt":{"rendered":"<p>Vastupidav roostevabast terasest korsten puuk\u00fcttel ahjudele \u2013 Lihtne paigaldus ja CE-sertifikaat!<\/p>\n<p>Tutvu vastupidava ja lihtsalt paigaldatava roostevabast terasest korstnaga, mis on loodud puuk\u00fcttel ahjudele, kaminatele ja saunadele. Talub k\u00f5rgeid temperatuure kuni 600 \u00baC, omab CE-m\u00e4rgistust ning v\u00f5imaldab moodul-laiendusi kohandatud paigalduseks. Stiilne, vastupidav ja tahmap\u00f5lengukindel.<\/p>\n","protected":false},"featured_media":95990,"comment_status":"open","ping_status":"closed","template":"","meta":{"_acf_changed":false},"factory":[],"free-shipment":[],"product_brand":[],"product_cat":[4160,1028,784],"product_tag":[1443,811],"class_list":{"0":"post-96004","1":"product","2":"type-product","3":"status-publish","4":"has-post-thumbnail","6":"product_cat-korstnakomplektid","7":"product_cat-saunatarvikud","8":"product_cat-sanitaartehnika","9":"product_tag-harvia-et","10":"product_tag-sauna-et","12":"first","13":"instock","14":"sale","15":"taxable","16":"shipping-taxable","17":"purchasable","18":"product-type-simple"},"acf":[],"_links":{"self":[{"href":"https:\/\/factory.sale\/et\/wp-json\/wp\/v2\/product\/96004","targetHints":{"allow":["GET"]}}],"collection":[{"href":"https:\/\/factory.sale\/et\/wp-json\/wp\/v2\/product"}],"about":[{"href":"https:\/\/factory.sale\/et\/wp-json\/wp\/v2\/types\/product"}],"replies":[{"embeddable":true,"href":"https:\/\/factory.sale\/et\/wp-json\/wp\/v2\/comments?post=96004"}],"wp:featuredmedia":[{"embeddable":true,"href":"https:\/\/factory.sale\/et\/wp-json\/wp\/v2\/media\/95990"}],"wp:attachment":[{"href":"https:\/\/factory.sale\/et\/wp-json\/wp\/v2\/media?parent=96004"}],"wp:term":[{"taxonomy":"factory","embeddable":true,"href":"https:\/\/factory.sale\/et\/wp-json\/wp\/v2\/factory?post=96004"},{"taxonomy":"free-shipment","embeddable":true,"href":"https:\/\/factory.sale\/et\/wp-json\/wp\/v2\/free-shipment?post=96004"},{"taxonomy":"product_brand","embeddable":true,"href":"https:\/\/factory.sale\/et\/wp-json\/wp\/v2\/product_brand?post=96004"},{"taxonomy":"product_cat","embeddable":true,"href":"https:\/\/factory.sale\/et\/wp-json\/wp\/v2\/product_cat?post=96004"},{"taxonomy":"product_tag","embeddable":true,"href":"https:\/\/factory.sale\/et\/wp-json\/wp\/v2\/product_tag?post=96004"}],"curies":[{"name":"wp","href":"https:\/\/api.w.org\/{rel}","templated":true}]}}