{"id":95788,"date":"2024-12-06T23:40:52","date_gmt":"2024-12-06T20:46:36","guid":{"rendered":"https:\/\/factory.sale\/?post_type=product&#038;p=95788"},"modified":"2024-12-09T09:54:28","modified_gmt":"2024-12-09T06:54:28","slug":"misa-erm-toostuslik-elektrikeris-25-5-kw","status":"publish","type":"product","link":"https:\/\/factory.sale\/et\/toode\/misa-erm-toostuslik-elektrikeris-25-5-kw\/","title":{"rendered":"Misa ERM t\u00f6\u00f6stuslik elektrikeris 25,5 kW"},"content":{"rendered":"<p>Misa ERM t\u00f6\u00f6stuslik elektrikeris on parim valik ujulate, spaade ja asutuste saunadele.<\/p>\n<p>&nbsp;<\/p>\n<p><strong>Omadused:<\/strong><\/p>\n<p>Valmistatud Soomes: Soome kvaliteedim\u00e4rk &#8211; Misa ERM t\u00f6\u00f6stuslik elektrikeris.<br \/>\nVastupidavad materjalid: Peamiselt valmistatud roostevabast terasest ja varustatud tulekindlate k\u00fctteelementidega.<\/p>\n<p>&nbsp;<\/p>\n<p><strong>Garantii:<\/strong><\/p>\n<p>36-kuuline garantii kerisele ja k\u00fctteelementidele. Garantii kehtimiseks on vajalik kasutuselev\u00f5tuhooldus ja iga-aastane hooldus.<br \/>\nKasutada tuleb Kerkes-kive ja Misa ERM Logi juhtimiskeskust.<\/p>\n<p>&nbsp;<\/p>\n<p>&nbsp;<\/p>\n<p><strong>Tehnilised andmed:<\/strong><\/p>\n<p>Tootenumber: 12825<br \/>\nV\u00f5imsus: 25.5 kW<br \/>\nSobiv sauna suurus: 23 &#8211; 29 m\u00b3<br \/>\nM\u00f5\u00f5tmed:<br \/>\nLaius: 870 mm<br \/>\nS\u00fcgavus: 520 mm<br \/>\nK\u00f5rgus: 810 mm<br \/>\nKaal: 63 kg<br \/>\nKivide maht: 100 kg<br \/>\nK\u00fctteelementide arv: 15 tk<\/p>\n<p>&nbsp;<\/p>\n<p>&nbsp;<\/p>\n<p><a href=\"https:\/\/factory.sale\/wp-content\/uploads\/2024\/12\/Misa_Laitoskiukaat_Esite_2024.pdf\" target=\"_blank\" rel=\"noopener\">Laadi alla tooteleht \u2192 Misa ERM t\u00f6\u00f6stuslik elektrikeris<\/a><\/p>\n<p><a href=\"https:\/\/factory.sale\/wp-content\/uploads\/2024\/12\/RT-103637.pdf\" target=\"_blank\" rel=\"noopener\">Laadi alla PDF siit<\/a><\/p>\n<p>&nbsp;<\/p>\n<p>&nbsp;<\/p>\n","protected":false},"excerpt":{"rendered":"<p>Avasta Misa ERM t\u00f6\u00f6stuslik elektrikeris 25.5 kW, mis on loodud professionaalsetele saunadele ujulates, spaades ja asutustes. Vastupidav Soome k\u00e4sit\u00f6\u00f6 36-kuulise garantiiga, sobib saunadele suurusega 23 &#8211; 29 m\u00b3. Ideaalne k\u00f5rge j\u00f5udluse ja usaldusv\u00e4\u00e4rse saunakogemuse tagamiseks.<\/p>\n<p><img loading=\"lazy\" decoding=\"async\" class=\"alignnone size-medium wp-image-95779\" src=\"https:\/\/factory.sale\/wp-content\/uploads\/2024\/12\/finland-quality-factory.sale_-300x236.webp\" alt=\"\" width=\"300\" height=\"236\" srcset=\"https:\/\/factory.sale\/wp-content\/uploads\/2024\/12\/finland-quality-factory.sale_-300x236.webp 300w, https:\/\/factory.sale\/wp-content\/uploads\/2024\/12\/finland-quality-factory.sale_-150x118.webp 150w, https:\/\/factory.sale\/wp-content\/uploads\/2024\/12\/finland-quality-factory.sale_.webp 594w\" sizes=\"auto, (max-width: 300px) 100vw, 300px\" \/><\/p>\n","protected":false},"featured_media":95763,"comment_status":"open","ping_status":"closed","template":"","meta":{"_acf_changed":false},"factory":[],"free-shipment":[],"product_brand":[],"product_cat":[3428,306],"product_tag":[],"class_list":{"0":"post-95788","1":"product","2":"type-product","3":"status-publish","4":"has-post-thumbnail","6":"product_cat-misa-et","7":"product_cat-saunakerised","9":"first","10":"instock","11":"sale","12":"taxable","13":"shipping-taxable","14":"purchasable","15":"product-type-simple"},"acf":[],"_links":{"self":[{"href":"https:\/\/factory.sale\/et\/wp-json\/wp\/v2\/product\/95788","targetHints":{"allow":["GET"]}}],"collection":[{"href":"https:\/\/factory.sale\/et\/wp-json\/wp\/v2\/product"}],"about":[{"href":"https:\/\/factory.sale\/et\/wp-json\/wp\/v2\/types\/product"}],"replies":[{"embeddable":true,"href":"https:\/\/factory.sale\/et\/wp-json\/wp\/v2\/comments?post=95788"}],"wp:featuredmedia":[{"embeddable":true,"href":"https:\/\/factory.sale\/et\/wp-json\/wp\/v2\/media\/95763"}],"wp:attachment":[{"href":"https:\/\/factory.sale\/et\/wp-json\/wp\/v2\/media?parent=95788"}],"wp:term":[{"taxonomy":"factory","embeddable":true,"href":"https:\/\/factory.sale\/et\/wp-json\/wp\/v2\/factory?post=95788"},{"taxonomy":"free-shipment","embeddable":true,"href":"https:\/\/factory.sale\/et\/wp-json\/wp\/v2\/free-shipment?post=95788"},{"taxonomy":"product_brand","embeddable":true,"href":"https:\/\/factory.sale\/et\/wp-json\/wp\/v2\/product_brand?post=95788"},{"taxonomy":"product_cat","embeddable":true,"href":"https:\/\/factory.sale\/et\/wp-json\/wp\/v2\/product_cat?post=95788"},{"taxonomy":"product_tag","embeddable":true,"href":"https:\/\/factory.sale\/et\/wp-json\/wp\/v2\/product_tag?post=95788"}],"curies":[{"name":"wp","href":"https:\/\/api.w.org\/{rel}","templated":true}]}}